{"id":63400,"date":"2025-05-01T13:35:43","date_gmt":"2025-05-01T11:35:43","guid":{"rendered":"https:\/\/new.villa-arson.fr\/?page_id=63400"},"modified":"2025-05-02T20:31:49","modified_gmt":"2025-05-02T18:31:49","slug":"home","status":"publish","type":"page","link":"https:\/\/new.villa-arson.fr\/en\/","title":{"rendered":"home"},"content":{"rendered":"<div class=\"alignfull wp-block-expo-pour-homepage expo-block relative alignfull\" style=\"--bg: rgba(205,234,247,1); --bg-hover: rgba(205,234,247,0.5); color: #000000;\">\n       <a href=\"https:\/\/new.villa-arson.fr\/en\/programmation\/expositions\/becoming-ocean\/\">       <div class=\"expo-block__meta site-width\">\n        <div class=\"acf-innerblocks-container\">\n\n<h3 class=\"wp-block-heading\">Exhibition<\/h3>\n\n\n\n<h3 class=\"wp-block-heading\">08\/05\/2025 \u2013 24\/08\/2025<\/h3>\n\n\n\n<h1 class=\"wp-block-heading\">becoming ocean<\/h1>\n\n\n\n<h2 class=\"wp-block-heading\">a social conversation about the ocean<\/h2>\n\n<\/div>\n        <figure class=\"w-full lg:hidden h-24 grid-in-image\">\n          <img decoding=\"async\" width=\"300\" height=\"169\" src=\"https:\/\/villa-arson-assets.ams3.digitaloceanspaces.com\/production\/app\/uploads\/2025\/01\/03171956\/DianaPolicarpo_CiguaTales_2022_TheFourthDoor.mov-300x169.jpg\" class=\"w-full h-full object-cover\" alt=\"\" sizes=\"(max-width: 320px) 288px, (max-width: 375px) 343px, (max-width: 425px) 393px, (max-width: 540px) 493px, (max-width: 768px) 320px, (max-width: 999px) 435px, 288px\" srcset=\"https:\/\/villa-arson-assets.ams3.digitaloceanspaces.com\/production\/app\/uploads\/2025\/01\/03171956\/DianaPolicarpo_CiguaTales_2022_TheFourthDoor.mov-300x169.jpg 300w, https:\/\/villa-arson-assets.ams3.digitaloceanspaces.com\/production\/app\/uploads\/2025\/01\/03171956\/DianaPolicarpo_CiguaTales_2022_TheFourthDoor.mov-1024x576.jpg 1024w, https:\/\/villa-arson-assets.ams3.digitaloceanspaces.com\/production\/app\/uploads\/2025\/01\/03171956\/DianaPolicarpo_CiguaTales_2022_TheFourthDoor.mov-768x432.jpg 768w, https:\/\/villa-arson-assets.ams3.digitaloceanspaces.com\/production\/app\/uploads\/2025\/01\/03171956\/DianaPolicarpo_CiguaTales_2022_TheFourthDoor.mov-1536x864.jpg 1536w, https:\/\/villa-arson-assets.ams3.digitaloceanspaces.com\/production\/app\/uploads\/2025\/01\/03171956\/DianaPolicarpo_CiguaTales_2022_TheFourthDoor.mov-400x225.jpg 400w, https:\/\/villa-arson-assets.ams3.digitaloceanspaces.com\/production\/app\/uploads\/2025\/01\/03171956\/DianaPolicarpo_CiguaTales_2022_TheFourthDoor.mov-600x338.jpg 600w, https:\/\/villa-arson-assets.ams3.digitaloceanspaces.com\/production\/app\/uploads\/2025\/01\/03171956\/DianaPolicarpo_CiguaTales_2022_TheFourthDoor.mov.jpg 1920w\" \/>\n      <\/figure>\n      <\/div>\n     <\/a> \n    <div class=\"expo-block__images absolute right-0 left-0 top-0 bottom-0 -z-10\">      <figure class=\"expo-block__image margin-width absolute bottom-0 top-0 left-0 h-full hidden lg:block\">\n        <img decoding=\"async\" width=\"300\" height=\"225\" src=\"https:\/\/villa-arson-assets.ams3.digitaloceanspaces.com\/production\/app\/uploads\/2025\/01\/03180213\/AnneDukHeeJordan_Ziggy_and_the_starfish_2016-300x225.jpg\" class=\"left-image !h-full w-full object-cover\" alt=\"\" sizes=\"(max-width: 320px) 288px, (max-width: 375px) 343px, (max-width: 425px) 393px, (max-width: 540px) 493px, (max-width: 768px) 320px, (max-width: 999px) 435px, 288px\" srcset=\"https:\/\/villa-arson-assets.ams3.digitaloceanspaces.com\/production\/app\/uploads\/2025\/01\/03180213\/AnneDukHeeJordan_Ziggy_and_the_starfish_2016-300x225.jpg 300w, https:\/\/villa-arson-assets.ams3.digitaloceanspaces.com\/production\/app\/uploads\/2025\/01\/03180213\/AnneDukHeeJordan_Ziggy_and_the_starfish_2016-1024x768.jpg 1024w, https:\/\/villa-arson-assets.ams3.digitaloceanspaces.com\/production\/app\/uploads\/2025\/01\/03180213\/AnneDukHeeJordan_Ziggy_and_the_starfish_2016-768x576.jpg 768w, https:\/\/villa-arson-assets.ams3.digitaloceanspaces.com\/production\/app\/uploads\/2025\/01\/03180213\/AnneDukHeeJordan_Ziggy_and_the_starfish_2016-387x290.jpg 387w, https:\/\/villa-arson-assets.ams3.digitaloceanspaces.com\/production\/app\/uploads\/2025\/01\/03180213\/AnneDukHeeJordan_Ziggy_and_the_starfish_2016-600x450.jpg 600w, https:\/\/villa-arson-assets.ams3.digitaloceanspaces.com\/production\/app\/uploads\/2025\/01\/03180213\/AnneDukHeeJordan_Ziggy_and_the_starfish_2016.jpg 1440w\" \/>\n      <\/figure>\n      <figure class=\"expo-block__image absolute right-0 top-0 bottom-0 margin-width hidden lg:block\">\n        <img decoding=\"async\" width=\"300\" height=\"169\" src=\"https:\/\/villa-arson-assets.ams3.digitaloceanspaces.com\/production\/app\/uploads\/2025\/01\/03171956\/DianaPolicarpo_CiguaTales_2022_TheFourthDoor.mov-300x169.jpg\" class=\"right-image !h-full w-full object-cover\" alt=\"\" sizes=\"(max-width: 320px) 288px, (max-width: 375px) 343px, (max-width: 425px) 393px, (max-width: 540px) 493px, (max-width: 768px) 320px, (max-width: 999px) 435px, 288px\" srcset=\"https:\/\/villa-arson-assets.ams3.digitaloceanspaces.com\/production\/app\/uploads\/2025\/01\/03171956\/DianaPolicarpo_CiguaTales_2022_TheFourthDoor.mov-300x169.jpg 300w, https:\/\/villa-arson-assets.ams3.digitaloceanspaces.com\/production\/app\/uploads\/2025\/01\/03171956\/DianaPolicarpo_CiguaTales_2022_TheFourthDoor.mov-1024x576.jpg 1024w, https:\/\/villa-arson-assets.ams3.digitaloceanspaces.com\/production\/app\/uploads\/2025\/01\/03171956\/DianaPolicarpo_CiguaTales_2022_TheFourthDoor.mov-768x432.jpg 768w, https:\/\/villa-arson-assets.ams3.digitaloceanspaces.com\/production\/app\/uploads\/2025\/01\/03171956\/DianaPolicarpo_CiguaTales_2022_TheFourthDoor.mov-1536x864.jpg 1536w, https:\/\/villa-arson-assets.ams3.digitaloceanspaces.com\/production\/app\/uploads\/2025\/01\/03171956\/DianaPolicarpo_CiguaTales_2022_TheFourthDoor.mov-400x225.jpg 400w, https:\/\/villa-arson-assets.ams3.digitaloceanspaces.com\/production\/app\/uploads\/2025\/01\/03171956\/DianaPolicarpo_CiguaTales_2022_TheFourthDoor.mov-600x338.jpg 600w, https:\/\/villa-arson-assets.ams3.digitaloceanspaces.com\/production\/app\/uploads\/2025\/01\/03171956\/DianaPolicarpo_CiguaTales_2022_TheFourthDoor.mov.jpg 1920w\" \/>\n      <\/figure>\n        <\/div>\n      <\/div>\n\n\n<div class=\"alignfull wp-block-expo-pour-homepage expo-block relative alignfull\" style=\"--bg: rgba(48,172,178,1); --bg-hover: rgba(48,172,178,0.5); color: #000000;\">\n       <a href=\"https:\/\/new.villa-arson.fr\/en\/programmation\/expositions\/liquid-grounds\/\">       <div class=\"expo-block__meta site-width\">\n        <div class=\"acf-innerblocks-container\">\n\n<h3 class=\"wp-block-heading\">Exhibition <\/h3>\n\n\n\n<h3 class=\"wp-block-heading\">08\/05\/2025 \u2013 24\/08\/2025<\/h3>\n\n\n\n<h1 class=\"wp-block-heading\">liquid grounds<\/h1>\n\n\n\n<h2 class=\"wp-block-heading\">Saodat Ismailova, Elena Mazzi<\/h2>\n\n<\/div>\n        <figure class=\"w-full lg:hidden h-24 grid-in-image\">\n          <img decoding=\"async\" width=\"300\" height=\"157\" src=\"https:\/\/villa-arson-assets.ams3.digitaloceanspaces.com\/production\/app\/uploads\/2025\/04\/10145549\/Sans-titre-5-300x157.jpeg\" class=\"w-full h-full object-cover\" alt=\"\" sizes=\"(max-width: 320px) 288px, (max-width: 375px) 343px, (max-width: 425px) 393px, (max-width: 540px) 493px, (max-width: 768px) 320px, (max-width: 999px) 435px, 288px\" srcset=\"https:\/\/villa-arson-assets.ams3.digitaloceanspaces.com\/production\/app\/uploads\/2025\/04\/10145549\/Sans-titre-5-300x157.jpeg 300w, https:\/\/villa-arson-assets.ams3.digitaloceanspaces.com\/production\/app\/uploads\/2025\/04\/10145549\/Sans-titre-5-400x209.jpeg 400w, https:\/\/villa-arson-assets.ams3.digitaloceanspaces.com\/production\/app\/uploads\/2025\/04\/10145549\/Sans-titre-5.jpeg 573w\" \/>\n      <\/figure>\n      <\/div>\n     <\/a> \n    <div class=\"expo-block__images absolute right-0 left-0 top-0 bottom-0 -z-10\">      <figure class=\"expo-block__image margin-width absolute bottom-0 top-0 left-0 h-full hidden lg:block\">\n        <img decoding=\"async\" width=\"300\" height=\"200\" src=\"https:\/\/villa-arson-assets.ams3.digitaloceanspaces.com\/production\/app\/uploads\/2025\/04\/10091251\/Self-portait-with-a-whale-backpack_alta-300x200.jpg\" class=\"left-image !h-full w-full object-cover\" alt=\"\" sizes=\"(max-width: 320px) 288px, (max-width: 375px) 343px, (max-width: 425px) 393px, (max-width: 540px) 493px, (max-width: 768px) 320px, (max-width: 999px) 435px, 288px\" srcset=\"https:\/\/villa-arson-assets.ams3.digitaloceanspaces.com\/production\/app\/uploads\/2025\/04\/10091251\/Self-portait-with-a-whale-backpack_alta-300x200.jpg 300w, https:\/\/villa-arson-assets.ams3.digitaloceanspaces.com\/production\/app\/uploads\/2025\/04\/10091251\/Self-portait-with-a-whale-backpack_alta-1024x683.jpg 1024w, https:\/\/villa-arson-assets.ams3.digitaloceanspaces.com\/production\/app\/uploads\/2025\/04\/10091251\/Self-portait-with-a-whale-backpack_alta-768x512.jpg 768w, https:\/\/villa-arson-assets.ams3.digitaloceanspaces.com\/production\/app\/uploads\/2025\/04\/10091251\/Self-portait-with-a-whale-backpack_alta-391x260.jpg 391w, https:\/\/villa-arson-assets.ams3.digitaloceanspaces.com\/production\/app\/uploads\/2025\/04\/10091251\/Self-portait-with-a-whale-backpack_alta-1536x1024.jpg 1536w, https:\/\/villa-arson-assets.ams3.digitaloceanspaces.com\/production\/app\/uploads\/2025\/04\/10091251\/Self-portait-with-a-whale-backpack_alta-400x267.jpg 400w, https:\/\/villa-arson-assets.ams3.digitaloceanspaces.com\/production\/app\/uploads\/2025\/04\/10091251\/Self-portait-with-a-whale-backpack_alta-600x400.jpg 600w, https:\/\/villa-arson-assets.ams3.digitaloceanspaces.com\/production\/app\/uploads\/2025\/04\/10091251\/Self-portait-with-a-whale-backpack_alta.jpg 1920w\" \/>\n      <\/figure>\n      <figure class=\"expo-block__image absolute right-0 top-0 bottom-0 margin-width hidden lg:block\">\n        <img decoding=\"async\" width=\"300\" height=\"157\" src=\"https:\/\/villa-arson-assets.ams3.digitaloceanspaces.com\/production\/app\/uploads\/2025\/04\/10145549\/Sans-titre-5-300x157.jpeg\" class=\"right-image !h-full w-full object-cover\" alt=\"\" sizes=\"(max-width: 320px) 288px, (max-width: 375px) 343px, (max-width: 425px) 393px, (max-width: 540px) 493px, (max-width: 768px) 320px, (max-width: 999px) 435px, 288px\" srcset=\"https:\/\/villa-arson-assets.ams3.digitaloceanspaces.com\/production\/app\/uploads\/2025\/04\/10145549\/Sans-titre-5-300x157.jpeg 300w, https:\/\/villa-arson-assets.ams3.digitaloceanspaces.com\/production\/app\/uploads\/2025\/04\/10145549\/Sans-titre-5-400x209.jpeg 400w, https:\/\/villa-arson-assets.ams3.digitaloceanspaces.com\/production\/app\/uploads\/2025\/04\/10145549\/Sans-titre-5.jpeg 573w\" \/>\n      <\/figure>\n        <\/div>\n      <\/div>\n\n\n<div class=\"aligncenter wp-block-agenda\">\n    <\/div>\n\n\n<div class=\"wp-block-liste-des-posts\">\n      <div>\n      <div class=\"acf-innerblocks-container\">\n\n<h3 class=\"wp-block-heading\">Actualit\u00e9s<\/h3>\n\n<\/div>\n    <\/div>\n              <article class=\"post-63815 post type-post status-publish format-standard has-post-thumbnail hentry category-alumni-en category-partnerships tag-alumni-en tag-international-en tag-residence-en\">\n      <div>\n        <div class=\"md:grid grid-cols-postgrid gap-5 mb-5 post-list__item\">\n          <div class=\"ratio-1-1 w-2\/3 md:w-full\">\n            <figure>\n            <img decoding=\"async\" width=\"300\" height=\"300\" src=\"https:\/\/villa-arson-assets.ams3.digitaloceanspaces.com\/production\/app\/uploads\/2024\/11\/12131741\/vignette-300x300.jpg\" class=\" wp-post-image\" alt=\"\" sizes=\"(max-width: 320px) 288px, (max-width: 375px) 343px, (max-width: 425px) 393px, (max-width: 540px) 493px, (max-width: 768px) 640px, (max-width: 999px) 870px, 493px\" srcset=\"https:\/\/villa-arson-assets.ams3.digitaloceanspaces.com\/production\/app\/uploads\/2024\/11\/12131741\/vignette-300x300.jpg 300w, https:\/\/villa-arson-assets.ams3.digitaloceanspaces.com\/production\/app\/uploads\/2024\/11\/12131741\/vignette-1024x1024.jpg 1024w, https:\/\/villa-arson-assets.ams3.digitaloceanspaces.com\/production\/app\/uploads\/2024\/11\/12131741\/vignette-150x150.jpg 150w, https:\/\/villa-arson-assets.ams3.digitaloceanspaces.com\/production\/app\/uploads\/2024\/11\/12131741\/vignette-768x768.jpg 768w, https:\/\/villa-arson-assets.ams3.digitaloceanspaces.com\/production\/app\/uploads\/2024\/11\/12131741\/vignette-500x500.jpg 500w, https:\/\/villa-arson-assets.ams3.digitaloceanspaces.com\/production\/app\/uploads\/2024\/11\/12131741\/vignette-1536x1536.jpg 1536w, https:\/\/villa-arson-assets.ams3.digitaloceanspaces.com\/production\/app\/uploads\/2024\/11\/12131741\/vignette-290x290.jpg 290w, https:\/\/villa-arson-assets.ams3.digitaloceanspaces.com\/production\/app\/uploads\/2024\/11\/12131741\/vignette-600x600.jpg 600w, https:\/\/villa-arson-assets.ams3.digitaloceanspaces.com\/production\/app\/uploads\/2024\/11\/12131741\/vignette-100x100.jpg 100w, https:\/\/villa-arson-assets.ams3.digitaloceanspaces.com\/production\/app\/uploads\/2024\/11\/12131741\/vignette.jpg 1920w\" \/>\n            <\/figure>\n            <div class=\"hover-overlay top-0 left-0 right-0 bottom-0 hidden w-full h-full absolute\"><\/div>\n          <\/div>\n          <div class=\"border-primary-base border-b\">\n          <a href=\"https:\/\/new.villa-arson.fr\/en\/actualites\/2025\/05\/residence-the-winners-of-the-magnetic-3-program\/\">\n            <header class=\"postgrid-header\">\n              <h2 class=\"font-arsonists lowercase text-4xl mb-0 text-left mt-5 md:mt-0\">residence: the winners of the Magnetic 3 program<\/h2>\n            <\/header>\n            <p>\n              For its third edition, the Magnetic program has selected artist Emilia Beatriz for a residency at Villa Arson and Violaine Barrois for a residency at Cove Park.  \n            <\/p>\n            <div class=\"wp-block-button alignleft simple-link\">\n              <p class=\"wp-block-button__link\">Lire la suite<\/p>\n            <\/div>\n          <\/a>\n          <\/div>\n        <\/div>\n    <\/div>\n<\/article>\n              <article class=\"post-63815 post type-post status-publish format-standard has-post-thumbnail hentry category-alumni-en category-partnerships tag-alumni-en tag-international-en tag-residence-en\">\n      <div>\n        <div class=\"md:grid grid-cols-postgrid gap-5 mb-5 post-list__item\">\n          <div class=\"ratio-1-1 w-2\/3 md:w-full\">\n            <figure>\n            <img decoding=\"async\" width=\"206\" height=\"300\" src=\"https:\/\/villa-arson-assets.ams3.digitaloceanspaces.com\/production\/app\/uploads\/2025\/01\/15153334\/Capture-decran-2025-01-14-a-15.46.55-206x300.jpg\" class=\" wp-post-image\" alt=\"\" sizes=\"(max-width: 320px) 288px, (max-width: 375px) 343px, (max-width: 425px) 393px, (max-width: 540px) 493px, (max-width: 768px) 640px, (max-width: 999px) 870px, 493px\" srcset=\"https:\/\/villa-arson-assets.ams3.digitaloceanspaces.com\/production\/app\/uploads\/2025\/01\/15153334\/Capture-decran-2025-01-14-a-15.46.55-206x300.jpg 206w, https:\/\/villa-arson-assets.ams3.digitaloceanspaces.com\/production\/app\/uploads\/2025\/01\/15153334\/Capture-decran-2025-01-14-a-15.46.55-701x1024.jpg 701w, https:\/\/villa-arson-assets.ams3.digitaloceanspaces.com\/production\/app\/uploads\/2025\/01\/15153334\/Capture-decran-2025-01-14-a-15.46.55-768x1121.jpg 768w, https:\/\/villa-arson-assets.ams3.digitaloceanspaces.com\/production\/app\/uploads\/2025\/01\/15153334\/Capture-decran-2025-01-14-a-15.46.55-199x290.jpg 199w, https:\/\/villa-arson-assets.ams3.digitaloceanspaces.com\/production\/app\/uploads\/2025\/01\/15153334\/Capture-decran-2025-01-14-a-15.46.55-600x876.jpg 600w, https:\/\/villa-arson-assets.ams3.digitaloceanspaces.com\/production\/app\/uploads\/2025\/01\/15153334\/Capture-decran-2025-01-14-a-15.46.55.jpg 896w\" \/>\n            <\/figure>\n            <div class=\"hover-overlay top-0 left-0 right-0 bottom-0 hidden w-full h-full absolute\"><\/div>\n          <\/div>\n          <div class=\"border-primary-base border-b\">\n          <a href=\"https:\/\/new.villa-arson.fr\/en\/actualites\/2025\/05\/launch-of-the-la-surface-demange-collection\/\">\n            <header class=\"postgrid-header\">\n              <h2 class=\"font-arsonists lowercase text-4xl mb-0 text-left mt-5 md:mt-0\">Launch of the La surface d\u00e9mange collection<\/h2>\n            <\/header>\n            <p>\n              Villa Arson is delighted to announce the launch of its &#8220;La surface d\u00e9mange&#8221; collection, with the publication of two books: Espaces p\u00e9dagogiques alternatifs: de l&#8217;utopie \u00e0 l&#8217;institutionnalisation by Anna Colin, and F\u00e9minisme et p\u00e9dagogie au c\u0153ur des formations artistiques: 40 ans d&#8217;exp\u00e9rience by Griselda Pollock. These two books are also published in English in partnership with Sternberg Press &#8211; The MIT Press. \n            <\/p>\n            <div class=\"wp-block-button alignleft simple-link\">\n              <p class=\"wp-block-button__link\">Lire la suite<\/p>\n            <\/div>\n          <\/a>\n          <\/div>\n        <\/div>\n    <\/div>\n<\/article>\n              <article class=\"post-63815 post type-post status-publish format-standard has-post-thumbnail hentry category-alumni-en category-partnerships tag-alumni-en tag-international-en tag-residence-en\">\n      <div>\n        <div class=\"md:grid grid-cols-postgrid gap-5 mb-5 post-list__item\">\n          <div class=\"ratio-1-1 w-2\/3 md:w-full\">\n            <figure>\n            <img decoding=\"async\" width=\"200\" height=\"300\" src=\"https:\/\/villa-arson-assets.ams3.digitaloceanspaces.com\/production\/app\/uploads\/2024\/09\/03095557\/yemsi-200x300.jpg\" class=\" wp-post-image\" alt=\"\" sizes=\"(max-width: 320px) 288px, (max-width: 375px) 343px, (max-width: 425px) 393px, (max-width: 540px) 493px, (max-width: 768px) 640px, (max-width: 999px) 870px, 493px\" srcset=\"https:\/\/villa-arson-assets.ams3.digitaloceanspaces.com\/production\/app\/uploads\/2024\/09\/03095557\/yemsi-200x300.jpg 200w, https:\/\/villa-arson-assets.ams3.digitaloceanspaces.com\/production\/app\/uploads\/2024\/09\/03095557\/yemsi-682x1024.jpg 682w, https:\/\/villa-arson-assets.ams3.digitaloceanspaces.com\/production\/app\/uploads\/2024\/09\/03095557\/yemsi-768x1153.jpg 768w, https:\/\/villa-arson-assets.ams3.digitaloceanspaces.com\/production\/app\/uploads\/2024\/09\/03095557\/yemsi-1023x1536.jpg 1023w, https:\/\/villa-arson-assets.ams3.digitaloceanspaces.com\/production\/app\/uploads\/2024\/09\/03095557\/yemsi-193x290.jpg 193w, https:\/\/villa-arson-assets.ams3.digitaloceanspaces.com\/production\/app\/uploads\/2024\/09\/03095557\/yemsi-600x901.jpg 600w, https:\/\/villa-arson-assets.ams3.digitaloceanspaces.com\/production\/app\/uploads\/2024\/09\/03095557\/yemsi.jpg 1279w\" \/>\n            <\/figure>\n            <div class=\"hover-overlay top-0 left-0 right-0 bottom-0 hidden w-full h-full absolute\"><\/div>\n          <\/div>\n          <div class=\"border-primary-base border-b\">\n          <a href=\"https:\/\/new.villa-arson.fr\/en\/actualites\/2025\/05\/marie-ann-yemsi-new-director-of-the-centre-dart\/\">\n            <header class=\"postgrid-header\">\n              <h2 class=\"font-arsonists lowercase text-4xl mb-0 text-left mt-5 md:mt-0\">Marie-Ann Yemsi, new director of the Centre d&#8217;Art<\/h2>\n            <\/header>\n            <p>\n              Sylvain Lizon, Director of EPA Villa Arson, is delighted to announce the appointment of Marie-Ann Yemsi as Director of the Villa Arson art center. Marie-Ann Yemsi&#8217;s project for the Villa Arson art center is entitled &#8220;Faire Monde(s)&#8221;, and aims to &#8220;reaffirm the place of art as an essential, shared asset&#8221;. \n            <\/p>\n            <div class=\"wp-block-button alignleft simple-link\">\n              <p class=\"wp-block-button__link\">Lire la suite<\/p>\n            <\/div>\n          <\/a>\n          <\/div>\n        <\/div>\n    <\/div>\n<\/article>\n              <article class=\"post-63815 post type-post status-publish format-standard has-post-thumbnail hentry category-alumni-en category-partnerships tag-alumni-en tag-international-en tag-residence-en\">\n      <div>\n        <div class=\"md:grid grid-cols-postgrid gap-5 mb-5 post-list__item\">\n          <div class=\"ratio-1-1 w-2\/3 md:w-full\">\n            <figure>\n            <img decoding=\"async\" width=\"300\" height=\"272\" src=\"https:\/\/villa-arson-assets.ams3.digitaloceanspaces.com\/production\/app\/uploads\/2024\/11\/12151107\/image0-300x272.jpeg\" class=\" wp-post-image\" alt=\"\" sizes=\"(max-width: 320px) 288px, (max-width: 375px) 343px, (max-width: 425px) 393px, (max-width: 540px) 493px, (max-width: 768px) 640px, (max-width: 999px) 870px, 493px\" srcset=\"https:\/\/villa-arson-assets.ams3.digitaloceanspaces.com\/production\/app\/uploads\/2024\/11\/12151107\/image0-300x272.jpeg 300w, https:\/\/villa-arson-assets.ams3.digitaloceanspaces.com\/production\/app\/uploads\/2024\/11\/12151107\/image0-319x290.jpeg 319w, https:\/\/villa-arson-assets.ams3.digitaloceanspaces.com\/production\/app\/uploads\/2024\/11\/12151107\/image0-600x545.jpeg 600w, https:\/\/villa-arson-assets.ams3.digitaloceanspaces.com\/production\/app\/uploads\/2024\/11\/12151107\/image0.jpeg 640w\" \/>\n            <\/figure>\n            <div class=\"hover-overlay top-0 left-0 right-0 bottom-0 hidden w-full h-full absolute\"><\/div>\n          <\/div>\n          <div class=\"border-primary-base border-b\">\n          <a href=\"https:\/\/new.villa-arson.fr\/en\/actualites\/2025\/05\/gil-lekh-winner-of-the-miramar-2024-program\/\">\n            <header class=\"postgrid-header\">\n              <h2 class=\"font-arsonists lowercase text-4xl mb-0 text-left mt-5 md:mt-0\">Gil Lekh, winner of the Miramar 2024 program<\/h2>\n            <\/header>\n            <p>\n              Winner of the Miramar 2024 residency program, Gil Lekh, a 2023 Villa Arson graduate, is in residence at Le 18, Marrakech from October 11 to November 22, 2024.\n            <\/p>\n            <div class=\"wp-block-button alignleft simple-link\">\n              <p class=\"wp-block-button__link\">Lire la suite<\/p>\n            <\/div>\n          <\/a>\n          <\/div>\n        <\/div>\n    <\/div>\n<\/article>\n          <\/ul>\n  <\/div>\n\n\n<div class=\"wp-block-liste-des-posts\">\n  <\/div>\n","protected":false},"excerpt":{"rendered":"<p>A school, a library, exhibitions, research, residencies, remarkable architecture and gardens.<\/p>\n","protected":false},"author":1,"featured_media":58385,"parent":0,"menu_order":0,"comment_status":"closed","ping_status":"closed","template":"","meta":{"_acf_changed":false,"_relevanssi_hide_post":"","_relevanssi_hide_content":"","_relevanssi_pin_for_all":"","_relevanssi_pin_keywords":"","_relevanssi_unpin_keywords":"","_relevanssi_related_keywords":"","_relevanssi_related_include_ids":"","_relevanssi_related_exclude_ids":"","_relevanssi_related_no_append":"","_relevanssi_related_not_related":"","_relevanssi_related_posts":"54293","_relevanssi_noindex_reason":"","footnotes":""},"class_list":["post-63400","page","type-page","status-publish","has-post-thumbnail","hentry"],"acf":[],"_links":{"self":[{"href":"https:\/\/new.villa-arson.fr\/en\/wp-json\/wp\/v2\/pages\/63400","targetHints":{"allow":["GET"]}}],"collection":[{"href":"https:\/\/new.villa-arson.fr\/en\/wp-json\/wp\/v2\/pages"}],"about":[{"href":"https:\/\/new.villa-arson.fr\/en\/wp-json\/wp\/v2\/types\/page"}],"author":[{"embeddable":true,"href":"https:\/\/new.villa-arson.fr\/en\/wp-json\/wp\/v2\/users\/1"}],"replies":[{"embeddable":true,"href":"https:\/\/new.villa-arson.fr\/en\/wp-json\/wp\/v2\/comments?post=63400"}],"version-history":[{"count":3,"href":"https:\/\/new.villa-arson.fr\/en\/wp-json\/wp\/v2\/pages\/63400\/revisions"}],"predecessor-version":[{"id":63406,"href":"https:\/\/new.villa-arson.fr\/en\/wp-json\/wp\/v2\/pages\/63400\/revisions\/63406"}],"wp:featuredmedia":[{"embeddable":true,"href":"https:\/\/new.villa-arson.fr\/en\/wp-json\/wp\/v2\/media\/58385"}],"wp:attachment":[{"href":"https:\/\/new.villa-arson.fr\/en\/wp-json\/wp\/v2\/media?parent=63400"}],"curies":[{"name":"wp","href":"https:\/\/api.w.org\/{rel}","templated":true}]}}