{"id":63749,"date":"2025-05-02T18:05:38","date_gmt":"2025-05-02T16:05:38","guid":{"rendered":"https:\/\/new.villa-arson.fr\/?page_id=63749"},"modified":"2025-05-05T20:13:12","modified_gmt":"2025-05-05T18:13:12","slug":"student-life","status":"publish","type":"page","link":"https:\/\/new.villa-arson.fr\/en\/school-of-art\/organisation-of-studies\/student-life\/","title":{"rendered":"Student life"},"content":{"rendered":"\n<h1 class=\"wp-block-heading\">Student life<\/h1>\n\n\n\n<figure class=\"wp-block-image size-large\"><img decoding=\"async\" src=\"https:\/\/villa-arson-assets.ams3.digitaloceanspaces.com\/production\/app\/uploads\/2024\/10\/30162325\/270CEquiNOUSoblige_300dpi%C2%A9jcLett-1024x683.jpg\" alt=\"\" class=\"wp-image-54996\"\/><\/figure>\n\n\n\n<p><\/p>\n\n\n\n<h2 class=\"wp-block-heading\"><strong>Starting at the school<\/strong><\/h2>\n\n\n\n<h3 class=\"wp-block-heading\">Orientation days<\/h3>\n\n\n\n<p>At the start of the academic year, Villa Arson holds orientation days to provide information and allow students to meet key figures active in student life: the teams from UniCArts, Civic Commitment, UniCA\u2019s university health and sports departments, the football club Arson Villa, and so on. It\u2019s also a chance to find out more about mentoring and support for student-led initiatives.&nbsp;&nbsp;<\/p>\n\n\n\n<p>There are three training sessions during this time: the prevention of discrimination and sexist and sexual violence; the prevention of fire and handling fire extinguishers; and the prevention of chemical risks. Also on the agenda, a visit of the Villa Arson site to discover its history, the architectural project created by Michel Marot (1926\u20132021) and on-site plant conservation. This visit is organized by Patrice Lorho, the resident gardener, who is also responsible for the conservation and development of the Villa Arson site, and Christelle Alin, in charge of visitor resources and student life.<\/p>\n\n\n\n<h3 class=\"wp-block-heading\">Induction trip<\/h3>\n\n\n\n<p>For 1st year students, an induction trip is organized for the whole cohort at the start of the program, led by members of the teaching and administrative teams. The trip runs for three to four days (the most recent destinations have been Venice, Milan and Turin) and features a number of visits and artist encounters. Transport, accommodation and visits are all included, with a \u20ac75 contribution to expenses required at the time of registration.<\/p>\n\n\n\n<h2 class=\"wp-block-heading\"><strong>Getting involved with student life<\/strong><\/h2>\n\n\n\n<h3 class=\"wp-block-heading\"><strong>EVA \u2013 Villa Arson student association<\/strong><\/h3>\n\n\n\n<p>The association EVA organises an arts and culture events program and can support student initiatives seeking financing from the <a href=\"https:\/\/univ-cotedazur.fr\/vie-des-campus\/vie-associative\/financer-mon-projet\">Universit\u00e9 C\u00f4te d\u2019Azur<\/a>.\u00a0<\/p>\n\n\n\n<h3 class=\"wp-block-heading\">Supporting student-led initiatives and new forms of collective engagement<\/h3>\n\n\n\n<p>Villa Arson supports student initiatives with a collective scope. This might involve projects that work towards creating a more inclusive establishment, promote sustainable development or improve daily life at the school. It might also mean organising events programs.<\/p>\n\n\n\n<p>The support can take several forms (financial, technical, skills-based) and is discussed during each sitting of the CRPVE (Commission Recherche P\u00e9dagogie Vie&nbsp;Etudiante).<\/p>\n\n\n\n<p><\/p>\n\n\n\n<h3 class=\"wp-block-heading\">Civic commitment and solidarity (free ECTS credits)<\/h3>\n\n\n\n<ul class=\"wp-block-list\">\n<li><strong>Participate in Villa Arson\u2019s Equal Opportunites programs<\/strong><\/li>\n<\/ul>\n\n\n\n<p>Villa Arson is a partner of the Fondation Culture &amp; Diversit\u00e9\u2019s Equal Opportunities program in art and design schools, and the schemes Les Cord\u00e9es de la r\u00e9ussite and UCAJedi. The goal is to support secondary school students from disadvantaged backgrounds who wish to find out about higher education in the arts.<\/p>\n\n\n\n<ul class=\"wp-block-list\">\n<li><strong>Participate in UCA\u2019s civic commitment initiative<\/strong><\/li>\n<\/ul>\n\n\n\n<p>At the start of each term, the <a href=\"https:\/\/engagement-citoyen.univ-cotedazur.fr\/\">Engagement Center platform<\/a> publishes a list of social missions on various themes including tutoring; running social, sporting and cultural activities for young people in difficulty in Nice; helping the disadvantaged through the Caf\u00e9 Suspendu association in Nice; getting involved in a \u201cthird place\u201d for ecological transition and solidarity; participating in family planning missions with young people on the \u201cGender and Sexual Health\u201d program, etc.<\/p>\n\n\n\n<h3 class=\"wp-block-heading\">Be a class delegate<\/h3>\n\n\n\n<p>At the start of the year, students designate two delegates for their year, who act as mediators between students, the teaching staff and the school administration.<\/p>\n\n\n\n<h3 class=\"wp-block-heading\">Participate in the school\u2019s governance and consultation bodies<\/h3>\n\n\n\n<ul class=\"wp-block-list\">\n<li>Be elected as a student representative on the CRPVE (Commission de la recherche, de la p\u00e9dagogie et de la vie \u00e9tudiante). Three student representatives are elected.<\/li>\n\n\n\n<li>Be elected as a student representative on the Board of Directors. Two student representatives (and two substitutes) are elected.<\/li>\n<\/ul>\n\n\n\n<p><\/p>\n\n\n\n<h2 class=\"wp-block-heading\"><strong><strong>Working at Villa Arson during your studies<\/strong><\/strong><\/h2>\n\n\n\n<h3 class=\"wp-block-heading\">Tutor other students at the school<\/h3>\n\n\n\n<p>The aim is to introduce those who can contribute their experience, knowledge and skills to other students in need of help, support or guidance with their course.<\/p>\n\n\n\n<p>There are two types of tutoring: long-term (2 to 4 hours a week) or one-off (from 3 to 6 hours per assignment), and remuneration is set at the national minimum hourly wage.\u00a0<\/p>\n\n\n<div class=\"align wp-block-contenu-associe\">\n            <div>\n            <div class=\"acf-innerblocks-container\">\n\n<h3 class=\"wp-block-heading\">For exhibitions<\/h3>\n\n<\/div>\n        <\/div>\n        <div class=\"c-a__container grid flex-row grid-cols-1 sm:grid-cols-2 lg:grid-cols-3 gap-4\">\n                            <div class=\"flex flex-col link-container\" data-href=\"https:\/\/new.villa-arson.fr\/en\/school-of-art\/join-the-production-crew\/\">\n                    <a href=\"https:\/\/new.villa-arson.fr\/en\/school-of-art\/join-the-production-crew\/\" class=\"contents\">\n                        <div class=\"ratio-16x9\">\n                            <figure><img decoding=\"async\" width=\"193\" height=\"290\" src=\"https:\/\/villa-arson-assets.ams3.digitaloceanspaces.com\/production\/app\/uploads\/2021\/10\/20225055\/013ConstruireSaPre%CC%81tendueMontage%C2%A9JcLett-193x290.jpg\" class=\"attachment-post-thumbnail size-post-thumbnail wp-post-image\" alt=\"trois personnes sur deux \u00e9chelles accrochent des dessins\" srcset=\"https:\/\/villa-arson-assets.ams3.digitaloceanspaces.com\/production\/app\/uploads\/2021\/10\/20225055\/013ConstruireSaPre%CC%81tendueMontage%C2%A9JcLett-193x290.jpg 193w, https:\/\/villa-arson-assets.ams3.digitaloceanspaces.com\/production\/app\/uploads\/2021\/10\/20225055\/013ConstruireSaPre%CC%81tendueMontage%C2%A9JcLett-200x300.jpg 200w, https:\/\/villa-arson-assets.ams3.digitaloceanspaces.com\/production\/app\/uploads\/2021\/10\/20225055\/013ConstruireSaPre%CC%81tendueMontage%C2%A9JcLett-683x1024.jpg 683w, https:\/\/villa-arson-assets.ams3.digitaloceanspaces.com\/production\/app\/uploads\/2021\/10\/20225055\/013ConstruireSaPre%CC%81tendueMontage%C2%A9JcLett-768x1152.jpg 768w, https:\/\/villa-arson-assets.ams3.digitaloceanspaces.com\/production\/app\/uploads\/2021\/10\/20225055\/013ConstruireSaPre%CC%81tendueMontage%C2%A9JcLett-1024x1536.jpg 1024w, https:\/\/villa-arson-assets.ams3.digitaloceanspaces.com\/production\/app\/uploads\/2021\/10\/20225055\/013ConstruireSaPre%CC%81tendueMontage%C2%A9JcLett-1365x2048.jpg 1365w, https:\/\/villa-arson-assets.ams3.digitaloceanspaces.com\/production\/app\/uploads\/2021\/10\/20225055\/013ConstruireSaPre%CC%81tendueMontage%C2%A9JcLett-600x900.jpg 600w, https:\/\/villa-arson-assets.ams3.digitaloceanspaces.com\/production\/app\/uploads\/2021\/10\/20225055\/013ConstruireSaPre%CC%81tendueMontage%C2%A9JcLett-scaled.jpg 1707w\" sizes=\"(max-width: 193px) 100vw, 193px\" \/><\/figure>\n                            <div class=\"hover-overlay top-0 left-0 right-0 bottom-0 hidden w-full h-full absolute\"><\/div>\n                        <\/div>\n                        <div class=\"wp-block-button alignleft simple-link\">\n                            <span class=\"wp-block-button__link\">Join the production crew<\/span>\n                        <\/div>\n                    <\/a>\n                <\/div>\n                            <div class=\"flex flex-col link-container\" data-href=\"https:\/\/new.villa-arson.fr\/en\/school-of-art\/join-the-outreach-team\/\">\n                    <a href=\"https:\/\/new.villa-arson.fr\/en\/school-of-art\/join-the-outreach-team\/\" class=\"contents\">\n                        <div class=\"ratio-16x9\">\n                            <figure><img decoding=\"async\" width=\"400\" height=\"267\" src=\"https:\/\/villa-arson-assets.ams3.digitaloceanspaces.com\/production\/app\/uploads\/2021\/07\/21000914\/0000LaDoublure-400x267.jpg\" class=\"attachment-post-thumbnail size-post-thumbnail wp-post-image\" alt=\"\u00e9quipe de m\u00e9diateurs portant un sweat-shirt r\u00e9alis\u00e9 par les artistes-commissaires\" srcset=\"https:\/\/villa-arson-assets.ams3.digitaloceanspaces.com\/production\/app\/uploads\/2021\/07\/21000914\/0000LaDoublure-400x267.jpg 400w, https:\/\/villa-arson-assets.ams3.digitaloceanspaces.com\/production\/app\/uploads\/2021\/07\/21000914\/0000LaDoublure-scaled-600x400.jpg 600w, https:\/\/villa-arson-assets.ams3.digitaloceanspaces.com\/production\/app\/uploads\/2021\/07\/21000914\/0000LaDoublure-300x200.jpg 300w, https:\/\/villa-arson-assets.ams3.digitaloceanspaces.com\/production\/app\/uploads\/2021\/07\/21000914\/0000LaDoublure-1024x683.jpg 1024w, https:\/\/villa-arson-assets.ams3.digitaloceanspaces.com\/production\/app\/uploads\/2021\/07\/21000914\/0000LaDoublure-768x512.jpg 768w, https:\/\/villa-arson-assets.ams3.digitaloceanspaces.com\/production\/app\/uploads\/2021\/07\/21000914\/0000LaDoublure-1536x1024.jpg 1536w, https:\/\/villa-arson-assets.ams3.digitaloceanspaces.com\/production\/app\/uploads\/2021\/07\/21000914\/0000LaDoublure-2048x1365.jpg 2048w\" sizes=\"(max-width: 400px) 100vw, 400px\" \/><\/figure>\n                            <div class=\"hover-overlay top-0 left-0 right-0 bottom-0 hidden w-full h-full absolute\"><\/div>\n                        <\/div>\n                        <div class=\"wp-block-button alignleft simple-link\">\n                            <span class=\"wp-block-button__link\">Join the outreach team<\/span>\n                        <\/div>\n                    <\/a>\n                <\/div>\n                    <\/div>\n    <\/div>\n\n\n\n<h3 class=\"wp-block-heading\">For workshops<\/h3>\n\n\n\n<p>Become a monitor for one of the school workshops (wood, metal, painting). A call for applications is sent out to all @villa-arson.school email addresses at the start of the school year.<\/p>\n\n\n\n<p><\/p>\n\n\n\n<h2 class=\"wp-block-heading\"><strong>Dining and accommodation<\/strong><\/h2>\n\n\n\n<h3 class=\"wp-block-heading\">Dining<\/h3>\n\n\n\n<ul class=\"wp-block-list\">\n<li><strong>La Cafet Arson<\/strong><\/li>\n<\/ul>\n\n\n\n<p>The Villa Arson caf\u00e9 offers meals for \u20ac4.50, or \u20ac2 for scholarship students. It opens for breakfast from 8.30 a.m. to 9.30 a.m., and for lunch from midday to 1.30 p.m., Monday to Friday.<\/p>\n\n\n\n<ul class=\"wp-block-list\">\n<li>Near Villa Arson<\/li>\n<\/ul>\n\n\n\n<p><a href=\"file:\/\/\/Users\/elodiemariani\/Downloads\/Resto%20U%20Montebello%20sur%20le%20Campus%20de%20Valrose\">Resto U Montebello<\/a> on the Campus Valrose (tram stop Valrose)<\/p>\n\n\n\n<h3 class=\"wp-block-heading\">Student residences<\/h3>\n\n\n\n<p>The school has 20 student rooms available, which are allocated on the basis of social criteria and\/or distance by a committee.<\/p>\n\n\n\n<p>Information on how to apply for accommodation is sent to all @villa-arson.school e-mail addresses at the end of the academic year for the following academic year.<\/p>\n\n\n\n<p><\/p>\n\n\n\n<p><\/p>\n\n\n\n<h2 class=\"wp-block-heading\"><strong><strong>Culture, sport and health<\/strong><\/strong><\/h2>\n\n\n\n<h3 class=\"wp-block-heading\">Universit\u00e9 C\u00f4te d\u2019azur<\/h3>\n\n\n\n<p>Villa Arson is an autonomous body within the Universit\u00e9 C\u00f4te d\u2019Azur, and students benefit from all the university\u2019s services dedicated to student life in the fields of <a href=\"https:\/\/culture.univ-cotedazur.fr\/\">culture<\/a>, <a href=\"https:\/\/sport.univ-cotedazur.fr\/fr\/\">sports<\/a> and <a href=\"https:\/\/univ-cotedazur.fr\/vie-des-campus\/sante-aide-sociale\">health<\/a>.<\/p>\n\n\n\n<h3 class=\"wp-block-heading\"><strong>Arson Villa Football Club<\/strong><\/h3>\n\n\n\n<p>Arson Villa FC is the school\u2019s mixed football side comprising students and staff members. There are weekly training sessions and occasional Olympics. #fc_arson_villa<\/p>\n\n\n\n<h3 class=\"wp-block-heading\">BAPU (Bureau d\u2019Aide Psychologique Universitaire)<\/h3>\n\n\n\n<p>A BAPU psychologist is on duty every week at Villa Arson. Sessions are individual and confidential. Students can go directly to the office (the door will be open when the psychologist is free) or make an appointment by sending an e-mail to: <a href=\"mailto:permanences@bapunice.org\">permanences@bapunice.org<\/a>.<\/p>\n\n\n\n<p>There is no charge, and no documents need to be provided prior to the consultation.<\/p>\n\n\n\n<p>For further information, contact the BAPU administrative office on: 04 93 87 72 78.<\/p>\n\n\n\n<h3 class=\"wp-block-heading\">Local culture guide<\/h3>\n\n\n\n<p>Culture\/UCArts Direction de la culture de l\u2019Universit\u00e9 C\u00f4te d\u2019Azur<br><a href=\"https:\/\/www.instagram.com\/uca_culture\/\">https:\/\/www.instagram.com\/uca_culture\/<\/a><br><a href=\"https:\/\/univ-cotedazur.fr\/culture\">https:\/\/univ-cotedazur.fr\/culture<\/a><br><a href=\"https:\/\/www.facebook.com\/ucaculture\">https:\/\/www.facebook.com\/ucaculture<\/a><\/p>\n\n\n\n<p>Botox(s) R\u00e9seau d\u2019art contemporain Alpes &amp; Riviera reunites thirty or so venues committed to the production and dissemination of contemporary art.<br><a href=\"http:\/\/botoxs.fr\/les-lieux\/\" data-type=\"URL\" data-id=\"botoxs.fr\/les-lieux\/\">botoxs.fr\/les-lieux\/<\/a><\/p>\n\n\n\n<p>DE L\u2019ART Agenda of contemporary art on the C\u00f4te d\u2019Azur<br><a href=\"http:\/\/de-lart.org\/\" target=\"_blank\" rel=\"noreferrer noopener\">de-lart.org<\/a><\/p>\n\n\n\n<p><strong>Le MAMAC<\/strong><br><a rel=\"noreferrer noopener\" href=\"https:\/\/www.mamac-nice.org\/fr\/\" target=\"_blank\" data-type=\"URL\" data-id=\"https:\/\/www.mamac-nice.org\/fr\/\">mamac-nice.org\/fr\/<\/a><\/p>\n\n\n\n<p><strong>Le NMNM<\/strong><br><a rel=\"noreferrer noopener\" href=\"http:\/\/www.nmnm.mc\/index.php?option=com_k2&amp;view=item-list&amp;layout=category&amp;task=category&amp;id=4&amp;Itemid=155&amp;lang=fr\" target=\"_blank\">nmnm.mc\/<\/a><\/p>\n\n\n\n<p><strong>L\u2019Espace de l\u2019art Concret<\/strong><br><a rel=\"noreferrer noopener\" href=\"https:\/\/www.espacedelartconcret.fr\/\" target=\"_blank\">espacedelartconcret.fr\/<\/a><\/p>\n\n\n\n<p>National Museums of the C\u00f4te d\u2019Azur<br><a href=\"https:\/\/musees-nationaux-alpesmaritimes.fr\/\">musees-nationaux-alpesmaritimes.fr\/<\/a><\/p>\n\n\n\n<p><strong>La fondation Maeght<\/strong><br><a rel=\"noreferrer noopener\" href=\"https:\/\/www.fondation-maeght.com\/en\/\" target=\"_blank\">fondation-maeght.com\/<\/a><\/p>\n\n\n\n<p><strong>Le 109<\/strong><br><a rel=\"noreferrer noopener\" href=\"http:\/\/le109.nice.fr\/\" target=\"_blank\">le109.nice.fr\/<\/a><\/p>\n\n\n\n<p><strong>La Station<\/strong><br><a rel=\"noreferrer noopener\" href=\"https:\/\/www.lastation.org\/\" target=\"_blank\">lastation.org\/<\/a><\/p>\n\n\n\n<p><strong>Museums and galleries of the City of Nice<\/strong><br><a href=\"http:\/\/www.nice.fr\/fr\/culture\/\">nice.fr\/fr\/culture\/<\/a>musees-et-galeries<\/p>\n\n\n\n<p><strong>Th\u00e9\u00e2tre national de Nice<\/strong><br><a rel=\"noreferrer noopener\" href=\"https:\/\/www.tnn.fr\/fr\/\" target=\"_blank\">tnn.fr\/fr\/<\/a><\/p>\n\n\n\n<p><strong>Anth\u00e9a (Antibes)<\/strong><br><a rel=\"noreferrer noopener\" href=\"https:\/\/www.anthea-antibes.fr\/fr\/#modal\" target=\"_blank\">anthea-antibes.fr\/fr\/#modal<\/a><\/p>\n\n\n\n<p><strong>TDG (Grasse)<\/strong><br><a rel=\"noreferrer noopener\" href=\"https:\/\/www.theatredegrasse.com\/\" target=\"_blank\">theatredegrasse.com\/<\/a><\/p>\n\n\n\n<p><strong>Sc\u00e8ne 55 Mougins<\/strong><br><a rel=\"noreferrer noopener\" href=\"https:\/\/scene55.fr\/\" target=\"_blank\">scene55.fr\/<\/a><\/p>\n\n\n\n<p><strong>La Cin\u00e9math\u00e8que<\/strong><br><a rel=\"noreferrer noopener\" href=\"https:\/\/cinenice.mediatheques.fr\/\" target=\"_blank\">cinenice.mediatheques.fr\/<\/a><\/p>\n\n\n\n<p><strong>Nice Opera and the Philharmonic Orchestra of Nice<\/strong><br><a href=\"https:\/\/www.opera-nice.org\/fr\" target=\"_blank\" rel=\"noreferrer noopener\">opera-nice.org\/fr<\/a><\/p>\n\n\n\n<p><strong>Contemporary music \u2014 Nice Music<\/strong><br><a href=\"http:\/\/www.nicemusiclive.fr\/\" data-type=\"URL\" data-id=\"http:\/\/www.nicemusiclive.fr\/\" target=\"_blank\" rel=\"noreferrer noopener\">nicemusiclive.fr\/<\/a><br><br><a href=\"https:\/\/new.villa-arson.fr\/en\/school-of-art\/\"><\/a><\/p>\n\n\n<div class=\"align wp-block-contenu-associe\">\n            <div>\n            <div class=\"acf-innerblocks-container\">\n\n<h3 class=\"wp-block-heading\"><\/h3>\n\n<\/div>\n        <\/div>\n        <div class=\"c-a__container grid flex-row grid-cols-1 sm:grid-cols-2 lg:grid-cols-3 gap-4\">\n                            <div class=\"flex flex-col link-container\" data-href=\"https:\/\/new.villa-arson.fr\/en\/school-of-art\/\">\n                    <a href=\"https:\/\/new.villa-arson.fr\/en\/school-of-art\/\" class=\"contents\">\n                        <div class=\"ratio-16x9\">\n                            <figure><img decoding=\"async\" width=\"232\" height=\"290\" src=\"https:\/\/villa-arson-assets.ams3.digitaloceanspaces.com\/production\/app\/uploads\/2025\/03\/22115916\/ARSON_075-232x290.jpg\" class=\"attachment-post-thumbnail size-post-thumbnail wp-post-image\" alt=\"\" srcset=\"https:\/\/villa-arson-assets.ams3.digitaloceanspaces.com\/production\/app\/uploads\/2025\/03\/22115916\/ARSON_075-232x290.jpg 232w, https:\/\/villa-arson-assets.ams3.digitaloceanspaces.com\/production\/app\/uploads\/2025\/03\/22115916\/ARSON_075-240x300.jpg 240w, https:\/\/villa-arson-assets.ams3.digitaloceanspaces.com\/production\/app\/uploads\/2025\/03\/22115916\/ARSON_075-819x1024.jpg 819w, https:\/\/villa-arson-assets.ams3.digitaloceanspaces.com\/production\/app\/uploads\/2025\/03\/22115916\/ARSON_075-768x960.jpg 768w, https:\/\/villa-arson-assets.ams3.digitaloceanspaces.com\/production\/app\/uploads\/2025\/03\/22115916\/ARSON_075-1229x1536.jpg 1229w, https:\/\/villa-arson-assets.ams3.digitaloceanspaces.com\/production\/app\/uploads\/2025\/03\/22115916\/ARSON_075-600x750.jpg 600w, https:\/\/villa-arson-assets.ams3.digitaloceanspaces.com\/production\/app\/uploads\/2025\/03\/22115916\/ARSON_075.jpg 1536w\" sizes=\"(max-width: 232px) 100vw, 232px\" \/><\/figure>\n                            <div class=\"hover-overlay top-0 left-0 right-0 bottom-0 hidden w-full h-full absolute\"><\/div>\n                        <\/div>\n                        <div class=\"wp-block-button alignleft simple-link\">\n                            <span class=\"wp-block-button__link\">School of Art<\/span>\n                        <\/div>\n                    <\/a>\n                <\/div>\n                            <div class=\"flex flex-col link-container\" data-href=\"https:\/\/new.villa-arson.fr\/en\/school-of-art\/organisation-of-studies\/\">\n                    <a href=\"https:\/\/new.villa-arson.fr\/en\/school-of-art\/organisation-of-studies\/\" class=\"contents\">\n                        <div class=\"ratio-16x9\">\n                            <figure><img decoding=\"async\" width=\"400\" height=\"267\" src=\"https:\/\/villa-arson-assets.ams3.digitaloceanspaces.com\/production\/app\/uploads\/2025\/02\/04131129\/092AteliersTechnique%C2%A9JcLett-400x267.jpg\" class=\"attachment-post-thumbnail size-post-thumbnail wp-post-image\" alt=\"\" srcset=\"https:\/\/villa-arson-assets.ams3.digitaloceanspaces.com\/production\/app\/uploads\/2025\/02\/04131129\/092AteliersTechnique%C2%A9JcLett-400x267.jpg 400w, https:\/\/villa-arson-assets.ams3.digitaloceanspaces.com\/production\/app\/uploads\/2025\/02\/04131129\/092AteliersTechnique%C2%A9JcLett-300x200.jpg 300w, https:\/\/villa-arson-assets.ams3.digitaloceanspaces.com\/production\/app\/uploads\/2025\/02\/04131129\/092AteliersTechnique%C2%A9JcLett-1024x683.jpg 1024w, https:\/\/villa-arson-assets.ams3.digitaloceanspaces.com\/production\/app\/uploads\/2025\/02\/04131129\/092AteliersTechnique%C2%A9JcLett-768x512.jpg 768w, https:\/\/villa-arson-assets.ams3.digitaloceanspaces.com\/production\/app\/uploads\/2025\/02\/04131129\/092AteliersTechnique%C2%A9JcLett-391x260.jpg 391w, https:\/\/villa-arson-assets.ams3.digitaloceanspaces.com\/production\/app\/uploads\/2025\/02\/04131129\/092AteliersTechnique%C2%A9JcLett-1536x1024.jpg 1536w, https:\/\/villa-arson-assets.ams3.digitaloceanspaces.com\/production\/app\/uploads\/2025\/02\/04131129\/092AteliersTechnique%C2%A9JcLett-600x400.jpg 600w, https:\/\/villa-arson-assets.ams3.digitaloceanspaces.com\/production\/app\/uploads\/2025\/02\/04131129\/092AteliersTechnique%C2%A9JcLett.jpg 1920w\" sizes=\"(max-width: 400px) 100vw, 400px\" \/><\/figure>\n                            <div class=\"hover-overlay top-0 left-0 right-0 bottom-0 hidden w-full h-full absolute\"><\/div>\n                        <\/div>\n                        <div class=\"wp-block-button alignleft simple-link\">\n                            <span class=\"wp-block-button__link\">Organisation of studies<\/span>\n                        <\/div>\n                    <\/a>\n                <\/div>\n                            <div class=\"flex flex-col link-container\" data-href=\"https:\/\/new.villa-arson.fr\/en\/school-of-art\/careers\/\">\n                    <a href=\"https:\/\/new.villa-arson.fr\/en\/school-of-art\/careers\/\" class=\"contents\">\n                        <div class=\"ratio-16x9\">\n                            <figure><img decoding=\"async\" width=\"400\" height=\"267\" src=\"https:\/\/villa-arson-assets.ams3.digitaloceanspaces.com\/production\/app\/uploads\/2025\/01\/27131936\/363ConstruireSaPretendue_Montage%C2%A9JcLett-1-400x267.jpg\" class=\"attachment-post-thumbnail size-post-thumbnail wp-post-image\" alt=\"\" srcset=\"https:\/\/villa-arson-assets.ams3.digitaloceanspaces.com\/production\/app\/uploads\/2025\/01\/27131936\/363ConstruireSaPretendue_Montage%C2%A9JcLett-1-400x267.jpg 400w, https:\/\/villa-arson-assets.ams3.digitaloceanspaces.com\/production\/app\/uploads\/2025\/01\/27131936\/363ConstruireSaPretendue_Montage%C2%A9JcLett-1-300x200.jpg 300w, https:\/\/villa-arson-assets.ams3.digitaloceanspaces.com\/production\/app\/uploads\/2025\/01\/27131936\/363ConstruireSaPretendue_Montage%C2%A9JcLett-1-1024x683.jpg 1024w, https:\/\/villa-arson-assets.ams3.digitaloceanspaces.com\/production\/app\/uploads\/2025\/01\/27131936\/363ConstruireSaPretendue_Montage%C2%A9JcLett-1-768x512.jpg 768w, https:\/\/villa-arson-assets.ams3.digitaloceanspaces.com\/production\/app\/uploads\/2025\/01\/27131936\/363ConstruireSaPretendue_Montage%C2%A9JcLett-1-391x260.jpg 391w, https:\/\/villa-arson-assets.ams3.digitaloceanspaces.com\/production\/app\/uploads\/2025\/01\/27131936\/363ConstruireSaPretendue_Montage%C2%A9JcLett-1-1536x1024.jpg 1536w, https:\/\/villa-arson-assets.ams3.digitaloceanspaces.com\/production\/app\/uploads\/2025\/01\/27131936\/363ConstruireSaPretendue_Montage%C2%A9JcLett-1-600x400.jpg 600w, https:\/\/villa-arson-assets.ams3.digitaloceanspaces.com\/production\/app\/uploads\/2025\/01\/27131936\/363ConstruireSaPretendue_Montage%C2%A9JcLett-1.jpg 1920w\" sizes=\"(max-width: 400px) 100vw, 400px\" \/><\/figure>\n                            <div class=\"hover-overlay top-0 left-0 right-0 bottom-0 hidden w-full h-full absolute\"><\/div>\n                        <\/div>\n                        <div class=\"wp-block-button alignleft simple-link\">\n                            <span class=\"wp-block-button__link\">Careers<\/span>\n                        <\/div>\n                    <\/a>\n                <\/div>\n                    <\/div>\n    <\/div>\n","protected":false},"excerpt":{"rendered":"<p>Student life Starting at the school Orientation days At the start of the academic year, Villa Arson holds orientation days to provide information and allow students to meet key figures active in student life: the teams from UniCArts, Civic Commitment, UniCA\u2019s university health and sports departments, the football club Arson Villa, and so on. It\u2019s &hellip; <a href=\"https:\/\/new.villa-arson.fr\/en\/school-of-art\/organisation-of-studies\/student-life\/\">Continued<\/a><\/p>\n","protected":false},"author":1,"featured_media":54997,"parent":63746,"menu_order":0,"comment_status":"closed","ping_status":"closed","template":"","meta":{"_acf_changed":false,"_relevanssi_hide_post":"","_relevanssi_hide_content":"","_relevanssi_pin_for_all":"","_relevanssi_pin_keywords":"","_relevanssi_unpin_keywords":"","_relevanssi_related_keywords":"","_relevanssi_related_include_ids":"","_relevanssi_related_exclude_ids":"","_relevanssi_related_no_append":"","_relevanssi_related_not_related":"","_relevanssi_related_posts":"54293","_relevanssi_noindex_reason":"","footnotes":""},"class_list":["post-63749","page","type-page","status-publish","has-post-thumbnail","hentry"],"acf":[],"_links":{"self":[{"href":"https:\/\/new.villa-arson.fr\/en\/wp-json\/wp\/v2\/pages\/63749","targetHints":{"allow":["GET"]}}],"collection":[{"href":"https:\/\/new.villa-arson.fr\/en\/wp-json\/wp\/v2\/pages"}],"about":[{"href":"https:\/\/new.villa-arson.fr\/en\/wp-json\/wp\/v2\/types\/page"}],"author":[{"embeddable":true,"href":"https:\/\/new.villa-arson.fr\/en\/wp-json\/wp\/v2\/users\/1"}],"replies":[{"embeddable":true,"href":"https:\/\/new.villa-arson.fr\/en\/wp-json\/wp\/v2\/comments?post=63749"}],"version-history":[{"count":3,"href":"https:\/\/new.villa-arson.fr\/en\/wp-json\/wp\/v2\/pages\/63749\/revisions"}],"predecessor-version":[{"id":63885,"href":"https:\/\/new.villa-arson.fr\/en\/wp-json\/wp\/v2\/pages\/63749\/revisions\/63885"}],"up":[{"embeddable":true,"href":"https:\/\/new.villa-arson.fr\/en\/wp-json\/wp\/v2\/pages\/63746"}],"wp:featuredmedia":[{"embeddable":true,"href":"https:\/\/new.villa-arson.fr\/en\/wp-json\/wp\/v2\/media\/54997"}],"wp:attachment":[{"href":"https:\/\/new.villa-arson.fr\/en\/wp-json\/wp\/v2\/media?parent=63749"}],"curies":[{"name":"wp","href":"https:\/\/api.w.org\/{rel}","templated":true}]}}