{"id":63752,"date":"2025-05-02T18:07:47","date_gmt":"2025-05-02T16:07:47","guid":{"rendered":"https:\/\/new.villa-arson.fr\/?page_id=63752"},"modified":"2025-05-02T18:07:51","modified_gmt":"2025-05-02T16:07:51","slug":"join-the-production-crew","status":"publish","type":"page","link":"https:\/\/new.villa-arson.fr\/en\/school-of-art\/join-the-production-crew\/","title":{"rendered":"Join the production crew"},"content":{"rendered":"\n<h1 class=\"wp-block-heading\"><strong>Join the production crew<\/strong><\/h1>\n\n\n\n<figure class=\"wp-block-image size-large\"><img decoding=\"async\" width=\"683\" height=\"1024\" src=\"\/app\/uploads\/2021\/10\/013ConstruireSaPre\u0301tendueMontage\u00a9JcLett-683x1024.jpg\" alt=\"trois personnes sur deux \u00e9chelles accrochent des dessins\" class=\"wp-image-21277\"\/><figcaption class=\"wp-element-caption\">Installation of Hayoung Kim\u2019s work, 2021<\/figcaption><\/figure>\n\n\n\n<p>At Villa Arson, students can gain professional know-how by taking part in production activities supervized by the exhibition manager. For each cycle of exhibitions (three per year) a production team is recruited to set up and dismantle the shows. Although prior knowledge of, or an interest in, production or hanging artworks is expected, this is first and foremost a training initiative for students. Providing technical assistance to artists, helping to produce works, showcasing works in the exhibition space and packing them are all addressed as part of the work experience.<\/p>\n\n\n<div class=\"align wp-block-contenu-associe\">\n            <div>\n            <div class=\"acf-innerblocks-container\">\n\n<h3 class=\"wp-block-heading\"><\/h3>\n\n<\/div>\n        <\/div>\n        <div class=\"c-a__container grid flex-row grid-cols-1 sm:grid-cols-2 lg:grid-cols-3 gap-4\">\n                            <div class=\"flex flex-col link-container\" data-href=\"https:\/\/new.villa-arson.fr\/en\/art-center\/exhibitions\/\">\n                    <a href=\"https:\/\/new.villa-arson.fr\/en\/art-center\/exhibitions\/\" class=\"contents\">\n                        <div class=\"ratio-16x9\">\n                            <figure><img decoding=\"async\" width=\"400\" height=\"288\" src=\"https:\/\/villa-arson-assets.ams3.digitaloceanspaces.com\/production\/app\/uploads\/2025\/01\/28165942\/CALERO-Sol-005-v.-Arson-2020-1024x738-1-400x288.jpg\" class=\"attachment-post-thumbnail size-post-thumbnail wp-post-image\" alt=\"\" srcset=\"https:\/\/villa-arson-assets.ams3.digitaloceanspaces.com\/production\/app\/uploads\/2025\/01\/28165942\/CALERO-Sol-005-v.-Arson-2020-1024x738-1-400x288.jpg 400w, https:\/\/villa-arson-assets.ams3.digitaloceanspaces.com\/production\/app\/uploads\/2025\/01\/28165942\/CALERO-Sol-005-v.-Arson-2020-1024x738-1-300x216.jpg 300w, https:\/\/villa-arson-assets.ams3.digitaloceanspaces.com\/production\/app\/uploads\/2025\/01\/28165942\/CALERO-Sol-005-v.-Arson-2020-1024x738-1-768x554.jpg 768w, https:\/\/villa-arson-assets.ams3.digitaloceanspaces.com\/production\/app\/uploads\/2025\/01\/28165942\/CALERO-Sol-005-v.-Arson-2020-1024x738-1-600x432.jpg 600w, https:\/\/villa-arson-assets.ams3.digitaloceanspaces.com\/production\/app\/uploads\/2025\/01\/28165942\/CALERO-Sol-005-v.-Arson-2020-1024x738-1.jpg 1024w\" sizes=\"(max-width: 400px) 100vw, 400px\" \/><\/figure>\n                            <div class=\"hover-overlay top-0 left-0 right-0 bottom-0 hidden w-full h-full absolute\"><\/div>\n                        <\/div>\n                        <div class=\"wp-block-button alignleft simple-link\">\n                            <span class=\"wp-block-button__link\">exhibitions<\/span>\n                        <\/div>\n                    <\/a>\n                <\/div>\n                            <div class=\"flex flex-col link-container\" data-href=\"https:\/\/new.villa-arson.fr\/en\/?page_id=63419\">\n                    <a href=\"https:\/\/new.villa-arson.fr\/en\/?page_id=63419\" class=\"contents\">\n                        <div class=\"ratio-16x9\">\n                            <figure><img decoding=\"async\" width=\"400\" height=\"267\" src=\"https:\/\/villa-arson-assets.ams3.digitaloceanspaces.com\/production\/app\/uploads\/2021\/07\/21001027\/OIC6901-Point-Quart-Vue-de-lexposition-400x267.jpg\" class=\"attachment-post-thumbnail size-post-thumbnail wp-post-image\" alt=\"vue g\u00e9n\u00e9rale de l&#039;exposition, carrelage blanc au sol avec des sculptures en c\u00e9ramiques\" srcset=\"https:\/\/villa-arson-assets.ams3.digitaloceanspaces.com\/production\/app\/uploads\/2021\/07\/21001027\/OIC6901-Point-Quart-Vue-de-lexposition-400x267.jpg 400w, https:\/\/villa-arson-assets.ams3.digitaloceanspaces.com\/production\/app\/uploads\/2021\/07\/21001027\/OIC6901-Point-Quart-Vue-de-lexposition-scaled-600x400.jpg 600w, https:\/\/villa-arson-assets.ams3.digitaloceanspaces.com\/production\/app\/uploads\/2021\/07\/21001027\/OIC6901-Point-Quart-Vue-de-lexposition-300x200.jpg 300w, https:\/\/villa-arson-assets.ams3.digitaloceanspaces.com\/production\/app\/uploads\/2021\/07\/21001027\/OIC6901-Point-Quart-Vue-de-lexposition-1024x683.jpg 1024w, https:\/\/villa-arson-assets.ams3.digitaloceanspaces.com\/production\/app\/uploads\/2021\/07\/21001027\/OIC6901-Point-Quart-Vue-de-lexposition-768x512.jpg 768w, https:\/\/villa-arson-assets.ams3.digitaloceanspaces.com\/production\/app\/uploads\/2021\/07\/21001027\/OIC6901-Point-Quart-Vue-de-lexposition-1536x1024.jpg 1536w, https:\/\/villa-arson-assets.ams3.digitaloceanspaces.com\/production\/app\/uploads\/2021\/07\/21001027\/OIC6901-Point-Quart-Vue-de-lexposition-2048x1365.jpg 2048w\" sizes=\"(max-width: 400px) 100vw, 400px\" \/><\/figure>\n                            <div class=\"hover-overlay top-0 left-0 right-0 bottom-0 hidden w-full h-full absolute\"><\/div>\n                        <\/div>\n                        <div class=\"wp-block-button alignleft simple-link\">\n                            <span class=\"wp-block-button__link\">Archives des expositions<\/span>\n                        <\/div>\n                    <\/a>\n                <\/div>\n                            <div class=\"flex flex-col link-container\" data-href=\"https:\/\/new.villa-arson.fr\/en\/school-of-art\/join-the-outreach-team\/\">\n                    <a href=\"https:\/\/new.villa-arson.fr\/en\/school-of-art\/join-the-outreach-team\/\" class=\"contents\">\n                        <div class=\"ratio-16x9\">\n                            <figure><img decoding=\"async\" width=\"400\" height=\"267\" src=\"https:\/\/villa-arson-assets.ams3.digitaloceanspaces.com\/production\/app\/uploads\/2021\/07\/21000914\/0000LaDoublure-400x267.jpg\" class=\"attachment-post-thumbnail size-post-thumbnail wp-post-image\" alt=\"\u00e9quipe de m\u00e9diateurs portant un sweat-shirt r\u00e9alis\u00e9 par les artistes-commissaires\" srcset=\"https:\/\/villa-arson-assets.ams3.digitaloceanspaces.com\/production\/app\/uploads\/2021\/07\/21000914\/0000LaDoublure-400x267.jpg 400w, https:\/\/villa-arson-assets.ams3.digitaloceanspaces.com\/production\/app\/uploads\/2021\/07\/21000914\/0000LaDoublure-scaled-600x400.jpg 600w, https:\/\/villa-arson-assets.ams3.digitaloceanspaces.com\/production\/app\/uploads\/2021\/07\/21000914\/0000LaDoublure-300x200.jpg 300w, https:\/\/villa-arson-assets.ams3.digitaloceanspaces.com\/production\/app\/uploads\/2021\/07\/21000914\/0000LaDoublure-1024x683.jpg 1024w, https:\/\/villa-arson-assets.ams3.digitaloceanspaces.com\/production\/app\/uploads\/2021\/07\/21000914\/0000LaDoublure-768x512.jpg 768w, https:\/\/villa-arson-assets.ams3.digitaloceanspaces.com\/production\/app\/uploads\/2021\/07\/21000914\/0000LaDoublure-1536x1024.jpg 1536w, https:\/\/villa-arson-assets.ams3.digitaloceanspaces.com\/production\/app\/uploads\/2021\/07\/21000914\/0000LaDoublure-2048x1365.jpg 2048w\" sizes=\"(max-width: 400px) 100vw, 400px\" \/><\/figure>\n                            <div class=\"hover-overlay top-0 left-0 right-0 bottom-0 hidden w-full h-full absolute\"><\/div>\n                        <\/div>\n                        <div class=\"wp-block-button alignleft simple-link\">\n                            <span class=\"wp-block-button__link\">Join the outreach team<\/span>\n                        <\/div>\n                    <\/a>\n                <\/div>\n                    <\/div>\n    <\/div>\n","protected":false},"excerpt":{"rendered":"<p>Join the production crew At Villa Arson, students can gain professional know-how by taking part in production activities supervized by the exhibition manager. For each cycle of exhibitions (three per year) a production team is recruited to set up and dismantle the shows. Although prior knowledge of, or an interest in, production or hanging artworks &hellip; <a href=\"https:\/\/new.villa-arson.fr\/en\/school-of-art\/join-the-production-crew\/\">Continued<\/a><\/p>\n","protected":false},"author":1,"featured_media":21278,"parent":63701,"menu_order":0,"comment_status":"closed","ping_status":"closed","template":"","meta":{"_acf_changed":false,"_relevanssi_hide_post":"","_relevanssi_hide_content":"","_relevanssi_pin_for_all":"","_relevanssi_pin_keywords":"","_relevanssi_unpin_keywords":"","_relevanssi_related_keywords":"","_relevanssi_related_include_ids":"","_relevanssi_related_exclude_ids":"","_relevanssi_related_no_append":"","_relevanssi_related_not_related":"","_relevanssi_related_posts":"54293","_relevanssi_noindex_reason":"","footnotes":""},"class_list":["post-63752","page","type-page","status-publish","has-post-thumbnail","hentry"],"acf":[],"_links":{"self":[{"href":"https:\/\/new.villa-arson.fr\/en\/wp-json\/wp\/v2\/pages\/63752","targetHints":{"allow":["GET"]}}],"collection":[{"href":"https:\/\/new.villa-arson.fr\/en\/wp-json\/wp\/v2\/pages"}],"about":[{"href":"https:\/\/new.villa-arson.fr\/en\/wp-json\/wp\/v2\/types\/page"}],"author":[{"embeddable":true,"href":"https:\/\/new.villa-arson.fr\/en\/wp-json\/wp\/v2\/users\/1"}],"replies":[{"embeddable":true,"href":"https:\/\/new.villa-arson.fr\/en\/wp-json\/wp\/v2\/comments?post=63752"}],"version-history":[{"count":1,"href":"https:\/\/new.villa-arson.fr\/en\/wp-json\/wp\/v2\/pages\/63752\/revisions"}],"predecessor-version":[{"id":63753,"href":"https:\/\/new.villa-arson.fr\/en\/wp-json\/wp\/v2\/pages\/63752\/revisions\/63753"}],"up":[{"embeddable":true,"href":"https:\/\/new.villa-arson.fr\/en\/wp-json\/wp\/v2\/pages\/63701"}],"wp:featuredmedia":[{"embeddable":true,"href":"https:\/\/new.villa-arson.fr\/en\/wp-json\/wp\/v2\/media\/21278"}],"wp:attachment":[{"href":"https:\/\/new.villa-arson.fr\/en\/wp-json\/wp\/v2\/media?parent=63752"}],"curies":[{"name":"wp","href":"https:\/\/api.w.org\/{rel}","templated":true}]}}