{"id":63754,"date":"2025-05-02T18:09:46","date_gmt":"2025-05-02T16:09:46","guid":{"rendered":"https:\/\/new.villa-arson.fr\/?page_id=63754"},"modified":"2025-05-02T18:09:51","modified_gmt":"2025-05-02T16:09:51","slug":"join-the-outreach-team","status":"publish","type":"page","link":"https:\/\/new.villa-arson.fr\/en\/school-of-art\/join-the-outreach-team\/","title":{"rendered":"Join the outreach team"},"content":{"rendered":"\n<h1 class=\"wp-block-heading\"><strong>Join the outreach team<\/strong><\/h1>\n\n\n\n<figure class=\"wp-block-image size-large\"><img decoding=\"async\" width=\"1024\" height=\"683\" src=\"\/app\/uploads\/2021\/07\/0000LaDoublure-1024x683.jpg\" alt=\"\u00e9quipe de m\u00e9diateurs portant un sweat-shirt r\u00e9alis\u00e9 par les artistes-commissaires\" class=\"wp-image-4548\" srcset=\"https:\/\/villa-arson-assets.ams3.digitaloceanspaces.com\/production\/app\/uploads\/2021\/07\/21000914\/0000LaDoublure-1024x683.jpg 1024w, https:\/\/villa-arson-assets.ams3.digitaloceanspaces.com\/production\/app\/uploads\/2021\/07\/21000914\/0000LaDoublure-scaled-600x400.jpg 600w, https:\/\/villa-arson-assets.ams3.digitaloceanspaces.com\/production\/app\/uploads\/2021\/07\/21000914\/0000LaDoublure-300x200.jpg 300w, https:\/\/villa-arson-assets.ams3.digitaloceanspaces.com\/production\/app\/uploads\/2021\/07\/21000914\/0000LaDoublure-768x512.jpg 768w, https:\/\/villa-arson-assets.ams3.digitaloceanspaces.com\/production\/app\/uploads\/2021\/07\/21000914\/0000LaDoublure-1536x1024.jpg 1536w, https:\/\/villa-arson-assets.ams3.digitaloceanspaces.com\/production\/app\/uploads\/2021\/07\/21000914\/0000LaDoublure-2048x1365.jpg 2048w, https:\/\/villa-arson-assets.ams3.digitaloceanspaces.com\/production\/app\/uploads\/2021\/07\/21000914\/0000LaDoublure-400x267.jpg 400w, https:\/\/villa-arson-assets.ams3.digitaloceanspaces.com\/production\/app\/uploads\/2021\/07\/21000914\/0000LaDoublure-scaled.jpg 1920w\" sizes=\"(max-width: 1024px) 100vw, 1024px\" \/><figcaption class=\"wp-element-caption\"><em>La Doublure<\/em>, exhibition at Villa Arson, 2017<\/figcaption><\/figure>\n\n\n\n<p>For each exhibition, the visitors\u2019 services department recruits a team of students interested in helping to facilitate exhibitions and participating in artistic and cultural education projects.<\/p>\n\n\n\n<p>This might mean students who are interested in welcoming, informing and interacting with different audiences (i.e., meeting individual members of the public and guiding exhibitions at the art center); or it might mean those who are keen to devise and lead a \u201crendez-vous point de vue\u201d, or guided tour, based on a subjective selection of artworks, which are set into context with the stakes of the exhibition project and their own spheres of interest. The aim is to avoid offering a \u201cgreatest hits\u201d of what the curators and artists have said, and instead to give your own singular, embodied take on an exhibition.<\/p>\n\n\n\n<p>Another option is helping to design and guide visits and\/or workshops for school groups, community education associations, social integration associations, the medico-educational sector, young audiences during school holidays, or various equal opportunities programs.<\/p>\n\n\n\n<p>The chance to join the outreach team is open to students who are motivated by collaborative practices and experimentation, which is to say they\u2019re passionate about escaping from the norm and innovating!<\/p>\n\n\n\n<p>Outreach volunteers benefit from training led by the visitor services\u2019 department and exclusive meetings with artists and exhibition curators. Often, in collaboration with those artists, volunteers are needed to create and implement exhibition-specific visitor initiatives.<\/p>\n\n\n<div class=\"align wp-block-contenu-associe\">\n            <div>\n            <div class=\"acf-innerblocks-container\">\n\n<h3 class=\"wp-block-heading\"><\/h3>\n\n<\/div>\n        <\/div>\n        <div class=\"c-a__container grid flex-row grid-cols-1 sm:grid-cols-2 lg:grid-cols-3 gap-4\">\n                            <div class=\"flex flex-col link-container\" data-href=\"https:\/\/new.villa-arson.fr\/en\/school-of-art\/join-the-production-crew\/\">\n                    <a href=\"https:\/\/new.villa-arson.fr\/en\/school-of-art\/join-the-production-crew\/\" class=\"contents\">\n                        <div class=\"ratio-16x9\">\n                            <figure><img decoding=\"async\" width=\"193\" height=\"290\" src=\"https:\/\/villa-arson-assets.ams3.digitaloceanspaces.com\/production\/app\/uploads\/2021\/10\/20225055\/013ConstruireSaPre%CC%81tendueMontage%C2%A9JcLett-193x290.jpg\" class=\"attachment-post-thumbnail size-post-thumbnail wp-post-image\" alt=\"trois personnes sur deux \u00e9chelles accrochent des dessins\" srcset=\"https:\/\/villa-arson-assets.ams3.digitaloceanspaces.com\/production\/app\/uploads\/2021\/10\/20225055\/013ConstruireSaPre%CC%81tendueMontage%C2%A9JcLett-193x290.jpg 193w, https:\/\/villa-arson-assets.ams3.digitaloceanspaces.com\/production\/app\/uploads\/2021\/10\/20225055\/013ConstruireSaPre%CC%81tendueMontage%C2%A9JcLett-200x300.jpg 200w, https:\/\/villa-arson-assets.ams3.digitaloceanspaces.com\/production\/app\/uploads\/2021\/10\/20225055\/013ConstruireSaPre%CC%81tendueMontage%C2%A9JcLett-683x1024.jpg 683w, https:\/\/villa-arson-assets.ams3.digitaloceanspaces.com\/production\/app\/uploads\/2021\/10\/20225055\/013ConstruireSaPre%CC%81tendueMontage%C2%A9JcLett-768x1152.jpg 768w, https:\/\/villa-arson-assets.ams3.digitaloceanspaces.com\/production\/app\/uploads\/2021\/10\/20225055\/013ConstruireSaPre%CC%81tendueMontage%C2%A9JcLett-1024x1536.jpg 1024w, https:\/\/villa-arson-assets.ams3.digitaloceanspaces.com\/production\/app\/uploads\/2021\/10\/20225055\/013ConstruireSaPre%CC%81tendueMontage%C2%A9JcLett-1365x2048.jpg 1365w, https:\/\/villa-arson-assets.ams3.digitaloceanspaces.com\/production\/app\/uploads\/2021\/10\/20225055\/013ConstruireSaPre%CC%81tendueMontage%C2%A9JcLett-600x900.jpg 600w, https:\/\/villa-arson-assets.ams3.digitaloceanspaces.com\/production\/app\/uploads\/2021\/10\/20225055\/013ConstruireSaPre%CC%81tendueMontage%C2%A9JcLett-scaled.jpg 1707w\" sizes=\"(max-width: 193px) 100vw, 193px\" \/><\/figure>\n                            <div class=\"hover-overlay top-0 left-0 right-0 bottom-0 hidden w-full h-full absolute\"><\/div>\n                        <\/div>\n                        <div class=\"wp-block-button alignleft simple-link\">\n                            <span class=\"wp-block-button__link\">Join the production crew<\/span>\n                        <\/div>\n                    <\/a>\n                <\/div>\n                            <div class=\"flex flex-col link-container\" data-href=\"https:\/\/new.villa-arson.fr\/en\/art-center\/visit\/visit-the-exhibitions\/\">\n                    <a href=\"https:\/\/new.villa-arson.fr\/en\/art-center\/visit\/visit-the-exhibitions\/\" class=\"contents\">\n                        <div class=\"ratio-16x9\">\n                            <figure><img decoding=\"async\" width=\"290\" height=\"290\" src=\"https:\/\/villa-arson-assets.ams3.digitaloceanspaces.com\/production\/app\/uploads\/2021\/07\/21001607\/rdv-point-de-vue-ete-2021-villa-arson-nice5-290x290.jpg\" class=\"attachment-post-thumbnail size-post-thumbnail wp-post-image\" alt=\"dessin d&#039;une pancarte o\u00f9 est inscrit je suis ravi d&#039;etre ici\" srcset=\"https:\/\/villa-arson-assets.ams3.digitaloceanspaces.com\/production\/app\/uploads\/2021\/07\/21001607\/rdv-point-de-vue-ete-2021-villa-arson-nice5-290x290.jpg 290w, https:\/\/villa-arson-assets.ams3.digitaloceanspaces.com\/production\/app\/uploads\/2021\/07\/21001607\/rdv-point-de-vue-ete-2021-villa-arson-nice5-300x300.jpg 300w, https:\/\/villa-arson-assets.ams3.digitaloceanspaces.com\/production\/app\/uploads\/2021\/07\/21001607\/rdv-point-de-vue-ete-2021-villa-arson-nice5-100x100.jpg 100w, https:\/\/villa-arson-assets.ams3.digitaloceanspaces.com\/production\/app\/uploads\/2021\/07\/21001607\/rdv-point-de-vue-ete-2021-villa-arson-nice5-600x600.jpg 600w, https:\/\/villa-arson-assets.ams3.digitaloceanspaces.com\/production\/app\/uploads\/2021\/07\/21001607\/rdv-point-de-vue-ete-2021-villa-arson-nice5-1024x1024.jpg 1024w, https:\/\/villa-arson-assets.ams3.digitaloceanspaces.com\/production\/app\/uploads\/2021\/07\/21001607\/rdv-point-de-vue-ete-2021-villa-arson-nice5-150x150.jpg 150w, https:\/\/villa-arson-assets.ams3.digitaloceanspaces.com\/production\/app\/uploads\/2021\/07\/21001607\/rdv-point-de-vue-ete-2021-villa-arson-nice5-768x768.jpg 768w, https:\/\/villa-arson-assets.ams3.digitaloceanspaces.com\/production\/app\/uploads\/2021\/07\/21001607\/rdv-point-de-vue-ete-2021-villa-arson-nice5-1536x1536.jpg 1536w, https:\/\/villa-arson-assets.ams3.digitaloceanspaces.com\/production\/app\/uploads\/2021\/07\/21001607\/rdv-point-de-vue-ete-2021-villa-arson-nice5.jpg 1560w\" sizes=\"(max-width: 290px) 100vw, 290px\" \/><\/figure>\n                            <div class=\"hover-overlay top-0 left-0 right-0 bottom-0 hidden w-full h-full absolute\"><\/div>\n                        <\/div>\n                        <div class=\"wp-block-button alignleft simple-link\">\n                            <span class=\"wp-block-button__link\">Visit the exhibitions<\/span>\n                        <\/div>\n                    <\/a>\n                <\/div>\n                            <div class=\"flex flex-col link-container\" data-href=\"https:\/\/new.villa-arson.fr\/en\/art-center\/visit\/\">\n                    <a href=\"https:\/\/new.villa-arson.fr\/en\/art-center\/visit\/\" class=\"contents\">\n                        <div class=\"ratio-16x9\">\n                            <figure><img decoding=\"async\" width=\"400\" height=\"267\" src=\"https:\/\/villa-arson-assets.ams3.digitaloceanspaces.com\/production\/app\/uploads\/2021\/10\/20225257\/45A5358_DxO-soft-copie-400x267.jpg\" class=\"attachment-post-thumbnail size-post-thumbnail wp-post-image\" alt=\"\" srcset=\"https:\/\/villa-arson-assets.ams3.digitaloceanspaces.com\/production\/app\/uploads\/2021\/10\/20225257\/45A5358_DxO-soft-copie-400x267.jpg 400w, https:\/\/villa-arson-assets.ams3.digitaloceanspaces.com\/production\/app\/uploads\/2021\/10\/20225257\/45A5358_DxO-soft-copie-300x200.jpg 300w, https:\/\/villa-arson-assets.ams3.digitaloceanspaces.com\/production\/app\/uploads\/2021\/10\/20225257\/45A5358_DxO-soft-copie-1024x683.jpg 1024w, https:\/\/villa-arson-assets.ams3.digitaloceanspaces.com\/production\/app\/uploads\/2021\/10\/20225257\/45A5358_DxO-soft-copie-768x512.jpg 768w, https:\/\/villa-arson-assets.ams3.digitaloceanspaces.com\/production\/app\/uploads\/2021\/10\/20225257\/45A5358_DxO-soft-copie-600x400.jpg 600w\" sizes=\"(max-width: 400px) 100vw, 400px\" \/><\/figure>\n                            <div class=\"hover-overlay top-0 left-0 right-0 bottom-0 hidden w-full h-full absolute\"><\/div>\n                        <\/div>\n                        <div class=\"wp-block-button alignleft simple-link\">\n                            <span class=\"wp-block-button__link\">Visit<\/span>\n                        <\/div>\n                    <\/a>\n                <\/div>\n                    <\/div>\n    <\/div>\n","protected":false},"excerpt":{"rendered":"<p>Join the outreach team For each exhibition, the visitors\u2019 services department recruits a team of students interested in helping to facilitate exhibitions and participating in artistic and cultural education projects. This might mean students who are interested in welcoming, informing and interacting with different audiences (i.e., meeting individual members of the public and guiding exhibitions &hellip; <a href=\"https:\/\/new.villa-arson.fr\/en\/school-of-art\/join-the-outreach-team\/\">Continued<\/a><\/p>\n","protected":false},"author":1,"featured_media":4549,"parent":63701,"menu_order":0,"comment_status":"closed","ping_status":"closed","template":"","meta":{"_acf_changed":false,"_relevanssi_hide_post":"","_relevanssi_hide_content":"","_relevanssi_pin_for_all":"","_relevanssi_pin_keywords":"","_relevanssi_unpin_keywords":"","_relevanssi_related_keywords":"","_relevanssi_related_include_ids":"","_relevanssi_related_exclude_ids":"","_relevanssi_related_no_append":"","_relevanssi_related_not_related":"","_relevanssi_related_posts":"54293","_relevanssi_noindex_reason":"","footnotes":""},"class_list":["post-63754","page","type-page","status-publish","has-post-thumbnail","hentry"],"acf":[],"_links":{"self":[{"href":"https:\/\/new.villa-arson.fr\/en\/wp-json\/wp\/v2\/pages\/63754","targetHints":{"allow":["GET"]}}],"collection":[{"href":"https:\/\/new.villa-arson.fr\/en\/wp-json\/wp\/v2\/pages"}],"about":[{"href":"https:\/\/new.villa-arson.fr\/en\/wp-json\/wp\/v2\/types\/page"}],"author":[{"embeddable":true,"href":"https:\/\/new.villa-arson.fr\/en\/wp-json\/wp\/v2\/users\/1"}],"replies":[{"embeddable":true,"href":"https:\/\/new.villa-arson.fr\/en\/wp-json\/wp\/v2\/comments?post=63754"}],"version-history":[{"count":1,"href":"https:\/\/new.villa-arson.fr\/en\/wp-json\/wp\/v2\/pages\/63754\/revisions"}],"predecessor-version":[{"id":63755,"href":"https:\/\/new.villa-arson.fr\/en\/wp-json\/wp\/v2\/pages\/63754\/revisions\/63755"}],"up":[{"embeddable":true,"href":"https:\/\/new.villa-arson.fr\/en\/wp-json\/wp\/v2\/pages\/63701"}],"wp:featuredmedia":[{"embeddable":true,"href":"https:\/\/new.villa-arson.fr\/en\/wp-json\/wp\/v2\/media\/4549"}],"wp:attachment":[{"href":"https:\/\/new.villa-arson.fr\/en\/wp-json\/wp\/v2\/media?parent=63754"}],"curies":[{"name":"wp","href":"https:\/\/api.w.org\/{rel}","templated":true}]}}