{"id":63776,"date":"2025-05-02T19:32:46","date_gmt":"2025-05-02T17:32:46","guid":{"rendered":"https:\/\/new.villa-arson.fr\/?page_id=63776"},"modified":"2025-05-02T19:32:51","modified_gmt":"2025-05-02T17:32:51","slug":"lines-of-research","status":"publish","type":"page","link":"https:\/\/new.villa-arson.fr\/en\/research\/lines-of-research\/","title":{"rendered":"Lines of research"},"content":{"rendered":"\n<h1 class=\"wp-block-heading\"><strong>Lines of research<\/strong><\/h1>\n\n\n\n<p><\/p>\n\n\n\n<p>The research undertaken by Villa Arson\u2019s teaching staff is now structured around five lines of enquiry, some of which are conducted in partnership with UniCA laboratories (the Sophia Antipolis Laboratory of Computer Science, Signals and Systems; and the Unit\u00e9 de Recherches Migrations et Soci\u00e9t\u00e9) and foreign institutions such as the Nuova Accademia di Belle Arti in Milan.<\/p>\n\n\n\n<h3 class=\"wp-block-heading\">La surface d\u00e9mange <\/h3>\n\n\n\n<p>Lead: Sophie Orlando (Villa Arson teacher) in collaboration with Christelle Alin (also Villa Arson)<\/p>\n\n\n\n<p>La surface d\u00e9mange is a line of research into critical approaches to arts education. The namesake platform welcomes contributions on emancipatory forms of pedagogy from a variety of sources including higher education bodies in art and design, art centers and art activist networks. The platform has been accessible on the Villa Arson website since May 2024.<\/p>\n\n\n<div class=\"expo-block has-bg alignfull wp-block-post-simple\" style=\"--bg-block:#f0eea2;\">\n     <a href=\"https:\/\/lasurfacedemange.new.villa-arson.fr\/\">     <div class=\"inner-container\">\n      <div class=\"acf-innerblocks-container\">\n\n<div class=\"wp-block-cover alignfull\"><img decoding=\"async\" width=\"1772\" height=\"1240\" class=\"wp-block-cover__image-background wp-image-37936\" alt=\"\" src=\"https:\/\/villa-arson-assets.ams3.digitaloceanspaces.com\/production\/app\/uploads\/2024\/05\/16104459\/LSD-Carte-postale-RVB-HD1.jpg\" data-object-fit=\"cover\" srcset=\"https:\/\/villa-arson-assets.ams3.digitaloceanspaces.com\/production\/app\/uploads\/2024\/05\/16104459\/LSD-Carte-postale-RVB-HD1.jpg 1772w, https:\/\/villa-arson-assets.ams3.digitaloceanspaces.com\/production\/app\/uploads\/2024\/05\/16104459\/LSD-Carte-postale-RVB-HD1-300x210.jpg 300w, https:\/\/villa-arson-assets.ams3.digitaloceanspaces.com\/production\/app\/uploads\/2024\/05\/16104459\/LSD-Carte-postale-RVB-HD1-1024x717.jpg 1024w, https:\/\/villa-arson-assets.ams3.digitaloceanspaces.com\/production\/app\/uploads\/2024\/05\/16104459\/LSD-Carte-postale-RVB-HD1-768x537.jpg 768w, https:\/\/villa-arson-assets.ams3.digitaloceanspaces.com\/production\/app\/uploads\/2024\/05\/16104459\/LSD-Carte-postale-RVB-HD1-1536x1075.jpg 1536w, https:\/\/villa-arson-assets.ams3.digitaloceanspaces.com\/production\/app\/uploads\/2024\/05\/16104459\/LSD-Carte-postale-RVB-HD1-400x280.jpg 400w, https:\/\/villa-arson-assets.ams3.digitaloceanspaces.com\/production\/app\/uploads\/2024\/05\/16104459\/LSD-Carte-postale-RVB-HD1-600x420.jpg 600w\" sizes=\"(max-width: 1772px) 100vw, 1772px\" \/><span aria-hidden=\"true\" class=\"wp-block-cover__background has-background-dim\"><\/span><div class=\"wp-block-cover__inner-container is-layout-flow wp-block-cover-is-layout-flow\">\n<p class=\"has-text-align-center has-large-font-size\"><\/p>\n<\/div><\/div>\n\n\n\n<p><em>La surface d\u00e9mange<\/em>\u00a0is a line of research into critical approaches to arts education. This platform welcomes contributions on emancipatory forms of pedagogy from a variety of sources including higher education bodies in art and design, art centers and art activist networks.<\/p>\n\n\n\n<div class=\"wp-block-button simple-link\"><a class=\"wp-block-button__link wp-element-button\" href=\"https:\/\/lasurfacedemange.new.villa-arson.fr\/\">Consulter le site<\/a><\/div>\n\n<\/div>\n    <\/div>\n     \n      <\/a> \n    <\/div>\n\n\n\n<h3 class=\"wp-block-heading\">ECART \u00ad\u2014 Resonating Ceramics<\/h3>\n\n\n\n<p>Lead: Fr\u00e9d\u00e9ric Bauchet (Villa Arson)<\/p>\n\n\n\n<p>Resonating Ceramics is an innovative teaching and research program led by four renowned European art and design schools with complementary specialisms which have been collaborating to develop contemporary ceramics since 2009 as part of the ECART network (European Ceramic Art and Research Team). The aim of Resonating Ceramics is to boost participating students\u2019 skills as well as the teaching expertise of partner art and design schools in the field of the ceramic arts.<\/p>\n\n\n\n<p>Partner institutions: the \u00c9cole nationale sup\u00e9rieure des arts visuels de La Cambre \u2013 Brussels; the Haute \u00e9cole d\u2019art et de design (HEAD) \u2013 Geneva; the \u00c9cole sup\u00e9rieure d\u2019Arts plastiques de la Ville de Monaco; Le Pavillon Bosio \u2013 Monaco; EKWC: Sundaymorning@ekwc \u2013 Tilburg (artist-in-residence and research center promoting the development of ceramics in art, design and architecture); Flux Laboratory \u2013 Geneva; L\u2019Abri \u2013 Geneva.<\/p>\n\n\n\n<p>The artworks developed from this program were the subject of an exhibition, <em>Resonating Ceramics<\/em>, held in summer 2023 in the gardens of the Villa Arson.<\/p>\n\n\n<div class=\"align wp-block-contenu-associe\">\n            <div>\n            <div class=\"acf-innerblocks-container\">\n\n<h3 class=\"wp-block-heading\"><\/h3>\n\n<\/div>\n        <\/div>\n        <div class=\"c-a__container grid flex-row grid-cols-1 sm:grid-cols-2 lg:grid-cols-3 gap-4\">\n                            <div class=\"flex flex-col link-container\" data-href=\"https:\/\/new.villa-arson.fr\/recherche\/lignes-de-recherche\/resonances-ceramiques\/\">\n                    <a href=\"https:\/\/new.villa-arson.fr\/recherche\/lignes-de-recherche\/resonances-ceramiques\/\" class=\"contents\">\n                        <div class=\"ratio-16x9\">\n                            <figure><img decoding=\"async\" width=\"400\" height=\"267\" src=\"https:\/\/villa-arson-assets.ams3.digitaloceanspaces.com\/production\/app\/uploads\/2021\/10\/20224729\/ECART_FLUX-LAB_CERCCO_1_10_19%C2%A9B-Coulon_01-Web-400x267.jpeg\" class=\"attachment-post-thumbnail size-post-thumbnail wp-post-image\" alt=\"\" srcset=\"https:\/\/villa-arson-assets.ams3.digitaloceanspaces.com\/production\/app\/uploads\/2021\/10\/20224729\/ECART_FLUX-LAB_CERCCO_1_10_19%C2%A9B-Coulon_01-Web-400x267.jpeg 400w, https:\/\/villa-arson-assets.ams3.digitaloceanspaces.com\/production\/app\/uploads\/2021\/10\/20224729\/ECART_FLUX-LAB_CERCCO_1_10_19%C2%A9B-Coulon_01-Web-300x200.jpeg 300w, https:\/\/villa-arson-assets.ams3.digitaloceanspaces.com\/production\/app\/uploads\/2021\/10\/20224729\/ECART_FLUX-LAB_CERCCO_1_10_19%C2%A9B-Coulon_01-Web-391x260.jpeg 391w, https:\/\/villa-arson-assets.ams3.digitaloceanspaces.com\/production\/app\/uploads\/2021\/10\/20224729\/ECART_FLUX-LAB_CERCCO_1_10_19%C2%A9B-Coulon_01-Web-600x400.jpeg 600w, https:\/\/villa-arson-assets.ams3.digitaloceanspaces.com\/production\/app\/uploads\/2021\/10\/20224729\/ECART_FLUX-LAB_CERCCO_1_10_19%C2%A9B-Coulon_01-Web.jpeg 700w\" sizes=\"(max-width: 400px) 100vw, 400px\" \/><\/figure>\n                            <div class=\"hover-overlay top-0 left-0 right-0 bottom-0 hidden w-full h-full absolute\"><\/div>\n                        <\/div>\n                        <div class=\"wp-block-button alignleft simple-link\">\n                            <span class=\"wp-block-button__link\">Resonating Ceramics<\/span>\n                        <\/div>\n                    <\/a>\n                <\/div>\n                            <div class=\"flex flex-col link-container\" data-href=\"https:\/\/new.villa-arson.fr\/programmation\/agenda\/resonating-ceramics\/\">\n                    <a href=\"https:\/\/new.villa-arson.fr\/programmation\/agenda\/resonating-ceramics\/\" class=\"contents\">\n                        <div class=\"ratio-16x9\">\n                            <figure><img decoding=\"async\" width=\"400\" height=\"267\" src=\"https:\/\/villa-arson-assets.ams3.digitaloceanspaces.com\/production\/app\/uploads\/2023\/04\/28103009\/LIYH_RESONATING-CERAMICS%C2%A9RaphaelleMueller-8-400x267.jpg\" class=\"attachment-post-thumbnail size-post-thumbnail wp-post-image\" alt=\"\" srcset=\"https:\/\/villa-arson-assets.ams3.digitaloceanspaces.com\/production\/app\/uploads\/2023\/04\/28103009\/LIYH_RESONATING-CERAMICS%C2%A9RaphaelleMueller-8-400x267.jpg 400w, https:\/\/villa-arson-assets.ams3.digitaloceanspaces.com\/production\/app\/uploads\/2023\/04\/28103009\/LIYH_RESONATING-CERAMICS%C2%A9RaphaelleMueller-8-300x200.jpg 300w, https:\/\/villa-arson-assets.ams3.digitaloceanspaces.com\/production\/app\/uploads\/2023\/04\/28103009\/LIYH_RESONATING-CERAMICS%C2%A9RaphaelleMueller-8-1024x683.jpg 1024w, https:\/\/villa-arson-assets.ams3.digitaloceanspaces.com\/production\/app\/uploads\/2023\/04\/28103009\/LIYH_RESONATING-CERAMICS%C2%A9RaphaelleMueller-8-768x512.jpg 768w, https:\/\/villa-arson-assets.ams3.digitaloceanspaces.com\/production\/app\/uploads\/2023\/04\/28103009\/LIYH_RESONATING-CERAMICS%C2%A9RaphaelleMueller-8-391x260.jpg 391w, https:\/\/villa-arson-assets.ams3.digitaloceanspaces.com\/production\/app\/uploads\/2023\/04\/28103009\/LIYH_RESONATING-CERAMICS%C2%A9RaphaelleMueller-8-1536x1024.jpg 1536w, https:\/\/villa-arson-assets.ams3.digitaloceanspaces.com\/production\/app\/uploads\/2023\/04\/28103009\/LIYH_RESONATING-CERAMICS%C2%A9RaphaelleMueller-8-600x400.jpg 600w, https:\/\/villa-arson-assets.ams3.digitaloceanspaces.com\/production\/app\/uploads\/2023\/04\/28103009\/LIYH_RESONATING-CERAMICS%C2%A9RaphaelleMueller-8.jpg 1600w\" sizes=\"(max-width: 400px) 100vw, 400px\" \/><\/figure>\n                            <div class=\"hover-overlay top-0 left-0 right-0 bottom-0 hidden w-full h-full absolute\"><\/div>\n                        <\/div>\n                        <div class=\"wp-block-button alignleft simple-link\">\n                            <span class=\"wp-block-button__link\">Resonating Ceramics<\/span>\n                        <\/div>\n                    <\/a>\n                <\/div>\n                            <div class=\"flex flex-col link-container\" data-href=\"https:\/\/new.villa-arson.fr\/actualites\/2023\/10\/parution-du-catalogue-reonating-ceramics\/\">\n                    <a href=\"https:\/\/new.villa-arson.fr\/actualites\/2023\/10\/parution-du-catalogue-reonating-ceramics\/\" class=\"contents\">\n                        <div class=\"ratio-16x9\">\n                            <figure><img decoding=\"async\" width=\"400\" height=\"283\" src=\"https:\/\/villa-arson-assets.ams3.digitaloceanspaces.com\/production\/app\/uploads\/2023\/10\/10113327\/resonating_ceramics_paysage-400x283.jpg\" class=\"attachment-post-thumbnail size-post-thumbnail wp-post-image\" alt=\"\" srcset=\"https:\/\/villa-arson-assets.ams3.digitaloceanspaces.com\/production\/app\/uploads\/2023\/10\/10113327\/resonating_ceramics_paysage-400x283.jpg 400w, https:\/\/villa-arson-assets.ams3.digitaloceanspaces.com\/production\/app\/uploads\/2023\/10\/10113327\/resonating_ceramics_paysage-300x212.jpg 300w, https:\/\/villa-arson-assets.ams3.digitaloceanspaces.com\/production\/app\/uploads\/2023\/10\/10113327\/resonating_ceramics_paysage-1024x724.jpg 1024w, https:\/\/villa-arson-assets.ams3.digitaloceanspaces.com\/production\/app\/uploads\/2023\/10\/10113327\/resonating_ceramics_paysage-768x543.jpg 768w, https:\/\/villa-arson-assets.ams3.digitaloceanspaces.com\/production\/app\/uploads\/2023\/10\/10113327\/resonating_ceramics_paysage-600x424.jpg 600w, https:\/\/villa-arson-assets.ams3.digitaloceanspaces.com\/production\/app\/uploads\/2023\/10\/10113327\/resonating_ceramics_paysage.jpg 1123w\" sizes=\"(max-width: 400px) 100vw, 400px\" \/><\/figure>\n                            <div class=\"hover-overlay top-0 left-0 right-0 bottom-0 hidden w-full h-full absolute\"><\/div>\n                        <\/div>\n                        <div class=\"wp-block-button alignleft simple-link\">\n                            <span class=\"wp-block-button__link\">Parution du catalogue Resonating Ceramics<\/span>\n                        <\/div>\n                    <\/a>\n                <\/div>\n                    <\/div>\n    <\/div>\n\n\n\n<h3 class=\"wp-block-heading\">G-Art <\/h3>\n\n\n\n<p>Leads: Jean-Louis Paquelin (Villa Arson), Enrico Formenti (UniCA)<\/p>\n\n\n\n<p>G-Art is a research group initiated in 2019 by Jean-Louis Paquelin (Villa Arson) and Enrico Formenti (Laboratoire I3S, UniCA). It proposes a transdisciplinary exploration \u2014 artistic and algorithmic \u2014 of various digital objects such as higher-order cellular automata, constrained tessellations, machine learning and genetic programming. Here the focus is on research <em>through<\/em> art, not research <em>into<\/em> art.<\/p>\n\n\n<div class=\"align wp-block-contenu-associe\">\n            <div>\n            <div class=\"acf-innerblocks-container\">\n\n<h3 class=\"wp-block-heading\"><\/h3>\n\n<\/div>\n        <\/div>\n        <div class=\"c-a__container grid flex-row grid-cols-1 sm:grid-cols-2 lg:grid-cols-3 gap-4\">\n                            <div class=\"flex flex-col link-container\" data-href=\"https:\/\/new.villa-arson.fr\/recherche\/lignes-de-recherche\/g-art\/\">\n                    <a href=\"https:\/\/new.villa-arson.fr\/recherche\/lignes-de-recherche\/g-art\/\" class=\"contents\">\n                        <div class=\"ratio-16x9\">\n                            <figure><img decoding=\"async\" width=\"400\" height=\"250\" src=\"https:\/\/villa-arson-assets.ams3.digitaloceanspaces.com\/production\/app\/uploads\/2023\/02\/09183948\/dialog-vinci-wiener-clip-1200x750-1-400x250.jpg\" class=\"attachment-post-thumbnail size-post-thumbnail wp-post-image\" alt=\"\" srcset=\"https:\/\/villa-arson-assets.ams3.digitaloceanspaces.com\/production\/app\/uploads\/2023\/02\/09183948\/dialog-vinci-wiener-clip-1200x750-1-400x250.jpg 400w, https:\/\/villa-arson-assets.ams3.digitaloceanspaces.com\/production\/app\/uploads\/2023\/02\/09183948\/dialog-vinci-wiener-clip-1200x750-1-300x188.jpg 300w, https:\/\/villa-arson-assets.ams3.digitaloceanspaces.com\/production\/app\/uploads\/2023\/02\/09183948\/dialog-vinci-wiener-clip-1200x750-1-1024x640.jpg 1024w, https:\/\/villa-arson-assets.ams3.digitaloceanspaces.com\/production\/app\/uploads\/2023\/02\/09183948\/dialog-vinci-wiener-clip-1200x750-1-768x480.jpg 768w, https:\/\/villa-arson-assets.ams3.digitaloceanspaces.com\/production\/app\/uploads\/2023\/02\/09183948\/dialog-vinci-wiener-clip-1200x750-1-600x375.jpg 600w, https:\/\/villa-arson-assets.ams3.digitaloceanspaces.com\/production\/app\/uploads\/2023\/02\/09183948\/dialog-vinci-wiener-clip-1200x750-1.jpg 1200w\" sizes=\"(max-width: 400px) 100vw, 400px\" \/><\/figure>\n                            <div class=\"hover-overlay top-0 left-0 right-0 bottom-0 hidden w-full h-full absolute\"><\/div>\n                        <\/div>\n                        <div class=\"wp-block-button alignleft simple-link\">\n                            <span class=\"wp-block-button__link\">g-art<\/span>\n                        <\/div>\n                    <\/a>\n                <\/div>\n                    <\/div>\n    <\/div>\n\n\n\n<h3 class=\"wp-block-heading\">Les voies des images <\/h3>\n\n\n\n<p>Leads: Vittorio Parisi (Villa Arson), Matteo Treleani (UniCA)<a href=\"https:\/\/villa-arson.fr\/actualites\/2021\/09\/les-voies-des-images\/\">Les voies des images&nbsp;<\/a>is an interdisciplinary research program launched in 2021 and reuniting students from Villa Arson and UniCA\u2019s Master\u2019s in Media and Digital Humanities. Its aim is to provide an overview of research and creation in the vast domain of images and their circulation. In 2023, Fabien Zocco presented his film <em>Attack the Sun<\/em> (2019), made in tandem with Gwendale Sartre.<\/p>\n\n\n\n<h3 class=\"wp-block-heading\">TO DISPLAY THE DISPLAY <\/h3>\n\n\n\n<p>Leads: Vittorio Parisi (Villa Arson), Elvira Vannini (NABA), Vincenzo Estremo (NABA), Marcello Barison (Free University of Bozen-Bolzano) To Display the Display was a symposium held in October 2023 by NABA\u2019s Center de recherche et d\u2019innovation. It marked the beginning of a collaborative research program between NABA, the Free University of Bozen-Bolzano and Villa Arson. Guest speakers and participants tackled the theme of the display, arriving at a collective understanding and thus sketching a new horizon for research.<\/p>\n\n\n<div class=\"align wp-block-contenu-associe\">\n            <div>\n            <div class=\"acf-innerblocks-container\">\n\n<h3 class=\"wp-block-heading\">Previous lines of research<\/h3>\n\n<\/div>\n        <\/div>\n        <div class=\"c-a__container grid flex-row grid-cols-1 sm:grid-cols-2 lg:grid-cols-3 gap-4\">\n                            <div class=\"flex flex-col link-container\" data-href=\"https:\/\/new.villa-arson.fr\/recherche\/lignes-de-recherche\/situations-post\/\">\n                    <a href=\"https:\/\/new.villa-arson.fr\/recherche\/lignes-de-recherche\/situations-post\/\" class=\"contents\">\n                        <div class=\"ratio-16x9\">\n                            <figure><img decoding=\"async\" width=\"400\" height=\"200\" src=\"https:\/\/villa-arson-assets.ams3.digitaloceanspaces.com\/production\/app\/uploads\/2021\/10\/20224356\/3f9f694_-BZVjYEuEpSd7U1heDRFFkn--400x200.jpeg\" class=\"attachment-post-thumbnail size-post-thumbnail wp-post-image\" alt=\"\" srcset=\"https:\/\/villa-arson-assets.ams3.digitaloceanspaces.com\/production\/app\/uploads\/2021\/10\/20224356\/3f9f694_-BZVjYEuEpSd7U1heDRFFkn--400x200.jpeg 400w, https:\/\/villa-arson-assets.ams3.digitaloceanspaces.com\/production\/app\/uploads\/2021\/10\/20224356\/3f9f694_-BZVjYEuEpSd7U1heDRFFkn--300x150.jpeg 300w, https:\/\/villa-arson-assets.ams3.digitaloceanspaces.com\/production\/app\/uploads\/2021\/10\/20224356\/3f9f694_-BZVjYEuEpSd7U1heDRFFkn--1024x512.jpeg 1024w, https:\/\/villa-arson-assets.ams3.digitaloceanspaces.com\/production\/app\/uploads\/2021\/10\/20224356\/3f9f694_-BZVjYEuEpSd7U1heDRFFkn--768x384.jpeg 768w, https:\/\/villa-arson-assets.ams3.digitaloceanspaces.com\/production\/app\/uploads\/2021\/10\/20224356\/3f9f694_-BZVjYEuEpSd7U1heDRFFkn--1536x768.jpeg 1536w, https:\/\/villa-arson-assets.ams3.digitaloceanspaces.com\/production\/app\/uploads\/2021\/10\/20224356\/3f9f694_-BZVjYEuEpSd7U1heDRFFkn--600x300.jpeg 600w, https:\/\/villa-arson-assets.ams3.digitaloceanspaces.com\/production\/app\/uploads\/2021\/10\/20224356\/3f9f694_-BZVjYEuEpSd7U1heDRFFkn-.jpeg 2048w\" sizes=\"(max-width: 400px) 100vw, 400px\" \/><\/figure>\n                            <div class=\"hover-overlay top-0 left-0 right-0 bottom-0 hidden w-full h-full absolute\"><\/div>\n                        <\/div>\n                        <div class=\"wp-block-button alignleft simple-link\">\n                            <span class=\"wp-block-button__link\">Situations Post<\/span>\n                        <\/div>\n                    <\/a>\n                <\/div>\n                    <\/div>\n    <\/div>\n","protected":false},"excerpt":{"rendered":"<p>Lines of research The research undertaken by Villa Arson\u2019s teaching staff is now structured around five lines of enquiry, some of which are conducted in partnership with UniCA laboratories (the Sophia Antipolis Laboratory of Computer Science, Signals and Systems; and the Unit\u00e9 de Recherches Migrations et Soci\u00e9t\u00e9) and foreign institutions such as the Nuova Accademia &hellip; <a href=\"https:\/\/new.villa-arson.fr\/en\/research\/lines-of-research\/\">Continued<\/a><\/p>\n","protected":false},"author":1,"featured_media":58201,"parent":63772,"menu_order":0,"comment_status":"closed","ping_status":"closed","template":"","meta":{"_acf_changed":false,"_relevanssi_hide_post":"","_relevanssi_hide_content":"","_relevanssi_pin_for_all":"","_relevanssi_pin_keywords":"","_relevanssi_unpin_keywords":"","_relevanssi_related_keywords":"","_relevanssi_related_include_ids":"","_relevanssi_related_exclude_ids":"","_relevanssi_related_no_append":"","_relevanssi_related_not_related":"","_relevanssi_related_posts":"54293","_relevanssi_noindex_reason":"","footnotes":""},"class_list":["post-63776","page","type-page","status-publish","has-post-thumbnail","hentry"],"acf":[],"_links":{"self":[{"href":"https:\/\/new.villa-arson.fr\/en\/wp-json\/wp\/v2\/pages\/63776","targetHints":{"allow":["GET"]}}],"collection":[{"href":"https:\/\/new.villa-arson.fr\/en\/wp-json\/wp\/v2\/pages"}],"about":[{"href":"https:\/\/new.villa-arson.fr\/en\/wp-json\/wp\/v2\/types\/page"}],"author":[{"embeddable":true,"href":"https:\/\/new.villa-arson.fr\/en\/wp-json\/wp\/v2\/users\/1"}],"replies":[{"embeddable":true,"href":"https:\/\/new.villa-arson.fr\/en\/wp-json\/wp\/v2\/comments?post=63776"}],"version-history":[{"count":1,"href":"https:\/\/new.villa-arson.fr\/en\/wp-json\/wp\/v2\/pages\/63776\/revisions"}],"predecessor-version":[{"id":63777,"href":"https:\/\/new.villa-arson.fr\/en\/wp-json\/wp\/v2\/pages\/63776\/revisions\/63777"}],"up":[{"embeddable":true,"href":"https:\/\/new.villa-arson.fr\/en\/wp-json\/wp\/v2\/pages\/63772"}],"wp:featuredmedia":[{"embeddable":true,"href":"https:\/\/new.villa-arson.fr\/en\/wp-json\/wp\/v2\/media\/58201"}],"wp:attachment":[{"href":"https:\/\/new.villa-arson.fr\/en\/wp-json\/wp\/v2\/media?parent=63776"}],"curies":[{"name":"wp","href":"https:\/\/api.w.org\/{rel}","templated":true}]}}