{"id":63778,"date":"2025-05-02T19:38:47","date_gmt":"2025-05-02T17:38:47","guid":{"rendered":"https:\/\/new.villa-arson.fr\/?page_id=63778"},"modified":"2025-05-02T19:38:50","modified_gmt":"2025-05-02T17:38:50","slug":"laboratoire-international-associe-lia","status":"publish","type":"page","link":"https:\/\/new.villa-arson.fr\/en\/research\/laboratoire-international-associe-lia\/","title":{"rendered":"Laboratoire international associ\u00e9 (lia)"},"content":{"rendered":"\n<h1 class=\"wp-block-heading\"><strong>Laboratoire International Associ\u00e9 (LIA)<\/strong><\/h1>\n\n\n\n<p><br>As an autonomous body within the Universit\u00e9 C\u00f4te d\u2019Azur, Villa Arson plays a leading role in this exclusive partnership which has linked the Universit\u00e9 C\u00f4te d\u2019Azur and Quebec\u2019s Universit\u00e9 Laval since 2017. In particular, the school leads the Laboratoire International Associ\u00e9\u2019s project \u201cArts, soci\u00e9t\u00e9, mieux-\u00eatre\u201d (LIA-Asme) which was developed by the two partner institutions, and which will incorporate the future activities of Villa Arson\u2019s research laboratory. &nbsp;<\/p>\n\n\n\n<p>Focused on arts research and its links to the human and social sciences, in 2020 LIA-Asme obtained the full endorsement of the academic and administrative councils of the Universit\u00e9 C\u00f4te d\u2019Azur. Its main mission is to make artistic creation a tool for social and societal investigation, with particular attention given to topical subjects, transdisciplinary approaches and the new technical and methodological opportunities offered by technology and the applied sciences. &nbsp;<\/p>\n\n\n\n<p>In order to define LIA-Asme\u2019s scientific orientation, the Universit\u00e9 Laval, EUR CREATES and the Villa Arson have earmarked four directions of research:<\/p>\n\n\n\n<ul class=\"wp-block-list\">\n<li>Environmental humanities<\/li>\n\n\n\n<li>Displacement, migration and interculturality<\/li>\n\n\n\n<li>Art, care, (re)mediation<\/li>\n\n\n\n<li>Ephemeral art, street art, urban writing<br><\/li>\n<\/ul>\n\n\n\n<p>Each of these four directions draws on the scientific interests of the various partner institutions, taking into account the research and creative activities each has already produced (for instance the research module Situations post, created at Villa Arson in 2014 by Sophie Orlando and Katrin Str\u00f6bel).<\/p>\n\n\n\n<p>In addition, each of these proposed areas of research will necessarily consider the profound changes that affected our societies during the 2020 global health crisis, registering the upheavals and advances the pandemic provoked \u2014 particularly the wide-scale use of digital technology, the surge of environmental and societal responsibility, solidarity, and a necessary reflection on the development of society and its make-up through the contribution of art and culture.<\/p>\n\n\n\n<p>LIA-Asme\u2019s inaugural project was \u201cPenser et faire avec les artistes: quels mieux vivre dans la cit\u00e9 en temps de crise?\u201d, presented in November 2020 at the Commission permanente de coop\u00e9ration franco-qu\u00e9b\u00e9coise (CPCFQ). The project involved organising a Franco-Canadian transdisciplinary research and seminar program whose objective was to investigate how the COVID-19 crisis affected the relationship between communities and the city \u2014&nbsp;particularly ways of living and creating in the urban environment.<\/p>\n\n\n\n<p>Mobilising the fields of art and urban studies, this research project also tackled the question of careand its relationship to artistic creation and perception.<\/p>\n\n\n<div class=\"align wp-block-contenu-associe\">\n            <div>\n            <div class=\"acf-innerblocks-container\">\n\n<h3 class=\"wp-block-heading\"><\/h3>\n\n<\/div>\n        <\/div>\n        <div class=\"c-a__container grid flex-row grid-cols-1 sm:grid-cols-2 lg:grid-cols-3 gap-4\">\n                            <div class=\"flex flex-col link-container\" data-href=\"https:\/\/new.villa-arson.fr\/en\/research\/\">\n                    <a href=\"https:\/\/new.villa-arson.fr\/en\/research\/\" class=\"contents\">\n                        <div class=\"ratio-16x9\">\n                            <figure><img decoding=\"async\" width=\"232\" height=\"290\" src=\"https:\/\/villa-arson-assets.ams3.digitaloceanspaces.com\/production\/app\/uploads\/2025\/02\/20154716\/%C2%A9-manuel-bougot-2_resultat-232x290.jpg\" class=\"attachment-post-thumbnail size-post-thumbnail wp-post-image\" alt=\"Villa Arson\" srcset=\"https:\/\/villa-arson-assets.ams3.digitaloceanspaces.com\/production\/app\/uploads\/2025\/02\/20154716\/%C2%A9-manuel-bougot-2_resultat-232x290.jpg 232w, https:\/\/villa-arson-assets.ams3.digitaloceanspaces.com\/production\/app\/uploads\/2025\/02\/20154716\/%C2%A9-manuel-bougot-2_resultat-240x300.jpg 240w, https:\/\/villa-arson-assets.ams3.digitaloceanspaces.com\/production\/app\/uploads\/2025\/02\/20154716\/%C2%A9-manuel-bougot-2_resultat-819x1024.jpg 819w, https:\/\/villa-arson-assets.ams3.digitaloceanspaces.com\/production\/app\/uploads\/2025\/02\/20154716\/%C2%A9-manuel-bougot-2_resultat-768x960.jpg 768w, https:\/\/villa-arson-assets.ams3.digitaloceanspaces.com\/production\/app\/uploads\/2025\/02\/20154716\/%C2%A9-manuel-bougot-2_resultat-1229x1536.jpg 1229w, https:\/\/villa-arson-assets.ams3.digitaloceanspaces.com\/production\/app\/uploads\/2025\/02\/20154716\/%C2%A9-manuel-bougot-2_resultat-600x750.jpg 600w, https:\/\/villa-arson-assets.ams3.digitaloceanspaces.com\/production\/app\/uploads\/2025\/02\/20154716\/%C2%A9-manuel-bougot-2_resultat.jpg 1536w\" sizes=\"(max-width: 232px) 100vw, 232px\" \/><\/figure>\n                            <div class=\"hover-overlay top-0 left-0 right-0 bottom-0 hidden w-full h-full absolute\"><\/div>\n                        <\/div>\n                        <div class=\"wp-block-button alignleft simple-link\">\n                            <span class=\"wp-block-button__link\">Research<\/span>\n                        <\/div>\n                    <\/a>\n                <\/div>\n                            <div class=\"flex flex-col link-container\" data-href=\"https:\/\/new.villa-arson.fr\/en\/research\/phd\/\">\n                    <a href=\"https:\/\/new.villa-arson.fr\/en\/research\/phd\/\" class=\"contents\">\n                        <div class=\"ratio-16x9\">\n                            <figure><img decoding=\"async\" width=\"400\" height=\"286\" src=\"https:\/\/villa-arson-assets.ams3.digitaloceanspaces.com\/production\/app\/uploads\/2021\/10\/20224359\/Arson140-400x286.jpeg\" class=\"attachment-post-thumbnail size-post-thumbnail wp-post-image\" alt=\"\" srcset=\"https:\/\/villa-arson-assets.ams3.digitaloceanspaces.com\/production\/app\/uploads\/2021\/10\/20224359\/Arson140-400x286.jpeg 400w, https:\/\/villa-arson-assets.ams3.digitaloceanspaces.com\/production\/app\/uploads\/2021\/10\/20224359\/Arson140-300x214.jpeg 300w, https:\/\/villa-arson-assets.ams3.digitaloceanspaces.com\/production\/app\/uploads\/2021\/10\/20224359\/Arson140-1024x732.jpeg 1024w, https:\/\/villa-arson-assets.ams3.digitaloceanspaces.com\/production\/app\/uploads\/2021\/10\/20224359\/Arson140-768x549.jpeg 768w, https:\/\/villa-arson-assets.ams3.digitaloceanspaces.com\/production\/app\/uploads\/2021\/10\/20224359\/Arson140-1536x1098.jpeg 1536w, https:\/\/villa-arson-assets.ams3.digitaloceanspaces.com\/production\/app\/uploads\/2021\/10\/20224359\/Arson140-2048x1464.jpeg 2048w, https:\/\/villa-arson-assets.ams3.digitaloceanspaces.com\/production\/app\/uploads\/2021\/10\/20224359\/Arson140-600x429.jpeg 600w\" sizes=\"(max-width: 400px) 100vw, 400px\" \/><\/figure>\n                            <div class=\"hover-overlay top-0 left-0 right-0 bottom-0 hidden w-full h-full absolute\"><\/div>\n                        <\/div>\n                        <div class=\"wp-block-button alignleft simple-link\">\n                            <span class=\"wp-block-button__link\">PhD<\/span>\n                        <\/div>\n                    <\/a>\n                <\/div>\n                            <div class=\"flex flex-col link-container\" data-href=\"https:\/\/new.villa-arson.fr\/en\/research\/lines-of-research\/\">\n                    <a href=\"https:\/\/new.villa-arson.fr\/en\/research\/lines-of-research\/\" class=\"contents\">\n                        <div class=\"ratio-16x9\">\n                            <figure><img decoding=\"async\" width=\"232\" height=\"290\" src=\"https:\/\/villa-arson-assets.ams3.digitaloceanspaces.com\/production\/app\/uploads\/2025\/01\/27170128\/ARSON_022-232x290.jpg\" class=\"attachment-post-thumbnail size-post-thumbnail wp-post-image\" alt=\"\" srcset=\"https:\/\/villa-arson-assets.ams3.digitaloceanspaces.com\/production\/app\/uploads\/2025\/01\/27170128\/ARSON_022-232x290.jpg 232w, https:\/\/villa-arson-assets.ams3.digitaloceanspaces.com\/production\/app\/uploads\/2025\/01\/27170128\/ARSON_022-240x300.jpg 240w, https:\/\/villa-arson-assets.ams3.digitaloceanspaces.com\/production\/app\/uploads\/2025\/01\/27170128\/ARSON_022-819x1024.jpg 819w, https:\/\/villa-arson-assets.ams3.digitaloceanspaces.com\/production\/app\/uploads\/2025\/01\/27170128\/ARSON_022-768x960.jpg 768w, https:\/\/villa-arson-assets.ams3.digitaloceanspaces.com\/production\/app\/uploads\/2025\/01\/27170128\/ARSON_022-1229x1536.jpg 1229w, https:\/\/villa-arson-assets.ams3.digitaloceanspaces.com\/production\/app\/uploads\/2025\/01\/27170128\/ARSON_022-600x750.jpg 600w, https:\/\/villa-arson-assets.ams3.digitaloceanspaces.com\/production\/app\/uploads\/2025\/01\/27170128\/ARSON_022.jpg 1536w\" sizes=\"(max-width: 232px) 100vw, 232px\" \/><\/figure>\n                            <div class=\"hover-overlay top-0 left-0 right-0 bottom-0 hidden w-full h-full absolute\"><\/div>\n                        <\/div>\n                        <div class=\"wp-block-button alignleft simple-link\">\n                            <span class=\"wp-block-button__link\">Lines of research<\/span>\n                        <\/div>\n                    <\/a>\n                <\/div>\n                    <\/div>\n    <\/div>\n","protected":false},"excerpt":{"rendered":"<p>Laboratoire International Associ\u00e9 (LIA) As an autonomous body within the Universit\u00e9 C\u00f4te d\u2019Azur, Villa Arson plays a leading role in this exclusive partnership which has linked the Universit\u00e9 C\u00f4te d\u2019Azur and Quebec\u2019s Universit\u00e9 Laval since 2017. In particular, the school leads the Laboratoire International Associ\u00e9\u2019s project \u201cArts, soci\u00e9t\u00e9, mieux-\u00eatre\u201d (LIA-Asme) which was developed by the &hellip; <a href=\"https:\/\/new.villa-arson.fr\/en\/research\/laboratoire-international-associe-lia\/\">Continued<\/a><\/p>\n","protected":false},"author":1,"featured_media":22741,"parent":63772,"menu_order":0,"comment_status":"closed","ping_status":"closed","template":"","meta":{"_acf_changed":false,"_relevanssi_hide_post":"","_relevanssi_hide_content":"","_relevanssi_pin_for_all":"","_relevanssi_pin_keywords":"","_relevanssi_unpin_keywords":"","_relevanssi_related_keywords":"","_relevanssi_related_include_ids":"","_relevanssi_related_exclude_ids":"","_relevanssi_related_no_append":"","_relevanssi_related_not_related":"","_relevanssi_related_posts":"54293","_relevanssi_noindex_reason":"","footnotes":""},"class_list":["post-63778","page","type-page","status-publish","has-post-thumbnail","hentry"],"acf":[],"_links":{"self":[{"href":"https:\/\/new.villa-arson.fr\/en\/wp-json\/wp\/v2\/pages\/63778","targetHints":{"allow":["GET"]}}],"collection":[{"href":"https:\/\/new.villa-arson.fr\/en\/wp-json\/wp\/v2\/pages"}],"about":[{"href":"https:\/\/new.villa-arson.fr\/en\/wp-json\/wp\/v2\/types\/page"}],"author":[{"embeddable":true,"href":"https:\/\/new.villa-arson.fr\/en\/wp-json\/wp\/v2\/users\/1"}],"replies":[{"embeddable":true,"href":"https:\/\/new.villa-arson.fr\/en\/wp-json\/wp\/v2\/comments?post=63778"}],"version-history":[{"count":1,"href":"https:\/\/new.villa-arson.fr\/en\/wp-json\/wp\/v2\/pages\/63778\/revisions"}],"predecessor-version":[{"id":63779,"href":"https:\/\/new.villa-arson.fr\/en\/wp-json\/wp\/v2\/pages\/63778\/revisions\/63779"}],"up":[{"embeddable":true,"href":"https:\/\/new.villa-arson.fr\/en\/wp-json\/wp\/v2\/pages\/63772"}],"wp:featuredmedia":[{"embeddable":true,"href":"https:\/\/new.villa-arson.fr\/en\/wp-json\/wp\/v2\/media\/22741"}],"wp:attachment":[{"href":"https:\/\/new.villa-arson.fr\/en\/wp-json\/wp\/v2\/media?parent=63778"}],"curies":[{"name":"wp","href":"https:\/\/api.w.org\/{rel}","templated":true}]}}