{"id":63839,"date":"2025-05-02T20:24:23","date_gmt":"2025-05-02T18:24:23","guid":{"rendered":"https:\/\/new.villa-arson.fr\/art-center\/visit\/"},"modified":"2025-05-02T20:24:54","modified_gmt":"2025-05-02T18:24:54","slug":"visit","status":"publish","type":"page","link":"https:\/\/new.villa-arson.fr\/en\/art-center\/visit\/","title":{"rendered":"Visit"},"content":{"rendered":"\n<h1 class=\"wp-block-heading\">visits<\/h1>\n\n<p><\/p>\n\n<p>The dimension of research and experimentation present in teaching and artistic projects at Villa Arson specifies the orientation given to mediation: escaping standard formats and inventing.<\/p>\n\n<p>Invent new ways of relating to audiences, taking into account the nature and challenges of artistic projects, and involving artists, curators and students.<\/p>\n\n<p>Conveying a relationship to art from situated points of view.<\/p>\n\n<p>Let yourself be surprised by this place dedicated to creation, conceived as a Mediterranean village.<\/p>\n<div class=\"align wp-block-contenu-associe\">\n            <div>\n            <div class=\"acf-innerblocks-container\">\n\n<h3 class=\"wp-block-heading\">Individual visitors<\/h3>\n\n<\/div>\n        <\/div>\n        <div class=\"c-a__container grid flex-row grid-cols-1 sm:grid-cols-2 lg:grid-cols-3 gap-4\">\n                            <div class=\"flex flex-col link-container\" data-href=\"https:\/\/new.villa-arson.fr\/en\/art-center\/visit\/children-and-families\/\">\n                    <a href=\"https:\/\/new.villa-arson.fr\/en\/art-center\/visit\/children-and-families\/\" class=\"contents\">\n                        <div class=\"ratio-16x9\">\n                            <figure><img decoding=\"async\" width=\"400\" height=\"275\" src=\"https:\/\/villa-arson-assets.ams3.digitaloceanspaces.com\/production\/app\/uploads\/2021\/09\/20233950\/atelier-jp-400x275.jpg\" class=\"attachment-post-thumbnail size-post-thumbnail wp-post-image\" alt=\"\" srcset=\"https:\/\/villa-arson-assets.ams3.digitaloceanspaces.com\/production\/app\/uploads\/2021\/09\/20233950\/atelier-jp-400x275.jpg 400w, https:\/\/villa-arson-assets.ams3.digitaloceanspaces.com\/production\/app\/uploads\/2021\/09\/20233950\/atelier-jp-300x206.jpg 300w, https:\/\/villa-arson-assets.ams3.digitaloceanspaces.com\/production\/app\/uploads\/2021\/09\/20233950\/atelier-jp-1024x705.jpg 1024w, https:\/\/villa-arson-assets.ams3.digitaloceanspaces.com\/production\/app\/uploads\/2021\/09\/20233950\/atelier-jp-768x529.jpg 768w, https:\/\/villa-arson-assets.ams3.digitaloceanspaces.com\/production\/app\/uploads\/2021\/09\/20233950\/atelier-jp-1536x1057.jpg 1536w, https:\/\/villa-arson-assets.ams3.digitaloceanspaces.com\/production\/app\/uploads\/2021\/09\/20233950\/atelier-jp-2048x1409.jpg 2048w, https:\/\/villa-arson-assets.ams3.digitaloceanspaces.com\/production\/app\/uploads\/2021\/09\/20233950\/atelier-jp-600x413.jpg 600w\" sizes=\"(max-width: 400px) 100vw, 400px\" \/><\/figure>\n                            <div class=\"hover-overlay top-0 left-0 right-0 bottom-0 hidden w-full h-full absolute\"><\/div>\n                        <\/div>\n                        <div class=\"wp-block-button alignleft simple-link\">\n                            <span class=\"wp-block-button__link\">Children and families<\/span>\n                        <\/div>\n                    <\/a>\n                <\/div>\n                            <div class=\"flex flex-col link-container\" data-href=\"https:\/\/new.villa-arson.fr\/en\/art-center\/visit\/visit-the-exhibitions\/\">\n                    <a href=\"https:\/\/new.villa-arson.fr\/en\/art-center\/visit\/visit-the-exhibitions\/\" class=\"contents\">\n                        <div class=\"ratio-16x9\">\n                            <figure><img decoding=\"async\" width=\"290\" height=\"290\" src=\"https:\/\/villa-arson-assets.ams3.digitaloceanspaces.com\/production\/app\/uploads\/2021\/07\/21001607\/rdv-point-de-vue-ete-2021-villa-arson-nice5-290x290.jpg\" class=\"attachment-post-thumbnail size-post-thumbnail wp-post-image\" alt=\"dessin d&#039;une pancarte o\u00f9 est inscrit je suis ravi d&#039;etre ici\" srcset=\"https:\/\/villa-arson-assets.ams3.digitaloceanspaces.com\/production\/app\/uploads\/2021\/07\/21001607\/rdv-point-de-vue-ete-2021-villa-arson-nice5-290x290.jpg 290w, https:\/\/villa-arson-assets.ams3.digitaloceanspaces.com\/production\/app\/uploads\/2021\/07\/21001607\/rdv-point-de-vue-ete-2021-villa-arson-nice5-300x300.jpg 300w, https:\/\/villa-arson-assets.ams3.digitaloceanspaces.com\/production\/app\/uploads\/2021\/07\/21001607\/rdv-point-de-vue-ete-2021-villa-arson-nice5-100x100.jpg 100w, https:\/\/villa-arson-assets.ams3.digitaloceanspaces.com\/production\/app\/uploads\/2021\/07\/21001607\/rdv-point-de-vue-ete-2021-villa-arson-nice5-600x600.jpg 600w, https:\/\/villa-arson-assets.ams3.digitaloceanspaces.com\/production\/app\/uploads\/2021\/07\/21001607\/rdv-point-de-vue-ete-2021-villa-arson-nice5-1024x1024.jpg 1024w, https:\/\/villa-arson-assets.ams3.digitaloceanspaces.com\/production\/app\/uploads\/2021\/07\/21001607\/rdv-point-de-vue-ete-2021-villa-arson-nice5-150x150.jpg 150w, https:\/\/villa-arson-assets.ams3.digitaloceanspaces.com\/production\/app\/uploads\/2021\/07\/21001607\/rdv-point-de-vue-ete-2021-villa-arson-nice5-768x768.jpg 768w, https:\/\/villa-arson-assets.ams3.digitaloceanspaces.com\/production\/app\/uploads\/2021\/07\/21001607\/rdv-point-de-vue-ete-2021-villa-arson-nice5-1536x1536.jpg 1536w, https:\/\/villa-arson-assets.ams3.digitaloceanspaces.com\/production\/app\/uploads\/2021\/07\/21001607\/rdv-point-de-vue-ete-2021-villa-arson-nice5.jpg 1560w\" sizes=\"(max-width: 290px) 100vw, 290px\" \/><\/figure>\n                            <div class=\"hover-overlay top-0 left-0 right-0 bottom-0 hidden w-full h-full absolute\"><\/div>\n                        <\/div>\n                        <div class=\"wp-block-button alignleft simple-link\">\n                            <span class=\"wp-block-button__link\">Visit the exhibitions<\/span>\n                        <\/div>\n                    <\/a>\n                <\/div>\n                            <div class=\"flex flex-col link-container\" data-href=\"https:\/\/new.villa-arson.fr\/en\/art-center\/visit\/events\/\">\n                    <a href=\"https:\/\/new.villa-arson.fr\/en\/art-center\/visit\/events\/\" class=\"contents\">\n                        <div class=\"ratio-16x9\">\n                            <figure><img decoding=\"async\" width=\"400\" height=\"283\" src=\"https:\/\/villa-arson-assets.ams3.digitaloceanspaces.com\/production\/app\/uploads\/2025\/03\/27141942\/halloween-400x283.jpeg\" class=\"attachment-post-thumbnail size-post-thumbnail wp-post-image\" alt=\"\" srcset=\"https:\/\/villa-arson-assets.ams3.digitaloceanspaces.com\/production\/app\/uploads\/2025\/03\/27141942\/halloween-400x283.jpeg 400w, https:\/\/villa-arson-assets.ams3.digitaloceanspaces.com\/production\/app\/uploads\/2025\/03\/27141942\/halloween-300x212.jpeg 300w, https:\/\/villa-arson-assets.ams3.digitaloceanspaces.com\/production\/app\/uploads\/2025\/03\/27141942\/halloween-1024x724.jpeg 1024w, https:\/\/villa-arson-assets.ams3.digitaloceanspaces.com\/production\/app\/uploads\/2025\/03\/27141942\/halloween-768x543.jpeg 768w, https:\/\/villa-arson-assets.ams3.digitaloceanspaces.com\/production\/app\/uploads\/2025\/03\/27141942\/halloween-600x424.jpeg 600w, https:\/\/villa-arson-assets.ams3.digitaloceanspaces.com\/production\/app\/uploads\/2025\/03\/27141942\/halloween.jpeg 1536w\" sizes=\"(max-width: 400px) 100vw, 400px\" \/><\/figure>\n                            <div class=\"hover-overlay top-0 left-0 right-0 bottom-0 hidden w-full h-full absolute\"><\/div>\n                        <\/div>\n                        <div class=\"wp-block-button alignleft simple-link\">\n                            <span class=\"wp-block-button__link\">Events<\/span>\n                        <\/div>\n                    <\/a>\n                <\/div>\n                    <\/div>\n    <\/div>\n<div class=\"align wp-block-contenu-associe\">\n            <div>\n            <div class=\"acf-innerblocks-container\">\n\n<h3 class=\"wp-block-heading\">Groups  <\/h3>\n\n<\/div>\n        <\/div>\n        <div class=\"c-a__container grid flex-row grid-cols-1 sm:grid-cols-2 lg:grid-cols-3 gap-4\">\n                            <div class=\"flex flex-col link-container\" data-href=\"https:\/\/new.villa-arson.fr\/en\/art-center\/visit\/specific-audiences\/\">\n                    <a href=\"https:\/\/new.villa-arson.fr\/en\/art-center\/visit\/specific-audiences\/\" class=\"contents\">\n                        <div class=\"ratio-16x9\">\n                            <figure><img decoding=\"async\" width=\"387\" height=\"290\" src=\"https:\/\/villa-arson-assets.ams3.digitaloceanspaces.com\/production\/app\/uploads\/2021\/09\/20233955\/rdv-point-de-vue2-387x290.jpg\" class=\"attachment-post-thumbnail size-post-thumbnail wp-post-image\" alt=\"des visiteur\u00b7ses sont dans une pi\u00e8ce et \u00e9coutent quelqu&#039;une parler\" srcset=\"https:\/\/villa-arson-assets.ams3.digitaloceanspaces.com\/production\/app\/uploads\/2021\/09\/20233955\/rdv-point-de-vue2-387x290.jpg 387w, https:\/\/villa-arson-assets.ams3.digitaloceanspaces.com\/production\/app\/uploads\/2021\/09\/20233955\/rdv-point-de-vue2-300x225.jpg 300w, https:\/\/villa-arson-assets.ams3.digitaloceanspaces.com\/production\/app\/uploads\/2021\/09\/20233955\/rdv-point-de-vue2-1024x768.jpg 1024w, https:\/\/villa-arson-assets.ams3.digitaloceanspaces.com\/production\/app\/uploads\/2021\/09\/20233955\/rdv-point-de-vue2-768x576.jpg 768w, https:\/\/villa-arson-assets.ams3.digitaloceanspaces.com\/production\/app\/uploads\/2021\/09\/20233955\/rdv-point-de-vue2-1536x1152.jpg 1536w, https:\/\/villa-arson-assets.ams3.digitaloceanspaces.com\/production\/app\/uploads\/2021\/09\/20233955\/rdv-point-de-vue2-2048x1536.jpg 2048w, https:\/\/villa-arson-assets.ams3.digitaloceanspaces.com\/production\/app\/uploads\/2021\/09\/20233955\/rdv-point-de-vue2-600x450.jpg 600w\" sizes=\"(max-width: 387px) 100vw, 387px\" \/><\/figure>\n                            <div class=\"hover-overlay top-0 left-0 right-0 bottom-0 hidden w-full h-full absolute\"><\/div>\n                        <\/div>\n                        <div class=\"wp-block-button alignleft simple-link\">\n                            <span class=\"wp-block-button__link\">Specific audiences<\/span>\n                        <\/div>\n                    <\/a>\n                <\/div>\n                            <div class=\"flex flex-col link-container\" data-href=\"https:\/\/new.villa-arson.fr\/en\/art-center\/visit\/school\/\">\n                    <a href=\"https:\/\/new.villa-arson.fr\/en\/art-center\/visit\/school\/\" class=\"contents\">\n                        <div class=\"ratio-16x9\">\n                            <figure><img decoding=\"async\" width=\"400\" height=\"268\" src=\"https:\/\/villa-arson-assets.ams3.digitaloceanspaces.com\/production\/app\/uploads\/2025\/03\/28082507\/Capture-decran-2025-03-28-a-08.24.53-400x268.jpg\" class=\"attachment-post-thumbnail size-post-thumbnail wp-post-image\" alt=\"\" srcset=\"https:\/\/villa-arson-assets.ams3.digitaloceanspaces.com\/production\/app\/uploads\/2025\/03\/28082507\/Capture-decran-2025-03-28-a-08.24.53-400x268.jpg 400w, https:\/\/villa-arson-assets.ams3.digitaloceanspaces.com\/production\/app\/uploads\/2025\/03\/28082507\/Capture-decran-2025-03-28-a-08.24.53-300x201.jpg 300w, https:\/\/villa-arson-assets.ams3.digitaloceanspaces.com\/production\/app\/uploads\/2025\/03\/28082507\/Capture-decran-2025-03-28-a-08.24.53-1024x686.jpg 1024w, https:\/\/villa-arson-assets.ams3.digitaloceanspaces.com\/production\/app\/uploads\/2025\/03\/28082507\/Capture-decran-2025-03-28-a-08.24.53-768x514.jpg 768w, https:\/\/villa-arson-assets.ams3.digitaloceanspaces.com\/production\/app\/uploads\/2025\/03\/28082507\/Capture-decran-2025-03-28-a-08.24.53-600x402.jpg 600w, https:\/\/villa-arson-assets.ams3.digitaloceanspaces.com\/production\/app\/uploads\/2025\/03\/28082507\/Capture-decran-2025-03-28-a-08.24.53.jpg 1090w\" sizes=\"(max-width: 400px) 100vw, 400px\" \/><\/figure>\n                            <div class=\"hover-overlay top-0 left-0 right-0 bottom-0 hidden w-full h-full absolute\"><\/div>\n                        <\/div>\n                        <div class=\"wp-block-button alignleft simple-link\">\n                            <span class=\"wp-block-button__link\">School<\/span>\n                        <\/div>\n                    <\/a>\n                <\/div>\n                    <\/div>\n    <\/div>\n\n<p>Pour organiser votre visite \u00e0 la Villa Arson, nous vous invitons \u00e0 contacter le service des publics qui d\u00e9veloppe, pour tout type de groupe, des propositions sur mesure en fran\u00e7ais ou en anglais : <a href=\"servicedespublics@new.villa-arson.fr\">servicedespublics@new.villa-arson.fr<\/a><\/p>\n","protected":false},"excerpt":{"rendered":"<p>visits The dimension of research and experimentation present in teaching and artistic projects at Villa Arson specifies the orientation given to mediation: escaping standard formats and inventing. Invent new ways of relating to audiences, taking into account the nature and challenges of artistic projects, and involving artists, curators and students. Conveying a relationship to art &hellip; <a href=\"https:\/\/new.villa-arson.fr\/en\/art-center\/visit\/\">Continued<\/a><\/p>\n","protected":false},"author":2,"featured_media":20846,"parent":63408,"menu_order":0,"comment_status":"closed","ping_status":"closed","template":"","meta":{"_acf_changed":false,"_relevanssi_hide_post":"","_relevanssi_hide_content":"","_relevanssi_pin_for_all":"","_relevanssi_pin_keywords":"","_relevanssi_unpin_keywords":"","_relevanssi_related_keywords":"","_relevanssi_related_include_ids":"","_relevanssi_related_exclude_ids":"","_relevanssi_related_no_append":"","_relevanssi_related_not_related":"","_relevanssi_related_posts":"63801,63802,63814,63815,63797,63813","_relevanssi_noindex_reason":"","footnotes":""},"class_list":["post-63839","page","type-page","status-publish","has-post-thumbnail","hentry"],"acf":[],"_links":{"self":[{"href":"https:\/\/new.villa-arson.fr\/en\/wp-json\/wp\/v2\/pages\/63839","targetHints":{"allow":["GET"]}}],"collection":[{"href":"https:\/\/new.villa-arson.fr\/en\/wp-json\/wp\/v2\/pages"}],"about":[{"href":"https:\/\/new.villa-arson.fr\/en\/wp-json\/wp\/v2\/types\/page"}],"author":[{"embeddable":true,"href":"https:\/\/new.villa-arson.fr\/en\/wp-json\/wp\/v2\/users\/2"}],"replies":[{"embeddable":true,"href":"https:\/\/new.villa-arson.fr\/en\/wp-json\/wp\/v2\/comments?post=63839"}],"version-history":[{"count":3,"href":"https:\/\/new.villa-arson.fr\/en\/wp-json\/wp\/v2\/pages\/63839\/revisions"}],"predecessor-version":[{"id":63859,"href":"https:\/\/new.villa-arson.fr\/en\/wp-json\/wp\/v2\/pages\/63839\/revisions\/63859"}],"up":[{"embeddable":true,"href":"https:\/\/new.villa-arson.fr\/en\/wp-json\/wp\/v2\/pages\/63408"}],"wp:featuredmedia":[{"embeddable":true,"href":"https:\/\/new.villa-arson.fr\/en\/wp-json\/wp\/v2\/media\/20846"}],"wp:attachment":[{"href":"https:\/\/new.villa-arson.fr\/en\/wp-json\/wp\/v2\/media?parent=63839"}],"curies":[{"name":"wp","href":"https:\/\/api.w.org\/{rel}","templated":true}]}}