{"id":63840,"date":"2025-05-02T20:24:25","date_gmt":"2025-05-02T18:24:25","guid":{"rendered":"https:\/\/new.villa-arson.fr\/specific-audiences\/"},"modified":"2025-05-02T20:24:53","modified_gmt":"2025-05-02T18:24:53","slug":"specific-audiences","status":"publish","type":"page","link":"https:\/\/new.villa-arson.fr\/en\/art-center\/visit\/specific-audiences\/","title":{"rendered":"Specific audiences"},"content":{"rendered":"\n<h1 class=\"wp-block-heading\">Specific audiences<\/h1>\n\n<figure class=\"wp-block-image aligncenter size-large is-resized\"><img decoding=\"async\" width=\"1024\" height=\"768\" src=\"http:\/\/villa-arson-assets.ams3.digitaloceanspaces.com\/production\/app\/uploads\/2021\/09\/20233955\/rdv-point-de-vue2-1024x768.jpg\" alt=\"\" class=\"wp-image-11137\" style=\"width:986px;height:auto\" srcset=\"https:\/\/villa-arson-assets.ams3.digitaloceanspaces.com\/production\/app\/uploads\/2021\/09\/20233955\/rdv-point-de-vue2-1024x768.jpg 1024w, https:\/\/villa-arson-assets.ams3.digitaloceanspaces.com\/production\/app\/uploads\/2021\/09\/20233955\/rdv-point-de-vue2-300x225.jpg 300w, https:\/\/villa-arson-assets.ams3.digitaloceanspaces.com\/production\/app\/uploads\/2021\/09\/20233955\/rdv-point-de-vue2-768x576.jpg 768w, https:\/\/villa-arson-assets.ams3.digitaloceanspaces.com\/production\/app\/uploads\/2021\/09\/20233955\/rdv-point-de-vue2-1536x1152.jpg 1536w, https:\/\/villa-arson-assets.ams3.digitaloceanspaces.com\/production\/app\/uploads\/2021\/09\/20233955\/rdv-point-de-vue2-2048x1536.jpg 2048w, https:\/\/villa-arson-assets.ams3.digitaloceanspaces.com\/production\/app\/uploads\/2021\/09\/20233955\/rdv-point-de-vue2-387x290.jpg 387w, https:\/\/villa-arson-assets.ams3.digitaloceanspaces.com\/production\/app\/uploads\/2021\/09\/20233955\/rdv-point-de-vue2-600x450.jpg 600w, https:\/\/villa-arson-assets.ams3.digitaloceanspaces.com\/production\/app\/uploads\/2021\/09\/20233955\/rdv-point-de-vue2-scaled.jpg 1920w\" sizes=\"(max-width: 1024px) 100vw, 1024px\" \/><\/figure>\n\n<p>The Villa Arson works with audiences who are geographically close to us, but far from culture because of their social difficulties or disabilities. The nature of these initiatives is defined in collaboration with the supervisory staff of the structures with which we work on a year-round basis. These include popular education associations (e.g. Forum Nice Nord), social integration associations (e.g. La Semeuse, ALC), the medical-educational sector (e.g. SESSAD, IME Ariane), young audiences during school vacations, the UCA Jedi program, etc.).<\/p>\n<div class=\"align wp-block-contenu-associe\">\n            <div>\n            <div class=\"acf-innerblocks-container\">\n\n<h3 class=\"wp-block-heading\"><\/h3>\n\n<\/div>\n        <\/div>\n        <div class=\"c-a__container grid flex-row grid-cols-1 sm:grid-cols-2 lg:grid-cols-3 gap-4\">\n                            <div class=\"flex flex-col link-container\" data-href=\"https:\/\/new.villa-arson.fr\/centre-dart\/visites\/publics-specifiques\/partenariat-alc\/\">\n                    <a href=\"https:\/\/new.villa-arson.fr\/centre-dart\/visites\/publics-specifiques\/partenariat-alc\/\" class=\"contents\">\n                        <div class=\"ratio-16x9\">\n                            <figure><img decoding=\"async\" width=\"387\" height=\"290\" src=\"https:\/\/villa-arson-assets.ams3.digitaloceanspaces.com\/production\/app\/uploads\/2022\/06\/20221215\/IMG_4059-387x290.jpg\" class=\"attachment-post-thumbnail size-post-thumbnail wp-post-image\" alt=\"\" srcset=\"https:\/\/villa-arson-assets.ams3.digitaloceanspaces.com\/production\/app\/uploads\/2022\/06\/20221215\/IMG_4059-387x290.jpg 387w, https:\/\/villa-arson-assets.ams3.digitaloceanspaces.com\/production\/app\/uploads\/2022\/06\/20221215\/IMG_4059-300x225.jpg 300w, https:\/\/villa-arson-assets.ams3.digitaloceanspaces.com\/production\/app\/uploads\/2022\/06\/20221215\/IMG_4059-1024x768.jpg 1024w, https:\/\/villa-arson-assets.ams3.digitaloceanspaces.com\/production\/app\/uploads\/2022\/06\/20221215\/IMG_4059-768x576.jpg 768w, https:\/\/villa-arson-assets.ams3.digitaloceanspaces.com\/production\/app\/uploads\/2022\/06\/20221215\/IMG_4059-1536x1152.jpg 1536w, https:\/\/villa-arson-assets.ams3.digitaloceanspaces.com\/production\/app\/uploads\/2022\/06\/20221215\/IMG_4059-2048x1536.jpg 2048w, https:\/\/villa-arson-assets.ams3.digitaloceanspaces.com\/production\/app\/uploads\/2022\/06\/20221215\/IMG_4059-600x450.jpg 600w, https:\/\/villa-arson-assets.ams3.digitaloceanspaces.com\/production\/app\/uploads\/2022\/06\/20221215\/IMG_4059-scaled.jpg 1920w\" sizes=\"(max-width: 387px) 100vw, 387px\" \/><\/figure>\n                            <div class=\"hover-overlay top-0 left-0 right-0 bottom-0 hidden w-full h-full absolute\"><\/div>\n                        <\/div>\n                        <div class=\"wp-block-button alignleft simple-link\">\n                            <span class=\"wp-block-button__link\">Partenariat alc<\/span>\n                        <\/div>\n                    <\/a>\n                <\/div>\n                            <div class=\"flex flex-col link-container\" data-href=\"https:\/\/new.villa-arson.fr\/rouvrir-le-monde-ete-culturel\/\">\n                    <a href=\"https:\/\/new.villa-arson.fr\/rouvrir-le-monde-ete-culturel\/\" class=\"contents\">\n                        <div class=\"ratio-16x9\">\n                            <figure><img decoding=\"async\" width=\"400\" height=\"284\" src=\"https:\/\/villa-arson-assets.ams3.digitaloceanspaces.com\/production\/app\/uploads\/2025\/01\/24113405\/Capture-decran-2021-10-30-a-23.31.25-400x284.jpg\" class=\"attachment-post-thumbnail size-post-thumbnail wp-post-image\" alt=\"\" srcset=\"https:\/\/villa-arson-assets.ams3.digitaloceanspaces.com\/production\/app\/uploads\/2025\/01\/24113405\/Capture-decran-2021-10-30-a-23.31.25-400x284.jpg 400w, https:\/\/villa-arson-assets.ams3.digitaloceanspaces.com\/production\/app\/uploads\/2025\/01\/24113405\/Capture-decran-2021-10-30-a-23.31.25-300x213.jpg 300w, https:\/\/villa-arson-assets.ams3.digitaloceanspaces.com\/production\/app\/uploads\/2025\/01\/24113405\/Capture-decran-2021-10-30-a-23.31.25-1024x728.jpg 1024w, https:\/\/villa-arson-assets.ams3.digitaloceanspaces.com\/production\/app\/uploads\/2025\/01\/24113405\/Capture-decran-2021-10-30-a-23.31.25-768x546.jpg 768w, https:\/\/villa-arson-assets.ams3.digitaloceanspaces.com\/production\/app\/uploads\/2025\/01\/24113405\/Capture-decran-2021-10-30-a-23.31.25-1536x1092.jpg 1536w, https:\/\/villa-arson-assets.ams3.digitaloceanspaces.com\/production\/app\/uploads\/2025\/01\/24113405\/Capture-decran-2021-10-30-a-23.31.25-600x427.jpg 600w, https:\/\/villa-arson-assets.ams3.digitaloceanspaces.com\/production\/app\/uploads\/2025\/01\/24113405\/Capture-decran-2021-10-30-a-23.31.25.jpg 1920w\" sizes=\"(max-width: 400px) 100vw, 400px\" \/><\/figure>\n                            <div class=\"hover-overlay top-0 left-0 right-0 bottom-0 hidden w-full h-full absolute\"><\/div>\n                        <\/div>\n                        <div class=\"wp-block-button alignleft simple-link\">\n                            <span class=\"wp-block-button__link\">Rouvrir le monde &#8211; \u00e9t\u00e9 culturel<\/span>\n                        <\/div>\n                    <\/a>\n                <\/div>\n                    <\/div>\n    <\/div>\n\n<h3 class=\"wp-block-heading\">Equal opportunity programs  <\/h3>\n\n<p>The Villa Arson is involved in a number of equal opportunity programs designed to reinforce the democratization of access to higher education in the cultural and artistic fields.<br\/>The establishment benefits from the experience of the &#8220;equal opportunity in art and design schools&#8221; program run with the Fondation Culture et Diversit\u00e9 with students from the Lyc\u00e9es Apollinaire and Estienne d&#8217;Orves (Nice) and the UCA-Jedi Junior program aimed at students from the Maurice Jaubert and Jean Rostand priority neighborhoods (Nice). Following on from this, since 2021\/22, the Villa Arson has been a partner in the Cord\u00e9es de la r\u00e9ussite program, with a &#8220;m\u00e9tiers de l&#8217;art et de la culture&#8221; program with the Lyc\u00e9e Goscinny (Drap). <\/p>\n<div class=\"align wp-block-contenu-associe\">\n            <div>\n            <div class=\"acf-innerblocks-container\">\n\n<h3 class=\"wp-block-heading\"><\/h3>\n\n<\/div>\n        <\/div>\n        <div class=\"c-a__container grid flex-row grid-cols-1 sm:grid-cols-2 lg:grid-cols-3 gap-4\">\n                            <div class=\"flex flex-col link-container\" data-href=\"https:\/\/new.villa-arson.fr\/centre-dart\/visites\/publics-specifiques\/fondation-culture-et-diversite-programme-egalite-des-chances-en-ecoles-dart-et-de-design\/\">\n                    <a href=\"https:\/\/new.villa-arson.fr\/centre-dart\/visites\/publics-specifiques\/fondation-culture-et-diversite-programme-egalite-des-chances-en-ecoles-dart-et-de-design\/\" class=\"contents\">\n                        <div class=\"ratio-16x9\">\n                            <figure><img decoding=\"async\" width=\"387\" height=\"290\" src=\"https:\/\/villa-arson-assets.ams3.digitaloceanspaces.com\/production\/app\/uploads\/2021\/07\/21001546\/Fondation-culture-et-diversite%CC%81-villa-arson-nice-387x290.jpg\" class=\"attachment-post-thumbnail size-post-thumbnail wp-post-image\" alt=\"dans l&#039;atelier s\u00e9rigraphie de la Villa Arson, Camille Chastang, \u00e9tudiante, montre les techniques utilis\u00e9es \u00e0 un groupe d&#039;\u00e9l\u00e8ves du lyc\u00e9e Pasteur\" srcset=\"https:\/\/villa-arson-assets.ams3.digitaloceanspaces.com\/production\/app\/uploads\/2021\/07\/21001546\/Fondation-culture-et-diversite%CC%81-villa-arson-nice-387x290.jpg 387w, https:\/\/villa-arson-assets.ams3.digitaloceanspaces.com\/production\/app\/uploads\/2021\/07\/21001546\/Fondation-culture-et-diversite%CC%81-villa-arson-nice-scaled-600x450.jpg 600w, https:\/\/villa-arson-assets.ams3.digitaloceanspaces.com\/production\/app\/uploads\/2021\/07\/21001546\/Fondation-culture-et-diversite%CC%81-villa-arson-nice-300x225.jpg 300w, https:\/\/villa-arson-assets.ams3.digitaloceanspaces.com\/production\/app\/uploads\/2021\/07\/21001546\/Fondation-culture-et-diversite%CC%81-villa-arson-nice-1024x768.jpg 1024w, https:\/\/villa-arson-assets.ams3.digitaloceanspaces.com\/production\/app\/uploads\/2021\/07\/21001546\/Fondation-culture-et-diversite%CC%81-villa-arson-nice-768x576.jpg 768w, https:\/\/villa-arson-assets.ams3.digitaloceanspaces.com\/production\/app\/uploads\/2021\/07\/21001546\/Fondation-culture-et-diversite%CC%81-villa-arson-nice-1536x1152.jpg 1536w, https:\/\/villa-arson-assets.ams3.digitaloceanspaces.com\/production\/app\/uploads\/2021\/07\/21001546\/Fondation-culture-et-diversite%CC%81-villa-arson-nice-2048x1536.jpg 2048w, https:\/\/villa-arson-assets.ams3.digitaloceanspaces.com\/production\/app\/uploads\/2021\/07\/21001546\/Fondation-culture-et-diversite%CC%81-villa-arson-nice-scaled.jpg 1920w\" sizes=\"(max-width: 387px) 100vw, 387px\" \/><\/figure>\n                            <div class=\"hover-overlay top-0 left-0 right-0 bottom-0 hidden w-full h-full absolute\"><\/div>\n                        <\/div>\n                        <div class=\"wp-block-button alignleft simple-link\">\n                            <span class=\"wp-block-button__link\">Fondation culture et diversit\u00e9<\/span>\n                        <\/div>\n                    <\/a>\n                <\/div>\n                            <div class=\"flex flex-col link-container\" data-href=\"https:\/\/new.villa-arson.fr\/centre-dart\/visites\/publics-specifiques\/uca-jedi\/\">\n                    <a href=\"https:\/\/new.villa-arson.fr\/centre-dart\/visites\/publics-specifiques\/uca-jedi\/\" class=\"contents\">\n                        <div class=\"ratio-16x9\">\n                            <figure><img decoding=\"async\" width=\"390\" height=\"290\" src=\"https:\/\/villa-arson-assets.ams3.digitaloceanspaces.com\/production\/app\/uploads\/2021\/07\/21001535\/UCA-Jedi-villa-arson-nice-390x290.jpg\" class=\"attachment-post-thumbnail size-post-thumbnail wp-post-image\" alt=\"3 t\u00e9l\u00e9phones portables repr\u00e9sentants tour \u00e0 tour deux yeux et un nez\" srcset=\"https:\/\/villa-arson-assets.ams3.digitaloceanspaces.com\/production\/app\/uploads\/2021\/07\/21001535\/UCA-Jedi-villa-arson-nice-390x290.jpg 390w, https:\/\/villa-arson-assets.ams3.digitaloceanspaces.com\/production\/app\/uploads\/2021\/07\/21001535\/UCA-Jedi-villa-arson-nice-600x447.jpg 600w, https:\/\/villa-arson-assets.ams3.digitaloceanspaces.com\/production\/app\/uploads\/2021\/07\/21001535\/UCA-Jedi-villa-arson-nice-300x223.jpg 300w, https:\/\/villa-arson-assets.ams3.digitaloceanspaces.com\/production\/app\/uploads\/2021\/07\/21001535\/UCA-Jedi-villa-arson-nice-1024x762.jpg 1024w, https:\/\/villa-arson-assets.ams3.digitaloceanspaces.com\/production\/app\/uploads\/2021\/07\/21001535\/UCA-Jedi-villa-arson-nice-768x572.jpg 768w, https:\/\/villa-arson-assets.ams3.digitaloceanspaces.com\/production\/app\/uploads\/2021\/07\/21001535\/UCA-Jedi-villa-arson-nice.jpg 1080w\" sizes=\"(max-width: 390px) 100vw, 390px\" \/><\/figure>\n                            <div class=\"hover-overlay top-0 left-0 right-0 bottom-0 hidden w-full h-full absolute\"><\/div>\n                        <\/div>\n                        <div class=\"wp-block-button alignleft simple-link\">\n                            <span class=\"wp-block-button__link\">UnicA JEDI<\/span>\n                        <\/div>\n                    <\/a>\n                <\/div>\n                            <div class=\"flex flex-col link-container\" data-href=\"https:\/\/new.villa-arson.fr\/centre-dart\/visites\/publics-specifiques\/les-cordees-de-la-reussite\/\">\n                    <a href=\"https:\/\/new.villa-arson.fr\/centre-dart\/visites\/publics-specifiques\/les-cordees-de-la-reussite\/\" class=\"contents\">\n                        <div class=\"ratio-16x9\">\n                            <figure><img decoding=\"async\" width=\"387\" height=\"290\" src=\"https:\/\/villa-arson-assets.ams3.digitaloceanspaces.com\/production\/app\/uploads\/2022\/05\/20221349\/visite-au-jeu-de-des-387x290.jpg\" class=\"attachment-post-thumbnail size-post-thumbnail wp-post-image\" alt=\"\" srcset=\"https:\/\/villa-arson-assets.ams3.digitaloceanspaces.com\/production\/app\/uploads\/2022\/05\/20221349\/visite-au-jeu-de-des-387x290.jpg 387w, https:\/\/villa-arson-assets.ams3.digitaloceanspaces.com\/production\/app\/uploads\/2022\/05\/20221349\/visite-au-jeu-de-des-300x225.jpg 300w, https:\/\/villa-arson-assets.ams3.digitaloceanspaces.com\/production\/app\/uploads\/2022\/05\/20221349\/visite-au-jeu-de-des-1024x768.jpg 1024w, https:\/\/villa-arson-assets.ams3.digitaloceanspaces.com\/production\/app\/uploads\/2022\/05\/20221349\/visite-au-jeu-de-des-768x576.jpg 768w, https:\/\/villa-arson-assets.ams3.digitaloceanspaces.com\/production\/app\/uploads\/2022\/05\/20221349\/visite-au-jeu-de-des-1536x1152.jpg 1536w, https:\/\/villa-arson-assets.ams3.digitaloceanspaces.com\/production\/app\/uploads\/2022\/05\/20221349\/visite-au-jeu-de-des-2048x1536.jpg 2048w, https:\/\/villa-arson-assets.ams3.digitaloceanspaces.com\/production\/app\/uploads\/2022\/05\/20221349\/visite-au-jeu-de-des-600x450.jpg 600w, https:\/\/villa-arson-assets.ams3.digitaloceanspaces.com\/production\/app\/uploads\/2022\/05\/20221349\/visite-au-jeu-de-des-scaled.jpg 1920w\" sizes=\"(max-width: 387px) 100vw, 387px\" \/><\/figure>\n                            <div class=\"hover-overlay top-0 left-0 right-0 bottom-0 hidden w-full h-full absolute\"><\/div>\n                        <\/div>\n                        <div class=\"wp-block-button alignleft simple-link\">\n                            <span class=\"wp-block-button__link\">Les Cord\u00e9es de la r\u00e9ussite<\/span>\n                        <\/div>\n                    <\/a>\n                <\/div>\n                    <\/div>\n    <\/div>\n","protected":false},"excerpt":{"rendered":"<p>Specific audiences The Villa Arson works with audiences who are geographically close to us, but far from culture because of their social difficulties or disabilities. The nature of these initiatives is defined in collaboration with the supervisory staff of the structures with which we work on a year-round basis. These include popular education associations (e.g. &hellip; <a href=\"https:\/\/new.villa-arson.fr\/en\/art-center\/visit\/specific-audiences\/\">Continued<\/a><\/p>\n","protected":false},"author":3,"featured_media":11138,"parent":63839,"menu_order":0,"comment_status":"closed","ping_status":"closed","template":"","meta":{"_acf_changed":false,"_relevanssi_hide_post":"","_relevanssi_hide_content":"","_relevanssi_pin_for_all":"","_relevanssi_pin_keywords":"","_relevanssi_unpin_keywords":"","_relevanssi_related_keywords":"","_relevanssi_related_include_ids":"","_relevanssi_related_exclude_ids":"","_relevanssi_related_no_append":"","_relevanssi_related_not_related":"","_relevanssi_related_posts":"","_relevanssi_noindex_reason":"","footnotes":""},"class_list":["post-63840","page","type-page","status-publish","has-post-thumbnail","hentry"],"acf":[],"_links":{"self":[{"href":"https:\/\/new.villa-arson.fr\/en\/wp-json\/wp\/v2\/pages\/63840","targetHints":{"allow":["GET"]}}],"collection":[{"href":"https:\/\/new.villa-arson.fr\/en\/wp-json\/wp\/v2\/pages"}],"about":[{"href":"https:\/\/new.villa-arson.fr\/en\/wp-json\/wp\/v2\/types\/page"}],"author":[{"embeddable":true,"href":"https:\/\/new.villa-arson.fr\/en\/wp-json\/wp\/v2\/users\/3"}],"replies":[{"embeddable":true,"href":"https:\/\/new.villa-arson.fr\/en\/wp-json\/wp\/v2\/comments?post=63840"}],"version-history":[{"count":3,"href":"https:\/\/new.villa-arson.fr\/en\/wp-json\/wp\/v2\/pages\/63840\/revisions"}],"predecessor-version":[{"id":63854,"href":"https:\/\/new.villa-arson.fr\/en\/wp-json\/wp\/v2\/pages\/63840\/revisions\/63854"}],"up":[{"embeddable":true,"href":"https:\/\/new.villa-arson.fr\/en\/wp-json\/wp\/v2\/pages\/63839"}],"wp:featuredmedia":[{"embeddable":true,"href":"https:\/\/new.villa-arson.fr\/en\/wp-json\/wp\/v2\/media\/11138"}],"wp:attachment":[{"href":"https:\/\/new.villa-arson.fr\/en\/wp-json\/wp\/v2\/media?parent=63840"}],"curies":[{"name":"wp","href":"https:\/\/api.w.org\/{rel}","templated":true}]}}