{"id":63869,"date":"2025-05-02T20:38:13","date_gmt":"2025-05-02T18:38:13","guid":{"rendered":"https:\/\/new.villa-arson.fr\/villa-arson\/institution\/partners\/"},"modified":"2025-05-02T20:38:23","modified_gmt":"2025-05-02T18:38:23","slug":"partners","status":"publish","type":"page","link":"https:\/\/new.villa-arson.fr\/en\/villa-arson\/institution\/partners\/","title":{"rendered":"Partners"},"content":{"rendered":"\n<h1 class=\"wp-block-heading\">partners<\/h1>\n\n<p><\/p>\n\n<p>The Villa Arson is a public institution of the French Ministry of Culture and a legal entity of the Universit\u00e9 C\u00f4te d&#8217;Azur.<\/p>\n\n<figure class=\"wp-block-image size-large is-resized\"><a href=\"https:\/\/www.culture.gouv.fr\/fr\"><img decoding=\"async\" width=\"1024\" height=\"803\" src=\"https:\/\/villa-arson-assets.ams3.digitaloceanspaces.com\/production\/app\/uploads\/2025\/02\/14161459\/Capture-decran-2025-02-14-a-16.14.04-1024x803.png\" alt=\"\" class=\"wp-image-58909\" style=\"width:180px;height:auto\" srcset=\"https:\/\/villa-arson-assets.ams3.digitaloceanspaces.com\/production\/app\/uploads\/2025\/02\/14161459\/Capture-decran-2025-02-14-a-16.14.04-1024x803.png 1024w, https:\/\/villa-arson-assets.ams3.digitaloceanspaces.com\/production\/app\/uploads\/2025\/02\/14161459\/Capture-decran-2025-02-14-a-16.14.04-300x235.png 300w, https:\/\/villa-arson-assets.ams3.digitaloceanspaces.com\/production\/app\/uploads\/2025\/02\/14161459\/Capture-decran-2025-02-14-a-16.14.04-768x602.png 768w, https:\/\/villa-arson-assets.ams3.digitaloceanspaces.com\/production\/app\/uploads\/2025\/02\/14161459\/Capture-decran-2025-02-14-a-16.14.04-370x290.png 370w, https:\/\/villa-arson-assets.ams3.digitaloceanspaces.com\/production\/app\/uploads\/2025\/02\/14161459\/Capture-decran-2025-02-14-a-16.14.04-600x470.png 600w, https:\/\/villa-arson-assets.ams3.digitaloceanspaces.com\/production\/app\/uploads\/2025\/02\/14161459\/Capture-decran-2025-02-14-a-16.14.04.png 1130w\" sizes=\"(max-width: 1024px) 100vw, 1024px\" \/><\/a><\/figure>\n\n<figure class=\"wp-block-image size-full is-resized\"><a href=\"https:\/\/univ-cotedazur.fr\/\"><img decoding=\"async\" width=\"922\" height=\"838\" src=\"https:\/\/villa-arson-assets.ams3.digitaloceanspaces.com\/production\/app\/uploads\/2025\/02\/14161526\/Capture-decran-2025-02-14-a-16.14.19.png\" alt=\"\" class=\"wp-image-58912\" style=\"width:170px;height:auto\" srcset=\"https:\/\/villa-arson-assets.ams3.digitaloceanspaces.com\/production\/app\/uploads\/2025\/02\/14161526\/Capture-decran-2025-02-14-a-16.14.19.png 922w, https:\/\/villa-arson-assets.ams3.digitaloceanspaces.com\/production\/app\/uploads\/2025\/02\/14161526\/Capture-decran-2025-02-14-a-16.14.19-300x273.png 300w, https:\/\/villa-arson-assets.ams3.digitaloceanspaces.com\/production\/app\/uploads\/2025\/02\/14161526\/Capture-decran-2025-02-14-a-16.14.19-768x698.png 768w, https:\/\/villa-arson-assets.ams3.digitaloceanspaces.com\/production\/app\/uploads\/2025\/02\/14161526\/Capture-decran-2025-02-14-a-16.14.19-319x290.png 319w, https:\/\/villa-arson-assets.ams3.digitaloceanspaces.com\/production\/app\/uploads\/2025\/02\/14161526\/Capture-decran-2025-02-14-a-16.14.19-600x545.png 600w\" sizes=\"(max-width: 922px) 100vw, 922px\" \/><\/a><\/figure>\n\n<p>It is supported by the R\u00e9gion Sud Provence-Alpes-C\u00f4te d&#8217;Azur, the D\u00e9partement des Alpes-Maritimes and the Ville de Nice.<\/p>\n\n<figure class=\"wp-block-image size-large is-resized\"><a href=\"https:\/\/www.maregionsud.fr\/\"><img decoding=\"async\" width=\"1024\" height=\"694\" src=\"https:\/\/villa-arson-assets.ams3.digitaloceanspaces.com\/production\/app\/uploads\/2025\/02\/14161607\/Capture-decran-2025-02-14-a-16.14.29-1024x694.png\" alt=\"\" class=\"wp-image-58915\" style=\"width:149px;height:auto\" srcset=\"https:\/\/villa-arson-assets.ams3.digitaloceanspaces.com\/production\/app\/uploads\/2025\/02\/14161607\/Capture-decran-2025-02-14-a-16.14.29-1024x694.png 1024w, https:\/\/villa-arson-assets.ams3.digitaloceanspaces.com\/production\/app\/uploads\/2025\/02\/14161607\/Capture-decran-2025-02-14-a-16.14.29-300x203.png 300w, https:\/\/villa-arson-assets.ams3.digitaloceanspaces.com\/production\/app\/uploads\/2025\/02\/14161607\/Capture-decran-2025-02-14-a-16.14.29-768x520.png 768w, https:\/\/villa-arson-assets.ams3.digitaloceanspaces.com\/production\/app\/uploads\/2025\/02\/14161607\/Capture-decran-2025-02-14-a-16.14.29-400x271.png 400w, https:\/\/villa-arson-assets.ams3.digitaloceanspaces.com\/production\/app\/uploads\/2025\/02\/14161607\/Capture-decran-2025-02-14-a-16.14.29-600x407.png 600w, https:\/\/villa-arson-assets.ams3.digitaloceanspaces.com\/production\/app\/uploads\/2025\/02\/14161607\/Capture-decran-2025-02-14-a-16.14.29.png 1166w\" sizes=\"(max-width: 1024px) 100vw, 1024px\" \/><\/a><\/figure>\n\n<p><\/p>\n\n<figure class=\"wp-block-image size-large is-resized\"><a href=\"https:\/\/www.departement06.fr\/\"><img decoding=\"async\" width=\"1024\" height=\"244\" src=\"https:\/\/villa-arson-assets.ams3.digitaloceanspaces.com\/production\/app\/uploads\/2025\/02\/14161700\/Capture-decran-2025-02-14-a-16.14.38-1024x244.png\" alt=\"\" class=\"wp-image-58918\" style=\"width:208px;height:auto\" srcset=\"https:\/\/villa-arson-assets.ams3.digitaloceanspaces.com\/production\/app\/uploads\/2025\/02\/14161700\/Capture-decran-2025-02-14-a-16.14.38-1024x244.png 1024w, https:\/\/villa-arson-assets.ams3.digitaloceanspaces.com\/production\/app\/uploads\/2025\/02\/14161700\/Capture-decran-2025-02-14-a-16.14.38-300x71.png 300w, https:\/\/villa-arson-assets.ams3.digitaloceanspaces.com\/production\/app\/uploads\/2025\/02\/14161700\/Capture-decran-2025-02-14-a-16.14.38-768x183.png 768w, https:\/\/villa-arson-assets.ams3.digitaloceanspaces.com\/production\/app\/uploads\/2025\/02\/14161700\/Capture-decran-2025-02-14-a-16.14.38-1536x366.png 1536w, https:\/\/villa-arson-assets.ams3.digitaloceanspaces.com\/production\/app\/uploads\/2025\/02\/14161700\/Capture-decran-2025-02-14-a-16.14.38-400x95.png 400w, https:\/\/villa-arson-assets.ams3.digitaloceanspaces.com\/production\/app\/uploads\/2025\/02\/14161700\/Capture-decran-2025-02-14-a-16.14.38-600x143.png 600w, https:\/\/villa-arson-assets.ams3.digitaloceanspaces.com\/production\/app\/uploads\/2025\/02\/14161700\/Capture-decran-2025-02-14-a-16.14.38.png 1920w\" sizes=\"(max-width: 1024px) 100vw, 1024px\" \/><\/a><\/figure>\n\n<p><\/p>\n\n<figure class=\"wp-block-image size-full is-resized\"><a href=\"https:\/\/www.nice.fr\/fr\/\"><img decoding=\"async\" width=\"992\" height=\"730\" src=\"https:\/\/villa-arson-assets.ams3.digitaloceanspaces.com\/production\/app\/uploads\/2025\/02\/14161750\/Capture-decran-2025-02-14-a-16.14.45.png\" alt=\"\" class=\"wp-image-58921\" style=\"width:139px;height:auto\" srcset=\"https:\/\/villa-arson-assets.ams3.digitaloceanspaces.com\/production\/app\/uploads\/2025\/02\/14161750\/Capture-decran-2025-02-14-a-16.14.45.png 992w, https:\/\/villa-arson-assets.ams3.digitaloceanspaces.com\/production\/app\/uploads\/2025\/02\/14161750\/Capture-decran-2025-02-14-a-16.14.45-300x221.png 300w, https:\/\/villa-arson-assets.ams3.digitaloceanspaces.com\/production\/app\/uploads\/2025\/02\/14161750\/Capture-decran-2025-02-14-a-16.14.45-768x565.png 768w, https:\/\/villa-arson-assets.ams3.digitaloceanspaces.com\/production\/app\/uploads\/2025\/02\/14161750\/Capture-decran-2025-02-14-a-16.14.45-394x290.png 394w, https:\/\/villa-arson-assets.ams3.digitaloceanspaces.com\/production\/app\/uploads\/2025\/02\/14161750\/Capture-decran-2025-02-14-a-16.14.45-600x442.png 600w\" sizes=\"(max-width: 992px) 100vw, 992px\" \/><\/a><\/figure>\n\n<p><br \/>Villa Arson is a member of <a href=\"https:\/\/www.botoxs.fr\" target=\"_blank\" rel=\"noreferrer noopener\">Botox(s) &#8211; <\/a><a href=\"http:\/\/www.botoxs.fr\/\" target=\"_blank\" rel=\"noreferrer noopener\">contemporary art network &#8211; Alpes &amp; Riviera<\/a>, Plein Sud &#8211; <a href=\"https:\/\/pleinsud.art\/fr\" target=\"_blank\" rel=\"noreferrer noopener\">visual arts network of the South<\/a>, <a href=\"https:\/\/lecolesdusud.fr\" target=\"_blank\" rel=\"noreferrer noopener\">L&#8217;Ecole(s) du Sud<\/a>, <a href=\"https:\/\/www.dca-art.com\" target=\"_blank\" rel=\"noreferrer noopener\">DCA<\/a> &#8211; French association for the development of art centers, <a href=\"https:\/\/www.andea.fr\" target=\"_blank\" rel=\"noreferrer noopener\">ANdEA<\/a> &#8211; national association of art schools, <a href=\"https:\/\/blamediation.fr\/\" target=\"_blank\" rel=\"noreferrer noopener\">BLA! <\/a>&#8211; national association of contemporary art mediation professionals and the <a href=\"https:\/\/www.elia-artschools.org\" target=\"_blank\" rel=\"noreferrer noopener\">ELIA<\/a> European network.  <br \/><\/p>\n<div class=\"align wp-block-contenu-associe\">\n            <div>\n            <div class=\"acf-innerblocks-container\">\n\n<h3 class=\"wp-block-heading\"><\/h3>\n\n<\/div>\n        <\/div>\n        <div class=\"c-a__container grid flex-row grid-cols-1 sm:grid-cols-2 lg:grid-cols-3 gap-4\">\n                            <div class=\"flex flex-col link-container\" data-href=\"https:\/\/new.villa-arson.fr\/en\/villa-arson\/\">\n                    <a href=\"https:\/\/new.villa-arson.fr\/en\/villa-arson\/\" class=\"contents\">\n                        <div class=\"ratio-16x9\">\n                            <figure><img decoding=\"async\" width=\"382\" height=\"290\" src=\"https:\/\/villa-arson-assets.ams3.digitaloceanspaces.com\/production\/app\/uploads\/2024\/10\/31110519\/Capture-decran-2024-10-31-a-10.15.20-382x290.jpg\" class=\"attachment-post-thumbnail size-post-thumbnail wp-post-image\" alt=\"\" srcset=\"https:\/\/villa-arson-assets.ams3.digitaloceanspaces.com\/production\/app\/uploads\/2024\/10\/31110519\/Capture-decran-2024-10-31-a-10.15.20-382x290.jpg 382w, https:\/\/villa-arson-assets.ams3.digitaloceanspaces.com\/production\/app\/uploads\/2024\/10\/31110519\/Capture-decran-2024-10-31-a-10.15.20-300x228.jpg 300w, https:\/\/villa-arson-assets.ams3.digitaloceanspaces.com\/production\/app\/uploads\/2024\/10\/31110519\/Capture-decran-2024-10-31-a-10.15.20-1024x778.jpg 1024w, https:\/\/villa-arson-assets.ams3.digitaloceanspaces.com\/production\/app\/uploads\/2024\/10\/31110519\/Capture-decran-2024-10-31-a-10.15.20-768x583.jpg 768w, https:\/\/villa-arson-assets.ams3.digitaloceanspaces.com\/production\/app\/uploads\/2024\/10\/31110519\/Capture-decran-2024-10-31-a-10.15.20-600x456.jpg 600w, https:\/\/villa-arson-assets.ams3.digitaloceanspaces.com\/production\/app\/uploads\/2024\/10\/31110519\/Capture-decran-2024-10-31-a-10.15.20.jpg 1169w\" sizes=\"(max-width: 382px) 100vw, 382px\" \/><\/figure>\n                            <div class=\"hover-overlay top-0 left-0 right-0 bottom-0 hidden w-full h-full absolute\"><\/div>\n                        <\/div>\n                        <div class=\"wp-block-button alignleft simple-link\">\n                            <span class=\"wp-block-button__link\">Villa Arson<\/span>\n                        <\/div>\n                    <\/a>\n                <\/div>\n                            <div class=\"flex flex-col link-container\" data-href=\"https:\/\/new.villa-arson.fr\/en\/private-hire\/\">\n                    <a href=\"https:\/\/new.villa-arson.fr\/en\/private-hire\/\" class=\"contents\">\n                        <div class=\"ratio-16x9\">\n                            <figure><img decoding=\"async\" width=\"394\" height=\"290\" src=\"https:\/\/villa-arson-assets.ams3.digitaloceanspaces.com\/production\/app\/uploads\/2025\/02\/04105116\/Capture-decran-2025-02-04-a-10.50.53-394x290.jpg\" class=\"attachment-post-thumbnail size-post-thumbnail wp-post-image\" alt=\"\" srcset=\"https:\/\/villa-arson-assets.ams3.digitaloceanspaces.com\/production\/app\/uploads\/2025\/02\/04105116\/Capture-decran-2025-02-04-a-10.50.53-394x290.jpg 394w, https:\/\/villa-arson-assets.ams3.digitaloceanspaces.com\/production\/app\/uploads\/2025\/02\/04105116\/Capture-decran-2025-02-04-a-10.50.53-300x221.jpg 300w, https:\/\/villa-arson-assets.ams3.digitaloceanspaces.com\/production\/app\/uploads\/2025\/02\/04105116\/Capture-decran-2025-02-04-a-10.50.53-1024x754.jpg 1024w, https:\/\/villa-arson-assets.ams3.digitaloceanspaces.com\/production\/app\/uploads\/2025\/02\/04105116\/Capture-decran-2025-02-04-a-10.50.53-768x565.jpg 768w, https:\/\/villa-arson-assets.ams3.digitaloceanspaces.com\/production\/app\/uploads\/2025\/02\/04105116\/Capture-decran-2025-02-04-a-10.50.53-1536x1130.jpg 1536w, https:\/\/villa-arson-assets.ams3.digitaloceanspaces.com\/production\/app\/uploads\/2025\/02\/04105116\/Capture-decran-2025-02-04-a-10.50.53-600x442.jpg 600w, https:\/\/villa-arson-assets.ams3.digitaloceanspaces.com\/production\/app\/uploads\/2025\/02\/04105116\/Capture-decran-2025-02-04-a-10.50.53.jpg 1920w\" sizes=\"(max-width: 394px) 100vw, 394px\" \/><\/figure>\n                            <div class=\"hover-overlay top-0 left-0 right-0 bottom-0 hidden w-full h-full absolute\"><\/div>\n                        <\/div>\n                        <div class=\"wp-block-button alignleft simple-link\">\n                            <span class=\"wp-block-button__link\">Private Hire<\/span>\n                        <\/div>\n                    <\/a>\n                <\/div>\n                            <div class=\"flex flex-col link-container\" data-href=\"https:\/\/new.villa-arson.fr\/nous-soutenir\/\">\n                    <a href=\"https:\/\/new.villa-arson.fr\/nous-soutenir\/\" class=\"contents\">\n                        <div class=\"ratio-16x9\">\n                            <figure><img decoding=\"async\" width=\"400\" height=\"259\" src=\"https:\/\/villa-arson-assets.ams3.digitaloceanspaces.com\/production\/app\/uploads\/2025\/02\/14164003\/Capture-decran-2025-02-14-a-16.39.37-400x259.jpg\" class=\"attachment-post-thumbnail size-post-thumbnail wp-post-image\" alt=\"\" srcset=\"https:\/\/villa-arson-assets.ams3.digitaloceanspaces.com\/production\/app\/uploads\/2025\/02\/14164003\/Capture-decran-2025-02-14-a-16.39.37-400x259.jpg 400w, https:\/\/villa-arson-assets.ams3.digitaloceanspaces.com\/production\/app\/uploads\/2025\/02\/14164003\/Capture-decran-2025-02-14-a-16.39.37-300x194.jpg 300w, https:\/\/villa-arson-assets.ams3.digitaloceanspaces.com\/production\/app\/uploads\/2025\/02\/14164003\/Capture-decran-2025-02-14-a-16.39.37-1024x663.jpg 1024w, https:\/\/villa-arson-assets.ams3.digitaloceanspaces.com\/production\/app\/uploads\/2025\/02\/14164003\/Capture-decran-2025-02-14-a-16.39.37-768x498.jpg 768w, https:\/\/villa-arson-assets.ams3.digitaloceanspaces.com\/production\/app\/uploads\/2025\/02\/14164003\/Capture-decran-2025-02-14-a-16.39.37-1536x995.jpg 1536w, https:\/\/villa-arson-assets.ams3.digitaloceanspaces.com\/production\/app\/uploads\/2025\/02\/14164003\/Capture-decran-2025-02-14-a-16.39.37-600x389.jpg 600w, https:\/\/villa-arson-assets.ams3.digitaloceanspaces.com\/production\/app\/uploads\/2025\/02\/14164003\/Capture-decran-2025-02-14-a-16.39.37.jpg 1920w\" sizes=\"(max-width: 400px) 100vw, 400px\" \/><\/figure>\n                            <div class=\"hover-overlay top-0 left-0 right-0 bottom-0 hidden w-full h-full absolute\"><\/div>\n                        <\/div>\n                        <div class=\"wp-block-button alignleft simple-link\">\n                            <span class=\"wp-block-button__link\">Nous soutenir<\/span>\n                        <\/div>\n                    <\/a>\n                <\/div>\n                    <\/div>\n    <\/div>\n","protected":false},"excerpt":{"rendered":"<p>partners The Villa Arson is a public institution of the French Ministry of Culture and a legal entity of the Universit\u00e9 C\u00f4te d&#8217;Azur. It is supported by the R\u00e9gion Sud Provence-Alpes-C\u00f4te d&#8217;Azur, the D\u00e9partement des Alpes-Maritimes and the Ville de Nice. Villa Arson is a member of Botox(s) &#8211; contemporary art network &#8211; Alpes &amp; &hellip; <a href=\"https:\/\/new.villa-arson.fr\/en\/villa-arson\/institution\/partners\/\">Continued<\/a><\/p>\n","protected":false},"author":977,"featured_media":58937,"parent":63434,"menu_order":0,"comment_status":"closed","ping_status":"closed","template":"","meta":{"_acf_changed":false,"_relevanssi_hide_post":"","_relevanssi_hide_content":"","_relevanssi_pin_for_all":"","_relevanssi_pin_keywords":"","_relevanssi_unpin_keywords":"","_relevanssi_related_keywords":"","_relevanssi_related_include_ids":"","_relevanssi_related_exclude_ids":"","_relevanssi_related_no_append":"","_relevanssi_related_not_related":"","_relevanssi_related_posts":"","_relevanssi_noindex_reason":"","footnotes":""},"class_list":["post-63869","page","type-page","status-publish","has-post-thumbnail","hentry"],"acf":[],"_links":{"self":[{"href":"https:\/\/new.villa-arson.fr\/en\/wp-json\/wp\/v2\/pages\/63869","targetHints":{"allow":["GET"]}}],"collection":[{"href":"https:\/\/new.villa-arson.fr\/en\/wp-json\/wp\/v2\/pages"}],"about":[{"href":"https:\/\/new.villa-arson.fr\/en\/wp-json\/wp\/v2\/types\/page"}],"author":[{"embeddable":true,"href":"https:\/\/new.villa-arson.fr\/en\/wp-json\/wp\/v2\/users\/977"}],"replies":[{"embeddable":true,"href":"https:\/\/new.villa-arson.fr\/en\/wp-json\/wp\/v2\/comments?post=63869"}],"version-history":[{"count":2,"href":"https:\/\/new.villa-arson.fr\/en\/wp-json\/wp\/v2\/pages\/63869\/revisions"}],"predecessor-version":[{"id":63879,"href":"https:\/\/new.villa-arson.fr\/en\/wp-json\/wp\/v2\/pages\/63869\/revisions\/63879"}],"up":[{"embeddable":true,"href":"https:\/\/new.villa-arson.fr\/en\/wp-json\/wp\/v2\/pages\/63434"}],"wp:featuredmedia":[{"embeddable":true,"href":"https:\/\/new.villa-arson.fr\/en\/wp-json\/wp\/v2\/media\/58937"}],"wp:attachment":[{"href":"https:\/\/new.villa-arson.fr\/en\/wp-json\/wp\/v2\/media?parent=63869"}],"curies":[{"name":"wp","href":"https:\/\/api.w.org\/{rel}","templated":true}]}}