{"id":63493,"date":"2014-11-21T17:13:53","date_gmt":"2014-11-21T16:13:53","guid":{"rendered":"https:\/\/new.villa-arson.fr\/librairie\/la-performance-vie-de-larchive-et-actualite\/"},"modified":"2014-11-21T17:13:53","modified_gmt":"2014-11-21T16:13:53","slug":"la-performance-vie-de-larchive-et-actualite","status":"publish","type":"product","link":"https:\/\/new.villa-arson.fr\/en\/librairie\/la-performance-vie-de-larchive-et-actualite\/","title":{"rendered":"La performance, Vie de l\u2019archive et actualit\u00e9"},"content":{"rendered":"","protected":false},"excerpt":{"rendered":"<p>15 x 21 cm (broch\u00e9) 232 pages (ill. coul. et n&amp;b), fran\u00e7ais<br \/>\nType : Ouvrage th\u00e9orique<br \/>\n\u00e9d. Villa Arson &#8211; les presses du r\u00e9el, 2014<br \/>\nISBN : 978-2-84066-643-1<\/p>\n","protected":false},"featured_media":40696,"comment_status":"closed","ping_status":"closed","template":"","meta":{"_acf_changed":false,"_relevanssi_hide_post":"","_relevanssi_hide_content":"","_relevanssi_pin_for_all":"","_relevanssi_pin_keywords":"","_relevanssi_unpin_keywords":"","_relevanssi_related_keywords":"","_relevanssi_related_include_ids":"","_relevanssi_related_exclude_ids":"","_relevanssi_related_no_append":"","_relevanssi_related_not_related":"","_relevanssi_related_posts":"","_relevanssi_noindex_reason":""},"product_brand":[],"product_cat":[286],"product_tag":[],"class_list":{"0":"post-63493","1":"product","2":"type-product","3":"status-publish","4":"has-post-thumbnail","6":"product_cat-non-classe-en","7":"product_shipping_class-publication","9":"first","10":"instock","11":"purchasable","12":"product-type-simple"},"acf":[],"_links":{"self":[{"href":"https:\/\/new.villa-arson.fr\/en\/wp-json\/wp\/v2\/product\/63493","targetHints":{"allow":["GET"]}}],"collection":[{"href":"https:\/\/new.villa-arson.fr\/en\/wp-json\/wp\/v2\/product"}],"about":[{"href":"https:\/\/new.villa-arson.fr\/en\/wp-json\/wp\/v2\/types\/product"}],"replies":[{"embeddable":true,"href":"https:\/\/new.villa-arson.fr\/en\/wp-json\/wp\/v2\/comments?post=63493"}],"wp:featuredmedia":[{"embeddable":true,"href":"https:\/\/new.villa-arson.fr\/en\/wp-json\/wp\/v2\/media\/40696"}],"wp:attachment":[{"href":"https:\/\/new.villa-arson.fr\/en\/wp-json\/wp\/v2\/media?parent=63493"}],"wp:term":[{"taxonomy":"product_brand","embeddable":true,"href":"https:\/\/new.villa-arson.fr\/en\/wp-json\/wp\/v2\/product_brand?post=63493"},{"taxonomy":"product_cat","embeddable":true,"href":"https:\/\/new.villa-arson.fr\/en\/wp-json\/wp\/v2\/product_cat?post=63493"},{"taxonomy":"product_tag","embeddable":true,"href":"https:\/\/new.villa-arson.fr\/en\/wp-json\/wp\/v2\/product_tag?post=63493"}],"curies":[{"name":"wp","href":"https:\/\/api.w.org\/{rel}","templated":true}]}}