{"id":63512,"date":"2014-11-21T17:12:23","date_gmt":"2014-11-21T16:12:23","guid":{"rendered":"https:\/\/new.villa-arson.fr\/librairie\/faux-raccords-la-coexistence-des-images\/"},"modified":"2014-11-21T17:12:23","modified_gmt":"2014-11-21T16:12:23","slug":"faux-raccords-la-coexistence-des-images","status":"publish","type":"product","link":"https:\/\/new.villa-arson.fr\/en\/librairie\/faux-raccords-la-coexistence-des-images\/","title":{"rendered":"Faux raccords"},"content":{"rendered":"<p>La \u00ab cin\u00e9philosophie \u00bb se d\u00e9cline aujourd&#8217;hui de bien des mani\u00e8res. Trop souvent le cin\u00e9ma, la t\u00e9l\u00e9vision ou l&#8217;art vid\u00e9o s&#8217;y trouvent convoqu\u00e9s pour illustrer des philosoph\u00e8mes scolaires ou audacieux qu&#8217;on aurait pu aussi bien formuler sans eux. Nous reprendrions volontiers ici \u00e0 notre compte le mot de Bergson : ce qui a le plus manqu\u00e9 \u00e0 la philosophie, c&#8217;est la pr\u00e9cision. D&#8217;o\u00f9 le double souci qui oriente ces exercices de cin\u00e9topographie, ou de cin\u00e9topologie : \u00e0 partir de quelques oeuvres choisies pour leur caract\u00e8re embl\u00e9matique (Matrix, 24) ou inactuel (Vertigo), extraire des formes spatio-temporelles singuli\u00e8res, susceptibles de donner lieu \u00e0 un travail d&#8217;ajustage philosophique qui taille r\u00e9ellement \u00ab sur mesure \u00bb.<\/p>\n","protected":false},"excerpt":{"rendered":"<p>La \u00ab cin\u00e9philosophie \u00bb se d\u00e9cline aujourd&#8217;hui de bien des mani\u00e8res. Trop souvent le cin\u00e9ma, la t\u00e9l\u00e9vision ou l&#8217;art vid\u00e9o s&#8217;y trouvent convoqu\u00e9s pour illustrer des philosoph\u00e8mes scolaires ou audacieux qu&#8217;on aurait pu aussi bien formuler sans eux. Nous reprendrions volontiers ici \u00e0 notre compte le mot de Bergson : ce qui a le plus &hellip; <a href=\"https:\/\/new.villa-arson.fr\/en\/librairie\/faux-raccords-la-coexistence-des-images\/\">Continued<\/a><\/p>\n","protected":false},"featured_media":42981,"comment_status":"closed","ping_status":"closed","template":"","meta":{"_acf_changed":false,"_relevanssi_hide_post":"","_relevanssi_hide_content":"","_relevanssi_pin_for_all":"","_relevanssi_pin_keywords":"","_relevanssi_unpin_keywords":"","_relevanssi_related_keywords":"","_relevanssi_related_include_ids":"","_relevanssi_related_exclude_ids":"","_relevanssi_related_no_append":"","_relevanssi_related_not_related":"","_relevanssi_related_posts":"","_relevanssi_noindex_reason":""},"product_brand":[],"product_cat":[286],"product_tag":[],"class_list":{"0":"post-63512","1":"product","2":"type-product","3":"status-publish","4":"has-post-thumbnail","6":"product_cat-non-classe-en","7":"product_shipping_class-publication","9":"first","10":"instock","11":"sale","12":"purchasable","13":"product-type-simple"},"acf":[],"_links":{"self":[{"href":"https:\/\/new.villa-arson.fr\/en\/wp-json\/wp\/v2\/product\/63512","targetHints":{"allow":["GET"]}}],"collection":[{"href":"https:\/\/new.villa-arson.fr\/en\/wp-json\/wp\/v2\/product"}],"about":[{"href":"https:\/\/new.villa-arson.fr\/en\/wp-json\/wp\/v2\/types\/product"}],"replies":[{"embeddable":true,"href":"https:\/\/new.villa-arson.fr\/en\/wp-json\/wp\/v2\/comments?post=63512"}],"wp:featuredmedia":[{"embeddable":true,"href":"https:\/\/new.villa-arson.fr\/en\/wp-json\/wp\/v2\/media\/42981"}],"wp:attachment":[{"href":"https:\/\/new.villa-arson.fr\/en\/wp-json\/wp\/v2\/media?parent=63512"}],"wp:term":[{"taxonomy":"product_brand","embeddable":true,"href":"https:\/\/new.villa-arson.fr\/en\/wp-json\/wp\/v2\/product_brand?post=63512"},{"taxonomy":"product_cat","embeddable":true,"href":"https:\/\/new.villa-arson.fr\/en\/wp-json\/wp\/v2\/product_cat?post=63512"},{"taxonomy":"product_tag","embeddable":true,"href":"https:\/\/new.villa-arson.fr\/en\/wp-json\/wp\/v2\/product_tag?post=63512"}],"curies":[{"name":"wp","href":"https:\/\/api.w.org\/{rel}","templated":true}]}}