{"id":63515,"date":"2014-11-21T17:12:23","date_gmt":"2014-11-21T16:12:23","guid":{"rendered":"https:\/\/new.villa-arson.fr\/librairie\/a-la-vie-deliberee-to-deliberate-life-une-histoire-de-la-performance-sur-la-cote-dazur-de-1951-a-2011-a-history-of-performance-art-on-the-riviera-from-1951-to-2011\/"},"modified":"2014-11-21T17:12:23","modified_gmt":"2014-11-21T16:12:23","slug":"a-la-vie-deliberee-to-deliberate-life-une-histoire-de-la-performance-sur-la-cote-dazur-de-1951-a-2011-a-history-of-performance-art-on-the-riviera-from-1951-to-2011","status":"publish","type":"product","link":"https:\/\/new.villa-arson.fr\/en\/librairie\/a-la-vie-deliberee-to-deliberate-life-une-histoire-de-la-performance-sur-la-cote-dazur-de-1951-a-2011-a-history-of-performance-art-on-the-riviera-from-1951-to-2011\/","title":{"rendered":"\u00c0 La Vie D\u00e9lib\u00e9r\u00e9e ! To Deliberate Life!"},"content":{"rendered":"","protected":false},"excerpt":{"rendered":"<p>136 pages, couverture couleur &#8211; illustration couleur &#8211; noir et blanc, 37,6 x 25 cm, fran\u00e7ais &#8211; anglais<br \/>\nType : Catalogue d&#8217;exposition<br \/>\n\u00e9d. Villa Arson Nice &amp; La Strada St-Laurent-du-Var, 2012<br \/>\nISBN : 978-2-913689-18-3<\/p>\n","protected":false},"featured_media":42379,"comment_status":"closed","ping_status":"closed","template":"","meta":{"_acf_changed":false,"_relevanssi_hide_post":"","_relevanssi_hide_content":"","_relevanssi_pin_for_all":"","_relevanssi_pin_keywords":"","_relevanssi_unpin_keywords":"","_relevanssi_related_keywords":"","_relevanssi_related_include_ids":"","_relevanssi_related_exclude_ids":"","_relevanssi_related_no_append":"","_relevanssi_related_not_related":"","_relevanssi_related_posts":"","_relevanssi_noindex_reason":""},"product_brand":[],"product_cat":[286],"product_tag":[],"class_list":{"0":"post-63515","1":"product","2":"type-product","3":"status-publish","4":"has-post-thumbnail","6":"product_cat-non-classe-en","7":"product_shipping_class-publication","9":"first","10":"instock","11":"purchasable","12":"product-type-simple"},"acf":[],"_links":{"self":[{"href":"https:\/\/new.villa-arson.fr\/en\/wp-json\/wp\/v2\/product\/63515","targetHints":{"allow":["GET"]}}],"collection":[{"href":"https:\/\/new.villa-arson.fr\/en\/wp-json\/wp\/v2\/product"}],"about":[{"href":"https:\/\/new.villa-arson.fr\/en\/wp-json\/wp\/v2\/types\/product"}],"replies":[{"embeddable":true,"href":"https:\/\/new.villa-arson.fr\/en\/wp-json\/wp\/v2\/comments?post=63515"}],"wp:featuredmedia":[{"embeddable":true,"href":"https:\/\/new.villa-arson.fr\/en\/wp-json\/wp\/v2\/media\/42379"}],"wp:attachment":[{"href":"https:\/\/new.villa-arson.fr\/en\/wp-json\/wp\/v2\/media?parent=63515"}],"wp:term":[{"taxonomy":"product_brand","embeddable":true,"href":"https:\/\/new.villa-arson.fr\/en\/wp-json\/wp\/v2\/product_brand?post=63515"},{"taxonomy":"product_cat","embeddable":true,"href":"https:\/\/new.villa-arson.fr\/en\/wp-json\/wp\/v2\/product_cat?post=63515"},{"taxonomy":"product_tag","embeddable":true,"href":"https:\/\/new.villa-arson.fr\/en\/wp-json\/wp\/v2\/product_tag?post=63515"}],"curies":[{"name":"wp","href":"https:\/\/api.w.org\/{rel}","templated":true}]}}