{"id":63517,"date":"2014-11-21T17:12:23","date_gmt":"2014-11-21T16:12:23","guid":{"rendered":"https:\/\/new.villa-arson.fr\/librairie\/roman-ondak-guide\/"},"modified":"2014-11-21T17:12:23","modified_gmt":"2014-11-21T16:12:23","slug":"roman-ondak-guide","status":"publish","type":"product","link":"https:\/\/new.villa-arson.fr\/en\/librairie\/roman-ondak-guide\/","title":{"rendered":"Guide"},"content":{"rendered":"<p>Le livre d&#8217;artiste Roman Ond\u00e1k est une publication li\u00e9e \u00e0 une s\u00e9rie d&#8217;expositions dans trois institutions europ\u00e9ennes, Shaking Horizon au Centre national d&#8217;art contemporain de la Villa Arson \u00e0 Nice (2 juillet &#8211; 17 octobre 2010), Before Waiting Becomes Part of Your Life au Salzburger Kunstverein de Salzburg (23 septembre &#8211; 28 novembre 2010) et Eclipse \u00e0 la Fondazione Galleria Civica de Trento (18 f\u00e9vrier &#8211; 8 mai 2011).<\/p>\n<p>Fort de cette itin\u00e9rance, le travail de Roman Ond\u00e1k est propos\u00e9 comme une s\u00e9rie de nouveaux territoires. \u00c0 la mani\u00e8re d&#8217;un guide touristique, les chapitres du livre s\u00e9quencent le travail de l&#8217;artiste par lieux de production et d&#8217;expositions : Nice, Salzburg et Trento mais aussi Vienne, Berlin, Paris, Wellington, Naples&#8230;, avec les contributions de quinze auteurs.<\/p>\n","protected":false},"excerpt":{"rendered":"<p>Le livre d&#8217;artiste Roman Ond\u00e1k est une publication li\u00e9e \u00e0 une s\u00e9rie d&#8217;expositions dans trois institutions europ\u00e9ennes, Shaking Horizon au Centre national d&#8217;art contemporain de la Villa Arson \u00e0 Nice (2 juillet &#8211; 17 octobre 2010), Before Waiting Becomes Part of Your Life au Salzburger Kunstverein de Salzburg (23 septembre &#8211; 28 novembre 2010) et &hellip; <a href=\"https:\/\/new.villa-arson.fr\/en\/librairie\/roman-ondak-guide\/\">Continued<\/a><\/p>\n","protected":false},"featured_media":42333,"comment_status":"closed","ping_status":"closed","template":"","meta":{"_acf_changed":false,"_relevanssi_hide_post":"","_relevanssi_hide_content":"","_relevanssi_pin_for_all":"","_relevanssi_pin_keywords":"","_relevanssi_unpin_keywords":"","_relevanssi_related_keywords":"","_relevanssi_related_include_ids":"","_relevanssi_related_exclude_ids":"","_relevanssi_related_no_append":"","_relevanssi_related_not_related":"","_relevanssi_related_posts":"","_relevanssi_noindex_reason":""},"product_brand":[],"product_cat":[286],"product_tag":[],"class_list":{"0":"post-63517","1":"product","2":"type-product","3":"status-publish","4":"has-post-thumbnail","6":"product_cat-non-classe-en","7":"product_shipping_class-publication","9":"first","10":"instock","11":"purchasable","12":"product-type-simple"},"acf":[],"_links":{"self":[{"href":"https:\/\/new.villa-arson.fr\/en\/wp-json\/wp\/v2\/product\/63517","targetHints":{"allow":["GET"]}}],"collection":[{"href":"https:\/\/new.villa-arson.fr\/en\/wp-json\/wp\/v2\/product"}],"about":[{"href":"https:\/\/new.villa-arson.fr\/en\/wp-json\/wp\/v2\/types\/product"}],"replies":[{"embeddable":true,"href":"https:\/\/new.villa-arson.fr\/en\/wp-json\/wp\/v2\/comments?post=63517"}],"wp:featuredmedia":[{"embeddable":true,"href":"https:\/\/new.villa-arson.fr\/en\/wp-json\/wp\/v2\/media\/42333"}],"wp:attachment":[{"href":"https:\/\/new.villa-arson.fr\/en\/wp-json\/wp\/v2\/media?parent=63517"}],"wp:term":[{"taxonomy":"product_brand","embeddable":true,"href":"https:\/\/new.villa-arson.fr\/en\/wp-json\/wp\/v2\/product_brand?post=63517"},{"taxonomy":"product_cat","embeddable":true,"href":"https:\/\/new.villa-arson.fr\/en\/wp-json\/wp\/v2\/product_cat?post=63517"},{"taxonomy":"product_tag","embeddable":true,"href":"https:\/\/new.villa-arson.fr\/en\/wp-json\/wp\/v2\/product_tag?post=63517"}],"curies":[{"name":"wp","href":"https:\/\/api.w.org\/{rel}","templated":true}]}}