{"id":63531,"date":"2014-11-21T17:11:14","date_gmt":"2014-11-21T16:11:14","guid":{"rendered":"https:\/\/new.villa-arson.fr\/librairie\/a-moitie-carre-a-moitie-fou\/"},"modified":"2014-11-21T17:11:14","modified_gmt":"2014-11-21T16:11:14","slug":"a-moitie-carre-a-moitie-fou","status":"publish","type":"product","link":"https:\/\/new.villa-arson.fr\/en\/librairie\/a-moitie-carre-a-moitie-fou\/","title":{"rendered":"\u00c0 moiti\u00e9 carr\u00e9 \u00e0 moiti\u00e9 fou"},"content":{"rendered":"","protected":false},"excerpt":{"rendered":"<p>176 pages, illustrations couleur, 17 x 24 cm, version fran\u00e7aise<br \/>\nType : Catalogue d&#8217;exposition<br \/>\n\u00e9d. Villa Arson, Nice &#8211; Les Presses du R\u00e9el, 2007<br \/>\nISBN : 978-2-84066-156-6<\/p>\n","protected":false},"featured_media":44690,"comment_status":"closed","ping_status":"closed","template":"","meta":{"_acf_changed":false,"_relevanssi_hide_post":"","_relevanssi_hide_content":"","_relevanssi_pin_for_all":"","_relevanssi_pin_keywords":"","_relevanssi_unpin_keywords":"","_relevanssi_related_keywords":"","_relevanssi_related_include_ids":"","_relevanssi_related_exclude_ids":"","_relevanssi_related_no_append":"","_relevanssi_related_not_related":"","_relevanssi_related_posts":"","_relevanssi_noindex_reason":""},"product_brand":[],"product_cat":[286],"product_tag":[],"class_list":{"0":"post-63531","1":"product","2":"type-product","3":"status-publish","4":"has-post-thumbnail","6":"product_cat-non-classe-en","7":"product_shipping_class-publication","9":"first","10":"instock","11":"purchasable","12":"product-type-simple"},"acf":[],"_links":{"self":[{"href":"https:\/\/new.villa-arson.fr\/en\/wp-json\/wp\/v2\/product\/63531","targetHints":{"allow":["GET"]}}],"collection":[{"href":"https:\/\/new.villa-arson.fr\/en\/wp-json\/wp\/v2\/product"}],"about":[{"href":"https:\/\/new.villa-arson.fr\/en\/wp-json\/wp\/v2\/types\/product"}],"replies":[{"embeddable":true,"href":"https:\/\/new.villa-arson.fr\/en\/wp-json\/wp\/v2\/comments?post=63531"}],"wp:featuredmedia":[{"embeddable":true,"href":"https:\/\/new.villa-arson.fr\/en\/wp-json\/wp\/v2\/media\/44690"}],"wp:attachment":[{"href":"https:\/\/new.villa-arson.fr\/en\/wp-json\/wp\/v2\/media?parent=63531"}],"wp:term":[{"taxonomy":"product_brand","embeddable":true,"href":"https:\/\/new.villa-arson.fr\/en\/wp-json\/wp\/v2\/product_brand?post=63531"},{"taxonomy":"product_cat","embeddable":true,"href":"https:\/\/new.villa-arson.fr\/en\/wp-json\/wp\/v2\/product_cat?post=63531"},{"taxonomy":"product_tag","embeddable":true,"href":"https:\/\/new.villa-arson.fr\/en\/wp-json\/wp\/v2\/product_tag?post=63531"}],"curies":[{"name":"wp","href":"https:\/\/api.w.org\/{rel}","templated":true}]}}