{"id":63549,"date":"2014-11-21T17:09:56","date_gmt":"2014-11-21T16:09:56","guid":{"rendered":"https:\/\/new.villa-arson.fr\/librairie\/relocation-1-7\/"},"modified":"2014-11-21T17:09:56","modified_gmt":"2014-11-21T16:09:56","slug":"relocation-1-7","status":"publish","type":"product","link":"https:\/\/new.villa-arson.fr\/en\/librairie\/relocation-1-7\/","title":{"rendered":"Re:Location"},"content":{"rendered":"","protected":false},"excerpt":{"rendered":"<p>124 pages, illustrations couleur &#8211; \u00a0noir et blanc, 27 x 18 cm,\u00a0fran\u00e7ais, anglais, allemand, polonais, roumain, slov\u00e8ne<br \/>\nType : Catalogue d&#8217;exposition<br \/>\n\u00e9d. Villa Arson, Nice, Casino Luxembourg &#8211; Forum d&#8217;art contemporain, Centrul International pentru Art\u0103 Contemporan\u0103 &amp; Fundatia ArtStudio, Centrum Sztuki Wsp\u00f3tczesnej \u0141a\u017ania, Gal\u00e9ria J\u00e1na Koniarka, Halle f\u00fcr Kunst, migros museum f\u00fcr gegenwrtskunst, O.K Centrum f\u00fcr Gegenwartskunst, 2004<br \/>\nISBN : 2-919893-48-3<\/p>\n","protected":false},"featured_media":46314,"comment_status":"closed","ping_status":"closed","template":"","meta":{"_acf_changed":false,"_relevanssi_hide_post":"","_relevanssi_hide_content":"","_relevanssi_pin_for_all":"","_relevanssi_pin_keywords":"","_relevanssi_unpin_keywords":"","_relevanssi_related_keywords":"","_relevanssi_related_include_ids":"","_relevanssi_related_exclude_ids":"","_relevanssi_related_no_append":"","_relevanssi_related_not_related":"","_relevanssi_related_posts":"","_relevanssi_noindex_reason":""},"product_brand":[],"product_cat":[286],"product_tag":[],"class_list":{"0":"post-63549","1":"product","2":"type-product","3":"status-publish","4":"has-post-thumbnail","6":"product_cat-non-classe-en","7":"product_shipping_class-publication","9":"first","10":"instock","11":"sale","12":"purchasable","13":"product-type-simple"},"acf":[],"_links":{"self":[{"href":"https:\/\/new.villa-arson.fr\/en\/wp-json\/wp\/v2\/product\/63549","targetHints":{"allow":["GET"]}}],"collection":[{"href":"https:\/\/new.villa-arson.fr\/en\/wp-json\/wp\/v2\/product"}],"about":[{"href":"https:\/\/new.villa-arson.fr\/en\/wp-json\/wp\/v2\/types\/product"}],"replies":[{"embeddable":true,"href":"https:\/\/new.villa-arson.fr\/en\/wp-json\/wp\/v2\/comments?post=63549"}],"wp:featuredmedia":[{"embeddable":true,"href":"https:\/\/new.villa-arson.fr\/en\/wp-json\/wp\/v2\/media\/46314"}],"wp:attachment":[{"href":"https:\/\/new.villa-arson.fr\/en\/wp-json\/wp\/v2\/media?parent=63549"}],"wp:term":[{"taxonomy":"product_brand","embeddable":true,"href":"https:\/\/new.villa-arson.fr\/en\/wp-json\/wp\/v2\/product_brand?post=63549"},{"taxonomy":"product_cat","embeddable":true,"href":"https:\/\/new.villa-arson.fr\/en\/wp-json\/wp\/v2\/product_cat?post=63549"},{"taxonomy":"product_tag","embeddable":true,"href":"https:\/\/new.villa-arson.fr\/en\/wp-json\/wp\/v2\/product_tag?post=63549"}],"curies":[{"name":"wp","href":"https:\/\/api.w.org\/{rel}","templated":true}]}}