{"id":63617,"date":"2014-11-21T17:07:12","date_gmt":"2014-11-21T16:07:12","guid":{"rendered":"https:\/\/new.villa-arson.fr\/librairie\/29-jerome-joy\/"},"modified":"2014-11-21T17:07:12","modified_gmt":"2014-11-21T16:07:12","slug":"29-jerome-joy","status":"publish","type":"product","link":"https:\/\/new.villa-arson.fr\/en\/librairie\/29-jerome-joy\/","title":{"rendered":"J\u00e9r\u00f4me Joy"},"content":{"rendered":"","protected":false},"excerpt":{"rendered":"<p>1 compact disque, pochette cartonn\u00e9e, 12 x 12 cm, dur\u00e9e totale : 15 min. Edit\u00e9 \u00e0 l&#8217;occasion de l&#8217;exposition &#8220;Murs du son&#8221; en 1995. Il constitue le mode unique d&#8217;apparition d&#8217;une oeuvre de J\u00e9r\u00f4me Joy intitul\u00e9e # 29.<br \/>\nType : Disque cd<br \/>\n\u00e9d. Villa Arson, 1995<\/p>\n","protected":false},"featured_media":53199,"comment_status":"closed","ping_status":"closed","template":"","meta":{"_acf_changed":false,"_relevanssi_hide_post":"","_relevanssi_hide_content":"","_relevanssi_pin_for_all":"","_relevanssi_pin_keywords":"","_relevanssi_unpin_keywords":"","_relevanssi_related_keywords":"","_relevanssi_related_include_ids":"","_relevanssi_related_exclude_ids":"","_relevanssi_related_no_append":"","_relevanssi_related_not_related":"","_relevanssi_related_posts":"","_relevanssi_noindex_reason":""},"product_brand":[],"product_cat":[286],"product_tag":[],"class_list":{"0":"post-63617","1":"product","2":"type-product","3":"status-publish","4":"has-post-thumbnail","6":"product_cat-non-classe-en","8":"first","9":"instock","10":"purchasable","11":"product-type-simple"},"acf":[],"_links":{"self":[{"href":"https:\/\/new.villa-arson.fr\/en\/wp-json\/wp\/v2\/product\/63617","targetHints":{"allow":["GET"]}}],"collection":[{"href":"https:\/\/new.villa-arson.fr\/en\/wp-json\/wp\/v2\/product"}],"about":[{"href":"https:\/\/new.villa-arson.fr\/en\/wp-json\/wp\/v2\/types\/product"}],"replies":[{"embeddable":true,"href":"https:\/\/new.villa-arson.fr\/en\/wp-json\/wp\/v2\/comments?post=63617"}],"wp:featuredmedia":[{"embeddable":true,"href":"https:\/\/new.villa-arson.fr\/en\/wp-json\/wp\/v2\/media\/53199"}],"wp:attachment":[{"href":"https:\/\/new.villa-arson.fr\/en\/wp-json\/wp\/v2\/media?parent=63617"}],"wp:term":[{"taxonomy":"product_brand","embeddable":true,"href":"https:\/\/new.villa-arson.fr\/en\/wp-json\/wp\/v2\/product_brand?post=63617"},{"taxonomy":"product_cat","embeddable":true,"href":"https:\/\/new.villa-arson.fr\/en\/wp-json\/wp\/v2\/product_cat?post=63617"},{"taxonomy":"product_tag","embeddable":true,"href":"https:\/\/new.villa-arson.fr\/en\/wp-json\/wp\/v2\/product_tag?post=63617"}],"curies":[{"name":"wp","href":"https:\/\/api.w.org\/{rel}","templated":true}]}}