{"id":63654,"date":"2014-11-21T17:05:38","date_gmt":"2014-11-21T16:05:38","guid":{"rendered":"https:\/\/new.villa-arson.fr\/librairie\/hubert-duprat\/"},"modified":"2014-11-21T17:05:38","modified_gmt":"2014-11-21T16:05:38","slug":"hubert-duprat","status":"publish","type":"product","link":"https:\/\/new.villa-arson.fr\/en\/librairie\/hubert-duprat\/","title":{"rendered":"Hubert Duprat"},"content":{"rendered":"","protected":false},"excerpt":{"rendered":"<p>116 pages, illustrations couleur &#8211; noir et blanc, 26,5 x 21 cm, bilingue fran\u00e7ais &#8211; anglais<br \/>\nType : Ouvrage monographique<br \/>\n\u00e9d. Villa Arson, Nice, H\u00f4tel des arts, Fondation nationale des arts, Paris, Galerie Jean-Fran\u00e7ois Dumont, Bordeaux, La Cri\u00e9e, halle d&#8217;art contemporain, Rennes, 1991<br \/>\nISBN : 2-904047-0108<\/p>\n","protected":false},"featured_media":52361,"comment_status":"closed","ping_status":"closed","template":"","meta":{"_acf_changed":false,"_relevanssi_hide_post":"","_relevanssi_hide_content":"","_relevanssi_pin_for_all":"","_relevanssi_pin_keywords":"","_relevanssi_unpin_keywords":"","_relevanssi_related_keywords":"","_relevanssi_related_include_ids":"","_relevanssi_related_exclude_ids":"","_relevanssi_related_no_append":"","_relevanssi_related_not_related":"","_relevanssi_related_posts":"","_relevanssi_noindex_reason":""},"product_brand":[],"product_cat":[286],"product_tag":[],"class_list":{"0":"post-63654","1":"product","2":"type-product","3":"status-publish","4":"has-post-thumbnail","6":"product_cat-non-classe-en","7":"product_shipping_class-publication","9":"first","10":"instock","11":"sale","12":"purchasable","13":"product-type-simple"},"acf":[],"_links":{"self":[{"href":"https:\/\/new.villa-arson.fr\/en\/wp-json\/wp\/v2\/product\/63654","targetHints":{"allow":["GET"]}}],"collection":[{"href":"https:\/\/new.villa-arson.fr\/en\/wp-json\/wp\/v2\/product"}],"about":[{"href":"https:\/\/new.villa-arson.fr\/en\/wp-json\/wp\/v2\/types\/product"}],"replies":[{"embeddable":true,"href":"https:\/\/new.villa-arson.fr\/en\/wp-json\/wp\/v2\/comments?post=63654"}],"wp:featuredmedia":[{"embeddable":true,"href":"https:\/\/new.villa-arson.fr\/en\/wp-json\/wp\/v2\/media\/52361"}],"wp:attachment":[{"href":"https:\/\/new.villa-arson.fr\/en\/wp-json\/wp\/v2\/media?parent=63654"}],"wp:term":[{"taxonomy":"product_brand","embeddable":true,"href":"https:\/\/new.villa-arson.fr\/en\/wp-json\/wp\/v2\/product_brand?post=63654"},{"taxonomy":"product_cat","embeddable":true,"href":"https:\/\/new.villa-arson.fr\/en\/wp-json\/wp\/v2\/product_cat?post=63654"},{"taxonomy":"product_tag","embeddable":true,"href":"https:\/\/new.villa-arson.fr\/en\/wp-json\/wp\/v2\/product_tag?post=63654"}],"curies":[{"name":"wp","href":"https:\/\/api.w.org\/{rel}","templated":true}]}}