{"id":63686,"date":"2014-11-21T17:03:59","date_gmt":"2014-11-21T16:03:59","guid":{"rendered":"https:\/\/new.villa-arson.fr\/librairie\/man-ray-georges-ribemont-dessaignes\/"},"modified":"2014-11-21T17:03:59","modified_gmt":"2014-11-21T16:03:59","slug":"man-ray-georges-ribemont-dessaignes","status":"publish","type":"product","link":"https:\/\/new.villa-arson.fr\/en\/librairie\/man-ray-georges-ribemont-dessaignes\/","title":{"rendered":"Man Ray"},"content":{"rendered":"","protected":false},"excerpt":{"rendered":"<p>47 pages en ff sous couverture, r\u00e9\u00e9dition du texte paru en 1930 aux \u00e9ditions Gallimard<br \/>\nType : Livre d&#8217;artiste<br \/>\n\u00e9d. Centre National des Arts Plastiques, Minist\u00e8re de la Culture, 1984<br \/>\nISBN : 978-2-905075-05-5<\/p>\n","protected":false},"featured_media":53791,"comment_status":"closed","ping_status":"closed","template":"","meta":{"_acf_changed":false,"_relevanssi_hide_post":"","_relevanssi_hide_content":"","_relevanssi_pin_for_all":"","_relevanssi_pin_keywords":"","_relevanssi_unpin_keywords":"","_relevanssi_related_keywords":"","_relevanssi_related_include_ids":"","_relevanssi_related_exclude_ids":"","_relevanssi_related_no_append":"","_relevanssi_related_not_related":"","_relevanssi_related_posts":"","_relevanssi_noindex_reason":""},"product_brand":[],"product_cat":[286],"product_tag":[],"class_list":{"0":"post-63686","1":"product","2":"type-product","3":"status-publish","4":"has-post-thumbnail","6":"product_cat-non-classe-en","7":"product_shipping_class-publication","9":"first","10":"instock","11":"sale","12":"purchasable","13":"product-type-simple"},"acf":[],"_links":{"self":[{"href":"https:\/\/new.villa-arson.fr\/en\/wp-json\/wp\/v2\/product\/63686","targetHints":{"allow":["GET"]}}],"collection":[{"href":"https:\/\/new.villa-arson.fr\/en\/wp-json\/wp\/v2\/product"}],"about":[{"href":"https:\/\/new.villa-arson.fr\/en\/wp-json\/wp\/v2\/types\/product"}],"replies":[{"embeddable":true,"href":"https:\/\/new.villa-arson.fr\/en\/wp-json\/wp\/v2\/comments?post=63686"}],"wp:featuredmedia":[{"embeddable":true,"href":"https:\/\/new.villa-arson.fr\/en\/wp-json\/wp\/v2\/media\/53791"}],"wp:attachment":[{"href":"https:\/\/new.villa-arson.fr\/en\/wp-json\/wp\/v2\/media?parent=63686"}],"wp:term":[{"taxonomy":"product_brand","embeddable":true,"href":"https:\/\/new.villa-arson.fr\/en\/wp-json\/wp\/v2\/product_brand?post=63686"},{"taxonomy":"product_cat","embeddable":true,"href":"https:\/\/new.villa-arson.fr\/en\/wp-json\/wp\/v2\/product_cat?post=63686"},{"taxonomy":"product_tag","embeddable":true,"href":"https:\/\/new.villa-arson.fr\/en\/wp-json\/wp\/v2\/product_tag?post=63686"}],"curies":[{"name":"wp","href":"https:\/\/api.w.org\/{rel}","templated":true}]}}